{"id":4921,"date":"2023-10-11T10:50:22","date_gmt":"2023-10-11T08:50:22","guid":{"rendered":"http:\/\/barbry.esy.es\/?page_id=4921"},"modified":"2024-06-28T19:35:34","modified_gmt":"2024-06-28T17:35:34","slug":"modification-simplifiee-du-plu-2023","status":"publish","type":"page","link":"https:\/\/www.haverskerque.fr\/index.php\/modification-simplifiee-du-plu-2023\/","title":{"rendered":"Modification simplifi\u00e9e du PLU 2023"},"content":{"rendered":"\n<figure class=\"wp-block-image size-full is-resized\"><img loading=\"lazy\" decoding=\"async\" width=\"593\" height=\"45\" src=\"https:\/\/haverskerque.fr\/wp-content\/uploads\/2023\/02\/bandeblanche.jpg\" alt=\"\" class=\"wp-image-381\" style=\"width:593px;height:auto\" srcset=\"https:\/\/www.haverskerque.fr\/wp-content\/uploads\/2023\/02\/bandeblanche.jpg 593w, https:\/\/www.haverskerque.fr\/wp-content\/uploads\/2023\/02\/bandeblanche-300x23.jpg 300w\" sizes=\"auto, (max-width: 593px) 100vw, 593px\" \/><\/figure>\n\n\n\n<div class=\"wp-block-file\"><a id=\"wp-block-file--media-8352c096-eba7-47e7-b135-16c1c5c76ad3\" href=\"https:\/\/haverskerque.fr\/wp-content\/uploads\/2023\/10\/Modification-simplifiee-n\u00b0-1-du-PLU-dHaverskerque.pdf\" target=\"_blank\" rel=\"noreferrer noopener\">Modification simplifi\u00e9e n\u00b0 1 du PLU d\u2019Haverskerque<\/a><a href=\"https:\/\/haverskerque.fr\/wp-content\/uploads\/2023\/10\/Modification-simplifiee-n\u00b0-1-du-PLU-dHaverskerque.pdf\" class=\"wp-block-file__button wp-element-button\" download aria-describedby=\"wp-block-file--media-8352c096-eba7-47e7-b135-16c1c5c76ad3\">T\u00e9l\u00e9charger<\/a><\/div>\n\n\n\n<div class=\"wp-block-file\"><a id=\"wp-block-file--media-a45c1f20-7c1f-49ab-996f-92b539ba84e0\" href=\"https:\/\/haverskerque.fr\/wp-content\/uploads\/2023\/10\/Notice-explicative-PLU-modifie-n\u00b01.pdf\" target=\"_blank\" rel=\"noreferrer noopener\">Notice explicative PLU modifi\u00e9 n\u00b01<\/a><a href=\"https:\/\/haverskerque.fr\/wp-content\/uploads\/2023\/10\/Notice-explicative-PLU-modifie-n\u00b01.pdf\" class=\"wp-block-file__button wp-element-button\" download aria-describedby=\"wp-block-file--media-a45c1f20-7c1f-49ab-996f-92b539ba84e0\">T\u00e9l\u00e9charger<\/a><\/div>\n\n\n\n<div class=\"wp-block-file\"><a id=\"wp-block-file--media-73222904-6c14-4b00-b583-4d6a8fa5c2a1\" href=\"https:\/\/haverskerque.fr\/wp-content\/uploads\/2023\/10\/Orientations-damenagement-et-de-programmation-modif-PLU-2023.pdf\" target=\"_blank\" rel=\"noreferrer noopener\">Orientations d\u2019am\u00e9nagement et de programmation (modif PLU 2023)<\/a><a href=\"https:\/\/haverskerque.fr\/wp-content\/uploads\/2023\/10\/Orientations-damenagement-et-de-programmation-modif-PLU-2023.pdf\" class=\"wp-block-file__button wp-element-button\" download aria-describedby=\"wp-block-file--media-73222904-6c14-4b00-b583-4d6a8fa5c2a1\">T\u00e9l\u00e9charger<\/a><\/div>\n\n\n\n<div class=\"wp-block-file\"><a id=\"wp-block-file--media-9040af6b-e579-4a82-b6e1-5f89a7296a15\" href=\"https:\/\/haverskerque.fr\/wp-content\/uploads\/2023\/10\/Plan-PLU-modifie-n\u00b01.pdf\" target=\"_blank\" rel=\"noreferrer noopener\">Plan PLU modifi\u00e9 n\u00b01<\/a><a href=\"https:\/\/haverskerque.fr\/wp-content\/uploads\/2023\/10\/Plan-PLU-modifie-n\u00b01.pdf\" class=\"wp-block-file__button wp-element-button\" download aria-describedby=\"wp-block-file--media-9040af6b-e579-4a82-b6e1-5f89a7296a15\">T\u00e9l\u00e9charger<\/a><\/div>\n\n\n\n<div class=\"wp-block-file\"><a id=\"wp-block-file--media-01a8e974-da03-48d6-842d-6e46adcf40fd\" href=\"https:\/\/haverskerque.fr\/wp-content\/uploads\/2023\/10\/PPA-PLU-modifie-n\u00b01.pdf\" target=\"_blank\" rel=\"noreferrer noopener\">PPA PLU modifi\u00e9 n\u00b01<\/a><a href=\"https:\/\/haverskerque.fr\/wp-content\/uploads\/2023\/10\/PPA-PLU-modifie-n\u00b01.pdf\" class=\"wp-block-file__button wp-element-button\" download aria-describedby=\"wp-block-file--media-01a8e974-da03-48d6-842d-6e46adcf40fd\">T\u00e9l\u00e9charger<\/a><\/div>\n\n\n\n<div class=\"wp-block-file\"><a id=\"wp-block-file--media-ba4c033b-567e-4a6e-a300-f4a84f9f28da\" href=\"https:\/\/haverskerque.fr\/wp-content\/uploads\/2023\/10\/Zonage-modif-PLU-mars-2023.pdf\" target=\"_blank\" rel=\"noreferrer noopener\">Zonage (modif PLU mars 2023)<\/a><a href=\"https:\/\/haverskerque.fr\/wp-content\/uploads\/2023\/10\/Zonage-modif-PLU-mars-2023.pdf\" class=\"wp-block-file__button wp-element-button\" download aria-describedby=\"wp-block-file--media-ba4c033b-567e-4a6e-a300-f4a84f9f28da\">T\u00e9l\u00e9charger<\/a><\/div>\n\n\n\n<div class=\"wp-block-file\"><a id=\"wp-block-file--media-e06da36b-92d4-4502-b5cc-1fd8af03af67\" href=\"https:\/\/haverskerque.fr\/wp-content\/uploads\/2023\/10\/Approbation-de-la-revision-simplifiee-n\u00b01-du-PLU.pdf\" target=\"_blank\" rel=\"noreferrer noopener\">Approbation de la r\u00e9vision simplifi\u00e9e n\u00b01 du PLU<\/a><a href=\"https:\/\/haverskerque.fr\/wp-content\/uploads\/2023\/10\/Approbation-de-la-revision-simplifiee-n\u00b01-du-PLU.pdf\" class=\"wp-block-file__button wp-element-button\" download aria-describedby=\"wp-block-file--media-e06da36b-92d4-4502-b5cc-1fd8af03af67\">T\u00e9l\u00e9charger<\/a><\/div>\n","protected":false},"excerpt":{"rendered":"<p>Modification simplifi\u00e9e n\u00b0 1 du PLU d\u2019HaverskerqueT\u00e9l\u00e9charger Notice explicative PLU modifi\u00e9 n\u00b01T\u00e9l\u00e9charger Orientations d\u2019am\u00e9nagement et de programmation (modif PLU 2023)T\u00e9l\u00e9charger Plan PLU modifi\u00e9 n\u00b01T\u00e9l\u00e9charger PPA PLU modifi\u00e9 n\u00b01T\u00e9l\u00e9charger Zonage (modif PLU mars 2023)T\u00e9l\u00e9charger Approbation de la r\u00e9vision simplifi\u00e9e n\u00b01 du PLUT\u00e9l\u00e9charger<\/p>\n","protected":false},"author":1,"featured_media":0,"parent":0,"menu_order":0,"comment_status":"closed","ping_status":"closed","template":"","meta":{"cybocfi_hide_featured_image":"","footnotes":""},"class_list":["post-4921","page","type-page","status-publish","hentry"],"yoast_head":"<!-- This site is optimized with the Yoast SEO plugin v27.5 - https:\/\/yoast.com\/product\/yoast-seo-wordpress\/ -->\n<title>Modification simplifi\u00e9e du PLU 2023 * Haverskerque, 100% Nature !*<\/title>\n<meta name=\"robots\" content=\"index, follow, max-snippet:-1, max-image-preview:large, max-video-preview:-1\" \/>\n<link rel=\"canonical\" href=\"https:\/\/www.haverskerque.fr\/index.php\/modification-simplifiee-du-plu-2023\/\" \/>\n<meta property=\"og:locale\" content=\"fr_FR\" \/>\n<meta property=\"og:type\" content=\"article\" \/>\n<meta property=\"og:title\" content=\"Modification simplifi\u00e9e du PLU 2023 * Haverskerque, 100% Nature !*\" \/>\n<meta property=\"og:description\" content=\"Modification simplifi\u00e9e n\u00b0 1 du PLU d\u2019HaverskerqueT\u00e9l\u00e9charger Notice explicative PLU modifi\u00e9 n\u00b01T\u00e9l\u00e9charger Orientations d\u2019am\u00e9nagement et de programmation (modif PLU 2023)T\u00e9l\u00e9charger Plan PLU modifi\u00e9 n\u00b01T\u00e9l\u00e9charger PPA PLU modifi\u00e9 n\u00b01T\u00e9l\u00e9charger Zonage (modif PLU mars 2023)T\u00e9l\u00e9charger Approbation de la r\u00e9vision simplifi\u00e9e n\u00b01 du PLUT\u00e9l\u00e9charger\" \/>\n<meta property=\"og:url\" content=\"https:\/\/www.haverskerque.fr\/index.php\/modification-simplifiee-du-plu-2023\/\" \/>\n<meta property=\"og:site_name\" content=\"Haverskerque, 100% Nature !*\" \/>\n<meta property=\"article:publisher\" content=\"https:\/\/www.facebook.com\/communehaverskerque\" \/>\n<meta property=\"article:modified_time\" content=\"2024-06-28T17:35:34+00:00\" \/>\n<meta property=\"og:image\" content=\"https:\/\/haverskerque.fr\/wp-content\/uploads\/2023\/02\/bandeblanche.jpg\" \/>\n<meta name=\"twitter:card\" content=\"summary_large_image\" \/>\n<meta name=\"twitter:label1\" content=\"Dur\u00e9e de lecture estim\u00e9e\" \/>\n\t<meta name=\"twitter:data1\" content=\"1 minute\" \/>\n<script type=\"application\/ld+json\" class=\"yoast-schema-graph\">{\"@context\":\"https:\\\/\\\/schema.org\",\"@graph\":[{\"@type\":\"WebPage\",\"@id\":\"https:\\\/\\\/www.haverskerque.fr\\\/index.php\\\/modification-simplifiee-du-plu-2023\\\/\",\"url\":\"https:\\\/\\\/www.haverskerque.fr\\\/index.php\\\/modification-simplifiee-du-plu-2023\\\/\",\"name\":\"Modification simplifi\u00e9e du PLU 2023 * Haverskerque, 100% Nature !*\",\"isPartOf\":{\"@id\":\"https:\\\/\\\/haverskerque.fr\\\/#website\"},\"primaryImageOfPage\":{\"@id\":\"https:\\\/\\\/www.haverskerque.fr\\\/index.php\\\/modification-simplifiee-du-plu-2023\\\/#primaryimage\"},\"image\":{\"@id\":\"https:\\\/\\\/www.haverskerque.fr\\\/index.php\\\/modification-simplifiee-du-plu-2023\\\/#primaryimage\"},\"thumbnailUrl\":\"https:\\\/\\\/haverskerque.fr\\\/wp-content\\\/uploads\\\/2023\\\/02\\\/bandeblanche.jpg\",\"datePublished\":\"2023-10-11T08:50:22+00:00\",\"dateModified\":\"2024-06-28T17:35:34+00:00\",\"breadcrumb\":{\"@id\":\"https:\\\/\\\/www.haverskerque.fr\\\/index.php\\\/modification-simplifiee-du-plu-2023\\\/#breadcrumb\"},\"inLanguage\":\"fr-FR\",\"potentialAction\":[{\"@type\":\"ReadAction\",\"target\":[\"https:\\\/\\\/www.haverskerque.fr\\\/index.php\\\/modification-simplifiee-du-plu-2023\\\/\"]}]},{\"@type\":\"ImageObject\",\"inLanguage\":\"fr-FR\",\"@id\":\"https:\\\/\\\/www.haverskerque.fr\\\/index.php\\\/modification-simplifiee-du-plu-2023\\\/#primaryimage\",\"url\":\"https:\\\/\\\/haverskerque.fr\\\/wp-content\\\/uploads\\\/2023\\\/02\\\/bandeblanche.jpg\",\"contentUrl\":\"https:\\\/\\\/haverskerque.fr\\\/wp-content\\\/uploads\\\/2023\\\/02\\\/bandeblanche.jpg\"},{\"@type\":\"BreadcrumbList\",\"@id\":\"https:\\\/\\\/www.haverskerque.fr\\\/index.php\\\/modification-simplifiee-du-plu-2023\\\/#breadcrumb\",\"itemListElement\":[{\"@type\":\"ListItem\",\"position\":1,\"name\":\"Accueil\",\"item\":\"https:\\\/\\\/www.haverskerque.fr\\\/\"},{\"@type\":\"ListItem\",\"position\":2,\"name\":\"Modification simplifi\u00e9e du PLU 2023\"}]},{\"@type\":\"WebSite\",\"@id\":\"https:\\\/\\\/haverskerque.fr\\\/#website\",\"url\":\"https:\\\/\\\/haverskerque.fr\\\/\",\"name\":\"Haverskerque\",\"description\":\"Haverskerque, 100% Nature !\",\"publisher\":{\"@id\":\"https:\\\/\\\/haverskerque.fr\\\/#organization\"},\"alternateName\":\"Haverskerque\",\"potentialAction\":[{\"@type\":\"SearchAction\",\"target\":{\"@type\":\"EntryPoint\",\"urlTemplate\":\"https:\\\/\\\/haverskerque.fr\\\/?s={search_term_string}\"},\"query-input\":{\"@type\":\"PropertyValueSpecification\",\"valueRequired\":true,\"valueName\":\"search_term_string\"}}],\"inLanguage\":\"fr-FR\"},{\"@type\":\"Organization\",\"@id\":\"https:\\\/\\\/haverskerque.fr\\\/#organization\",\"name\":\"Commune d'Haverskerque\",\"alternateName\":\"Commune d'Haverskerque\",\"url\":\"https:\\\/\\\/haverskerque.fr\\\/\",\"logo\":{\"@type\":\"ImageObject\",\"inLanguage\":\"fr-FR\",\"@id\":\"https:\\\/\\\/haverskerque.fr\\\/#\\\/schema\\\/logo\\\/image\\\/\",\"url\":\"https:\\\/\\\/haverskerque.fr\\\/wp-content\\\/uploads\\\/2024\\\/01\\\/siteon0-e5814-1.png\",\"contentUrl\":\"https:\\\/\\\/haverskerque.fr\\\/wp-content\\\/uploads\\\/2024\\\/01\\\/siteon0-e5814-1.png\",\"width\":236,\"height\":102,\"caption\":\"Commune d'Haverskerque\"},\"image\":{\"@id\":\"https:\\\/\\\/haverskerque.fr\\\/#\\\/schema\\\/logo\\\/image\\\/\"},\"sameAs\":[\"https:\\\/\\\/www.facebook.com\\\/communehaverskerque\",\"https:\\\/\\\/www.instagram.com\\\/communehaverskerque\\\/\"]}]}<\/script>\n<!-- \/ Yoast SEO plugin. -->","yoast_head_json":{"title":"Modification simplifi\u00e9e du PLU 2023 * Haverskerque, 100% Nature !*","robots":{"index":"index","follow":"follow","max-snippet":"max-snippet:-1","max-image-preview":"max-image-preview:large","max-video-preview":"max-video-preview:-1"},"canonical":"https:\/\/www.haverskerque.fr\/index.php\/modification-simplifiee-du-plu-2023\/","og_locale":"fr_FR","og_type":"article","og_title":"Modification simplifi\u00e9e du PLU 2023 * Haverskerque, 100% Nature !*","og_description":"Modification simplifi\u00e9e n\u00b0 1 du PLU d\u2019HaverskerqueT\u00e9l\u00e9charger Notice explicative PLU modifi\u00e9 n\u00b01T\u00e9l\u00e9charger Orientations d\u2019am\u00e9nagement et de programmation (modif PLU 2023)T\u00e9l\u00e9charger Plan PLU modifi\u00e9 n\u00b01T\u00e9l\u00e9charger PPA PLU modifi\u00e9 n\u00b01T\u00e9l\u00e9charger Zonage (modif PLU mars 2023)T\u00e9l\u00e9charger Approbation de la r\u00e9vision simplifi\u00e9e n\u00b01 du PLUT\u00e9l\u00e9charger","og_url":"https:\/\/www.haverskerque.fr\/index.php\/modification-simplifiee-du-plu-2023\/","og_site_name":"Haverskerque, 100% Nature !*","article_publisher":"https:\/\/www.facebook.com\/communehaverskerque","article_modified_time":"2024-06-28T17:35:34+00:00","og_image":[{"url":"https:\/\/haverskerque.fr\/wp-content\/uploads\/2023\/02\/bandeblanche.jpg","type":"","width":"","height":""}],"twitter_card":"summary_large_image","twitter_misc":{"Dur\u00e9e de lecture estim\u00e9e":"1 minute"},"schema":{"@context":"https:\/\/schema.org","@graph":[{"@type":"WebPage","@id":"https:\/\/www.haverskerque.fr\/index.php\/modification-simplifiee-du-plu-2023\/","url":"https:\/\/www.haverskerque.fr\/index.php\/modification-simplifiee-du-plu-2023\/","name":"Modification simplifi\u00e9e du PLU 2023 * Haverskerque, 100% Nature !*","isPartOf":{"@id":"https:\/\/haverskerque.fr\/#website"},"primaryImageOfPage":{"@id":"https:\/\/www.haverskerque.fr\/index.php\/modification-simplifiee-du-plu-2023\/#primaryimage"},"image":{"@id":"https:\/\/www.haverskerque.fr\/index.php\/modification-simplifiee-du-plu-2023\/#primaryimage"},"thumbnailUrl":"https:\/\/haverskerque.fr\/wp-content\/uploads\/2023\/02\/bandeblanche.jpg","datePublished":"2023-10-11T08:50:22+00:00","dateModified":"2024-06-28T17:35:34+00:00","breadcrumb":{"@id":"https:\/\/www.haverskerque.fr\/index.php\/modification-simplifiee-du-plu-2023\/#breadcrumb"},"inLanguage":"fr-FR","potentialAction":[{"@type":"ReadAction","target":["https:\/\/www.haverskerque.fr\/index.php\/modification-simplifiee-du-plu-2023\/"]}]},{"@type":"ImageObject","inLanguage":"fr-FR","@id":"https:\/\/www.haverskerque.fr\/index.php\/modification-simplifiee-du-plu-2023\/#primaryimage","url":"https:\/\/haverskerque.fr\/wp-content\/uploads\/2023\/02\/bandeblanche.jpg","contentUrl":"https:\/\/haverskerque.fr\/wp-content\/uploads\/2023\/02\/bandeblanche.jpg"},{"@type":"BreadcrumbList","@id":"https:\/\/www.haverskerque.fr\/index.php\/modification-simplifiee-du-plu-2023\/#breadcrumb","itemListElement":[{"@type":"ListItem","position":1,"name":"Accueil","item":"https:\/\/www.haverskerque.fr\/"},{"@type":"ListItem","position":2,"name":"Modification simplifi\u00e9e du PLU 2023"}]},{"@type":"WebSite","@id":"https:\/\/haverskerque.fr\/#website","url":"https:\/\/haverskerque.fr\/","name":"Haverskerque","description":"Haverskerque, 100% Nature !","publisher":{"@id":"https:\/\/haverskerque.fr\/#organization"},"alternateName":"Haverskerque","potentialAction":[{"@type":"SearchAction","target":{"@type":"EntryPoint","urlTemplate":"https:\/\/haverskerque.fr\/?s={search_term_string}"},"query-input":{"@type":"PropertyValueSpecification","valueRequired":true,"valueName":"search_term_string"}}],"inLanguage":"fr-FR"},{"@type":"Organization","@id":"https:\/\/haverskerque.fr\/#organization","name":"Commune d'Haverskerque","alternateName":"Commune d'Haverskerque","url":"https:\/\/haverskerque.fr\/","logo":{"@type":"ImageObject","inLanguage":"fr-FR","@id":"https:\/\/haverskerque.fr\/#\/schema\/logo\/image\/","url":"https:\/\/haverskerque.fr\/wp-content\/uploads\/2024\/01\/siteon0-e5814-1.png","contentUrl":"https:\/\/haverskerque.fr\/wp-content\/uploads\/2024\/01\/siteon0-e5814-1.png","width":236,"height":102,"caption":"Commune d'Haverskerque"},"image":{"@id":"https:\/\/haverskerque.fr\/#\/schema\/logo\/image\/"},"sameAs":["https:\/\/www.facebook.com\/communehaverskerque","https:\/\/www.instagram.com\/communehaverskerque\/"]}]}},"_links":{"self":[{"href":"https:\/\/www.haverskerque.fr\/index.php\/wp-json\/wp\/v2\/pages\/4921","targetHints":{"allow":["GET"]}}],"collection":[{"href":"https:\/\/www.haverskerque.fr\/index.php\/wp-json\/wp\/v2\/pages"}],"about":[{"href":"https:\/\/www.haverskerque.fr\/index.php\/wp-json\/wp\/v2\/types\/page"}],"author":[{"embeddable":true,"href":"https:\/\/www.haverskerque.fr\/index.php\/wp-json\/wp\/v2\/users\/1"}],"replies":[{"embeddable":true,"href":"https:\/\/www.haverskerque.fr\/index.php\/wp-json\/wp\/v2\/comments?post=4921"}],"version-history":[{"count":12,"href":"https:\/\/www.haverskerque.fr\/index.php\/wp-json\/wp\/v2\/pages\/4921\/revisions"}],"predecessor-version":[{"id":8163,"href":"https:\/\/www.haverskerque.fr\/index.php\/wp-json\/wp\/v2\/pages\/4921\/revisions\/8163"}],"wp:attachment":[{"href":"https:\/\/www.haverskerque.fr\/index.php\/wp-json\/wp\/v2\/media?parent=4921"}],"curies":[{"name":"wp","href":"https:\/\/api.w.org\/{rel}","templated":true}]}}