{"id":4680,"date":"2023-07-28T12:14:08","date_gmt":"2023-07-28T10:14:08","guid":{"rendered":"http:\/\/barbry.esy.es\/?page_id=4680"},"modified":"2025-09-29T14:44:11","modified_gmt":"2025-09-29T12:44:11","slug":"chasse-aux-tresors","status":"publish","type":"page","link":"https:\/\/www.haverskerque.fr\/index.php\/chasse-aux-tresors\/","title":{"rendered":"Chasse aux tr\u00e9sors"},"content":{"rendered":"<div class=\"wp-block-image\">\n<figure class=\"aligncenter size-large is-resized\"><img loading=\"lazy\" decoding=\"async\" width=\"1024\" height=\"576\" src=\"https:\/\/www.haverskerque.fr\/wp-content\/uploads\/2025\/09\/Chasse-aux-tresors-1024x576.png\" alt=\"\" class=\"wp-image-9700\" style=\"object-fit:cover;width:700px;height:393px\" srcset=\"https:\/\/www.haverskerque.fr\/wp-content\/uploads\/2025\/09\/Chasse-aux-tresors-1024x576.png 1024w, https:\/\/www.haverskerque.fr\/wp-content\/uploads\/2025\/09\/Chasse-aux-tresors-300x169.png 300w, https:\/\/www.haverskerque.fr\/wp-content\/uploads\/2025\/09\/Chasse-aux-tresors-768x432.png 768w, https:\/\/www.haverskerque.fr\/wp-content\/uploads\/2025\/09\/Chasse-aux-tresors-1536x864.png 1536w, https:\/\/www.haverskerque.fr\/wp-content\/uploads\/2025\/09\/Chasse-aux-tresors-1140x641.png 1140w, https:\/\/www.haverskerque.fr\/wp-content\/uploads\/2025\/09\/Chasse-aux-tresors.png 1920w\" sizes=\"auto, (max-width: 1024px) 100vw, 1024px\" \/><\/figure>\n<\/div>\n\n\n<figure class=\"wp-block-image size-full\"><img loading=\"lazy\" decoding=\"async\" width=\"593\" height=\"45\" src=\"https:\/\/haverskerque.fr\/wp-content\/uploads\/2023\/02\/bandeblanche.jpg\" alt=\"\" class=\"wp-image-381\" srcset=\"https:\/\/www.haverskerque.fr\/wp-content\/uploads\/2023\/02\/bandeblanche.jpg 593w, https:\/\/www.haverskerque.fr\/wp-content\/uploads\/2023\/02\/bandeblanche-300x23.jpg 300w\" sizes=\"auto, (max-width: 593px) 100vw, 593px\" \/><\/figure>\n\n\n\n<p><mark style=\"background-color:rgba(0, 0, 0, 0);color:#00a018\" class=\"has-inline-color\">|<\/mark> <em>\u00c0 partir du 1er mai 2025, d\u00e9couvrez la chasse aux tr\u00e9sors Totemus intitul\u00e9e \u00ab\u00a0Haverskerque, L\u00e9gendes et Histoire au fil de la Lys\u00a0\u00bb !<\/em><\/p>\n\n\n\n<figure class=\"wp-block-image size-full\"><img loading=\"lazy\" decoding=\"async\" width=\"593\" height=\"45\" src=\"https:\/\/haverskerque.fr\/wp-content\/uploads\/2023\/02\/bandeblanche.jpg\" alt=\"\" class=\"wp-image-381\" srcset=\"https:\/\/www.haverskerque.fr\/wp-content\/uploads\/2023\/02\/bandeblanche.jpg 593w, https:\/\/www.haverskerque.fr\/wp-content\/uploads\/2023\/02\/bandeblanche-300x23.jpg 300w\" sizes=\"auto, (max-width: 593px) 100vw, 593px\" \/><\/figure>\n\n\n\n<p>Muni de votre smartphone, partez en randonn\u00e9e sur les bords de Lys pour r\u00e9pondre \u00e0 des \u00e9nigmes et d\u00e9couvrir l&rsquo;histoire secr\u00e8te du village.<\/p>\n\n\n\n<p>Pour r\u00e9aliser la chasse aux tr\u00e9sors, il suffit de t\u00e9l\u00e9charger l&rsquo;application Totemus sur <strong><a href=\"https:\/\/apps.apple.com\/fr\/app\/totemus\/id1496178920\" target=\"_blank\" rel=\"noreferrer noopener\">Apple Store<\/a><\/strong> ou <strong><a href=\"https:\/\/play.google.com\/store\/apps\/details?id=be.noomia.totemus&amp;hl=fr\" target=\"_blank\" rel=\"noreferrer noopener\">Google Play<\/a><\/strong>, de cr\u00e9er votre compte (c&rsquo;est gratuit) et c&rsquo;est parti !<\/p>\n\n\n\n<p>Choisissez ensuite la chasse que vous souhaitez r\u00e9aliser et vous laisser guider. Plusieurs parcours sont d\u00e9j\u00e0 accessibles sur le territoire Flandre Lys.<\/p>\n\n\n\n<figure class=\"wp-block-image size-full\"><img loading=\"lazy\" decoding=\"async\" width=\"593\" height=\"45\" src=\"https:\/\/haverskerque.fr\/wp-content\/uploads\/2023\/02\/bandeblanche.jpg\" alt=\"\" class=\"wp-image-381\" srcset=\"https:\/\/www.haverskerque.fr\/wp-content\/uploads\/2023\/02\/bandeblanche.jpg 593w, https:\/\/www.haverskerque.fr\/wp-content\/uploads\/2023\/02\/bandeblanche-300x23.jpg 300w\" sizes=\"auto, (max-width: 593px) 100vw, 593px\" \/><\/figure>\n\n\n\n<p><em>Financ\u00e9 par la <strong><a href=\"https:\/\/www.cc-flandrelys.fr\/\" target=\"_blank\" rel=\"noreferrer noopener\">Communaut\u00e9 de communes Flandre Lys<\/a><\/strong>, en partenariat avec le Conseil D\u00e9partemental du Nord dans le cadre du dispositif Office de Tourisme du Futur et avec le Conseil R\u00e9gional Hauts-de-France via le dispositif Priorit\u00e9s R\u00e9gionales d&rsquo;Investissement Touristique<\/em>.<\/p>\n","protected":false},"excerpt":{"rendered":"<p>| \u00c0 partir du 1er mai 2025, d\u00e9couvrez la chasse aux tr\u00e9sors Totemus intitul\u00e9e \u00ab\u00a0Haverskerque, L\u00e9gendes et Histoire au fil de la Lys\u00a0\u00bb ! Muni de votre smartphone, partez en randonn\u00e9e sur les bords de Lys pour r\u00e9pondre \u00e0 des \u00e9nigmes et d\u00e9couvrir l&rsquo;histoire secr\u00e8te du village. Pour r\u00e9aliser la chasse aux tr\u00e9sors, il suffit de t\u00e9l\u00e9charger l&rsquo;application Totemus sur Apple Store ou Google Play, de cr\u00e9er votre compte (c&rsquo;est gratuit) et c&rsquo;est parti ! Choisissez ensuite la chasse que vous souhaitez r\u00e9aliser et vous laisser guider. Plusieurs parcours sont d\u00e9j\u00e0 accessibles sur le territoire Flandre Lys. Financ\u00e9 par la Communaut\u00e9 de communes Flandre Lys, en partenariat avec le Conseil D\u00e9partemental du Nord dans le cadre du dispositif Office de Tourisme du Futur et avec le Conseil R\u00e9gional Hauts-de-France via le dispositif Priorit\u00e9s R\u00e9gionales d&rsquo;Investissement Touristique.<\/p>\n","protected":false},"author":1,"featured_media":0,"parent":0,"menu_order":0,"comment_status":"closed","ping_status":"closed","template":"","meta":{"cybocfi_hide_featured_image":"","footnotes":""},"class_list":["post-4680","page","type-page","status-publish","hentry"],"yoast_head":"<!-- This site is optimized with the Yoast SEO plugin v27.4 - https:\/\/yoast.com\/product\/yoast-seo-wordpress\/ -->\n<title>Chasse aux tr\u00e9sors * Haverskerque, 100% Nature !*<\/title>\n<meta name=\"robots\" content=\"index, follow, max-snippet:-1, max-image-preview:large, max-video-preview:-1\" \/>\n<link rel=\"canonical\" href=\"https:\/\/www.haverskerque.fr\/index.php\/chasse-aux-tresors\/\" \/>\n<meta property=\"og:locale\" content=\"fr_FR\" \/>\n<meta property=\"og:type\" content=\"article\" \/>\n<meta property=\"og:title\" content=\"Chasse aux tr\u00e9sors * Haverskerque, 100% Nature !*\" \/>\n<meta property=\"og:description\" content=\"| \u00c0 partir du 1er mai 2025, d\u00e9couvrez la chasse aux tr\u00e9sors Totemus intitul\u00e9e \u00ab\u00a0Haverskerque, L\u00e9gendes et Histoire au fil de la Lys\u00a0\u00bb ! Muni de votre smartphone, partez en randonn\u00e9e sur les bords de Lys pour r\u00e9pondre \u00e0 des \u00e9nigmes et d\u00e9couvrir l&rsquo;histoire secr\u00e8te du village. Pour r\u00e9aliser la chasse aux tr\u00e9sors, il suffit de t\u00e9l\u00e9charger l&rsquo;application Totemus sur Apple Store ou Google Play, de cr\u00e9er votre compte (c&rsquo;est gratuit) et c&rsquo;est parti ! Choisissez ensuite la chasse que vous souhaitez r\u00e9aliser et vous laisser guider. Plusieurs parcours sont d\u00e9j\u00e0 accessibles sur le territoire Flandre Lys. Financ\u00e9 par la Communaut\u00e9 de communes Flandre Lys, en partenariat avec le Conseil D\u00e9partemental du Nord dans le cadre du dispositif Office de Tourisme du Futur et avec le Conseil R\u00e9gional Hauts-de-France via le dispositif Priorit\u00e9s R\u00e9gionales d&rsquo;Investissement Touristique.\" \/>\n<meta property=\"og:url\" content=\"https:\/\/www.haverskerque.fr\/index.php\/chasse-aux-tresors\/\" \/>\n<meta property=\"og:site_name\" content=\"Haverskerque, 100% Nature !*\" \/>\n<meta property=\"article:publisher\" content=\"https:\/\/www.facebook.com\/communehaverskerque\" \/>\n<meta property=\"article:modified_time\" content=\"2025-09-29T12:44:11+00:00\" \/>\n<meta property=\"og:image\" content=\"https:\/\/www.haverskerque.fr\/wp-content\/uploads\/2025\/09\/Chasse-aux-tresors-1024x576.png\" \/>\n\t<meta property=\"og:image:width\" content=\"1024\" \/>\n\t<meta property=\"og:image:height\" content=\"576\" \/>\n\t<meta property=\"og:image:type\" content=\"image\/png\" \/>\n<meta name=\"twitter:card\" content=\"summary_large_image\" \/>\n<meta name=\"twitter:label1\" content=\"Dur\u00e9e de lecture estim\u00e9e\" \/>\n\t<meta name=\"twitter:data1\" content=\"2 minutes\" \/>\n<script type=\"application\/ld+json\" class=\"yoast-schema-graph\">{\"@context\":\"https:\\\/\\\/schema.org\",\"@graph\":[{\"@type\":\"WebPage\",\"@id\":\"https:\\\/\\\/www.haverskerque.fr\\\/index.php\\\/chasse-aux-tresors\\\/\",\"url\":\"https:\\\/\\\/www.haverskerque.fr\\\/index.php\\\/chasse-aux-tresors\\\/\",\"name\":\"Chasse aux tr\u00e9sors * Haverskerque, 100% Nature !*\",\"isPartOf\":{\"@id\":\"https:\\\/\\\/haverskerque.fr\\\/#website\"},\"primaryImageOfPage\":{\"@id\":\"https:\\\/\\\/www.haverskerque.fr\\\/index.php\\\/chasse-aux-tresors\\\/#primaryimage\"},\"image\":{\"@id\":\"https:\\\/\\\/www.haverskerque.fr\\\/index.php\\\/chasse-aux-tresors\\\/#primaryimage\"},\"thumbnailUrl\":\"https:\\\/\\\/www.haverskerque.fr\\\/wp-content\\\/uploads\\\/2025\\\/09\\\/Chasse-aux-tresors-1024x576.png\",\"datePublished\":\"2023-07-28T10:14:08+00:00\",\"dateModified\":\"2025-09-29T12:44:11+00:00\",\"breadcrumb\":{\"@id\":\"https:\\\/\\\/www.haverskerque.fr\\\/index.php\\\/chasse-aux-tresors\\\/#breadcrumb\"},\"inLanguage\":\"fr-FR\",\"potentialAction\":[{\"@type\":\"ReadAction\",\"target\":[\"https:\\\/\\\/www.haverskerque.fr\\\/index.php\\\/chasse-aux-tresors\\\/\"]}]},{\"@type\":\"ImageObject\",\"inLanguage\":\"fr-FR\",\"@id\":\"https:\\\/\\\/www.haverskerque.fr\\\/index.php\\\/chasse-aux-tresors\\\/#primaryimage\",\"url\":\"https:\\\/\\\/www.haverskerque.fr\\\/wp-content\\\/uploads\\\/2025\\\/09\\\/Chasse-aux-tresors.png\",\"contentUrl\":\"https:\\\/\\\/www.haverskerque.fr\\\/wp-content\\\/uploads\\\/2025\\\/09\\\/Chasse-aux-tresors.png\",\"width\":1920,\"height\":1080},{\"@type\":\"BreadcrumbList\",\"@id\":\"https:\\\/\\\/www.haverskerque.fr\\\/index.php\\\/chasse-aux-tresors\\\/#breadcrumb\",\"itemListElement\":[{\"@type\":\"ListItem\",\"position\":1,\"name\":\"Accueil\",\"item\":\"https:\\\/\\\/www.haverskerque.fr\\\/\"},{\"@type\":\"ListItem\",\"position\":2,\"name\":\"Chasse aux tr\u00e9sors\"}]},{\"@type\":\"WebSite\",\"@id\":\"https:\\\/\\\/haverskerque.fr\\\/#website\",\"url\":\"https:\\\/\\\/haverskerque.fr\\\/\",\"name\":\"Haverskerque\",\"description\":\"Haverskerque, 100% Nature !\",\"publisher\":{\"@id\":\"https:\\\/\\\/haverskerque.fr\\\/#organization\"},\"alternateName\":\"Haverskerque\",\"potentialAction\":[{\"@type\":\"SearchAction\",\"target\":{\"@type\":\"EntryPoint\",\"urlTemplate\":\"https:\\\/\\\/haverskerque.fr\\\/?s={search_term_string}\"},\"query-input\":{\"@type\":\"PropertyValueSpecification\",\"valueRequired\":true,\"valueName\":\"search_term_string\"}}],\"inLanguage\":\"fr-FR\"},{\"@type\":\"Organization\",\"@id\":\"https:\\\/\\\/haverskerque.fr\\\/#organization\",\"name\":\"Commune d'Haverskerque\",\"alternateName\":\"Commune d'Haverskerque\",\"url\":\"https:\\\/\\\/haverskerque.fr\\\/\",\"logo\":{\"@type\":\"ImageObject\",\"inLanguage\":\"fr-FR\",\"@id\":\"https:\\\/\\\/haverskerque.fr\\\/#\\\/schema\\\/logo\\\/image\\\/\",\"url\":\"https:\\\/\\\/haverskerque.fr\\\/wp-content\\\/uploads\\\/2024\\\/01\\\/siteon0-e5814-1.png\",\"contentUrl\":\"https:\\\/\\\/haverskerque.fr\\\/wp-content\\\/uploads\\\/2024\\\/01\\\/siteon0-e5814-1.png\",\"width\":236,\"height\":102,\"caption\":\"Commune d'Haverskerque\"},\"image\":{\"@id\":\"https:\\\/\\\/haverskerque.fr\\\/#\\\/schema\\\/logo\\\/image\\\/\"},\"sameAs\":[\"https:\\\/\\\/www.facebook.com\\\/communehaverskerque\",\"https:\\\/\\\/www.instagram.com\\\/communehaverskerque\\\/\"]}]}<\/script>\n<!-- \/ Yoast SEO plugin. -->","yoast_head_json":{"title":"Chasse aux tr\u00e9sors * Haverskerque, 100% Nature !*","robots":{"index":"index","follow":"follow","max-snippet":"max-snippet:-1","max-image-preview":"max-image-preview:large","max-video-preview":"max-video-preview:-1"},"canonical":"https:\/\/www.haverskerque.fr\/index.php\/chasse-aux-tresors\/","og_locale":"fr_FR","og_type":"article","og_title":"Chasse aux tr\u00e9sors * Haverskerque, 100% Nature !*","og_description":"| \u00c0 partir du 1er mai 2025, d\u00e9couvrez la chasse aux tr\u00e9sors Totemus intitul\u00e9e \u00ab\u00a0Haverskerque, L\u00e9gendes et Histoire au fil de la Lys\u00a0\u00bb ! Muni de votre smartphone, partez en randonn\u00e9e sur les bords de Lys pour r\u00e9pondre \u00e0 des \u00e9nigmes et d\u00e9couvrir l&rsquo;histoire secr\u00e8te du village. Pour r\u00e9aliser la chasse aux tr\u00e9sors, il suffit de t\u00e9l\u00e9charger l&rsquo;application Totemus sur Apple Store ou Google Play, de cr\u00e9er votre compte (c&rsquo;est gratuit) et c&rsquo;est parti ! Choisissez ensuite la chasse que vous souhaitez r\u00e9aliser et vous laisser guider. Plusieurs parcours sont d\u00e9j\u00e0 accessibles sur le territoire Flandre Lys. Financ\u00e9 par la Communaut\u00e9 de communes Flandre Lys, en partenariat avec le Conseil D\u00e9partemental du Nord dans le cadre du dispositif Office de Tourisme du Futur et avec le Conseil R\u00e9gional Hauts-de-France via le dispositif Priorit\u00e9s R\u00e9gionales d&rsquo;Investissement Touristique.","og_url":"https:\/\/www.haverskerque.fr\/index.php\/chasse-aux-tresors\/","og_site_name":"Haverskerque, 100% Nature !*","article_publisher":"https:\/\/www.facebook.com\/communehaverskerque","article_modified_time":"2025-09-29T12:44:11+00:00","og_image":[{"width":1024,"height":576,"url":"https:\/\/www.haverskerque.fr\/wp-content\/uploads\/2025\/09\/Chasse-aux-tresors-1024x576.png","type":"image\/png"}],"twitter_card":"summary_large_image","twitter_misc":{"Dur\u00e9e de lecture estim\u00e9e":"2 minutes"},"schema":{"@context":"https:\/\/schema.org","@graph":[{"@type":"WebPage","@id":"https:\/\/www.haverskerque.fr\/index.php\/chasse-aux-tresors\/","url":"https:\/\/www.haverskerque.fr\/index.php\/chasse-aux-tresors\/","name":"Chasse aux tr\u00e9sors * Haverskerque, 100% Nature !*","isPartOf":{"@id":"https:\/\/haverskerque.fr\/#website"},"primaryImageOfPage":{"@id":"https:\/\/www.haverskerque.fr\/index.php\/chasse-aux-tresors\/#primaryimage"},"image":{"@id":"https:\/\/www.haverskerque.fr\/index.php\/chasse-aux-tresors\/#primaryimage"},"thumbnailUrl":"https:\/\/www.haverskerque.fr\/wp-content\/uploads\/2025\/09\/Chasse-aux-tresors-1024x576.png","datePublished":"2023-07-28T10:14:08+00:00","dateModified":"2025-09-29T12:44:11+00:00","breadcrumb":{"@id":"https:\/\/www.haverskerque.fr\/index.php\/chasse-aux-tresors\/#breadcrumb"},"inLanguage":"fr-FR","potentialAction":[{"@type":"ReadAction","target":["https:\/\/www.haverskerque.fr\/index.php\/chasse-aux-tresors\/"]}]},{"@type":"ImageObject","inLanguage":"fr-FR","@id":"https:\/\/www.haverskerque.fr\/index.php\/chasse-aux-tresors\/#primaryimage","url":"https:\/\/www.haverskerque.fr\/wp-content\/uploads\/2025\/09\/Chasse-aux-tresors.png","contentUrl":"https:\/\/www.haverskerque.fr\/wp-content\/uploads\/2025\/09\/Chasse-aux-tresors.png","width":1920,"height":1080},{"@type":"BreadcrumbList","@id":"https:\/\/www.haverskerque.fr\/index.php\/chasse-aux-tresors\/#breadcrumb","itemListElement":[{"@type":"ListItem","position":1,"name":"Accueil","item":"https:\/\/www.haverskerque.fr\/"},{"@type":"ListItem","position":2,"name":"Chasse aux tr\u00e9sors"}]},{"@type":"WebSite","@id":"https:\/\/haverskerque.fr\/#website","url":"https:\/\/haverskerque.fr\/","name":"Haverskerque","description":"Haverskerque, 100% Nature !","publisher":{"@id":"https:\/\/haverskerque.fr\/#organization"},"alternateName":"Haverskerque","potentialAction":[{"@type":"SearchAction","target":{"@type":"EntryPoint","urlTemplate":"https:\/\/haverskerque.fr\/?s={search_term_string}"},"query-input":{"@type":"PropertyValueSpecification","valueRequired":true,"valueName":"search_term_string"}}],"inLanguage":"fr-FR"},{"@type":"Organization","@id":"https:\/\/haverskerque.fr\/#organization","name":"Commune d'Haverskerque","alternateName":"Commune d'Haverskerque","url":"https:\/\/haverskerque.fr\/","logo":{"@type":"ImageObject","inLanguage":"fr-FR","@id":"https:\/\/haverskerque.fr\/#\/schema\/logo\/image\/","url":"https:\/\/haverskerque.fr\/wp-content\/uploads\/2024\/01\/siteon0-e5814-1.png","contentUrl":"https:\/\/haverskerque.fr\/wp-content\/uploads\/2024\/01\/siteon0-e5814-1.png","width":236,"height":102,"caption":"Commune d'Haverskerque"},"image":{"@id":"https:\/\/haverskerque.fr\/#\/schema\/logo\/image\/"},"sameAs":["https:\/\/www.facebook.com\/communehaverskerque","https:\/\/www.instagram.com\/communehaverskerque\/"]}]}},"_links":{"self":[{"href":"https:\/\/www.haverskerque.fr\/index.php\/wp-json\/wp\/v2\/pages\/4680","targetHints":{"allow":["GET"]}}],"collection":[{"href":"https:\/\/www.haverskerque.fr\/index.php\/wp-json\/wp\/v2\/pages"}],"about":[{"href":"https:\/\/www.haverskerque.fr\/index.php\/wp-json\/wp\/v2\/types\/page"}],"author":[{"embeddable":true,"href":"https:\/\/www.haverskerque.fr\/index.php\/wp-json\/wp\/v2\/users\/1"}],"replies":[{"embeddable":true,"href":"https:\/\/www.haverskerque.fr\/index.php\/wp-json\/wp\/v2\/comments?post=4680"}],"version-history":[{"count":4,"href":"https:\/\/www.haverskerque.fr\/index.php\/wp-json\/wp\/v2\/pages\/4680\/revisions"}],"predecessor-version":[{"id":9702,"href":"https:\/\/www.haverskerque.fr\/index.php\/wp-json\/wp\/v2\/pages\/4680\/revisions\/9702"}],"wp:attachment":[{"href":"https:\/\/www.haverskerque.fr\/index.php\/wp-json\/wp\/v2\/media?parent=4680"}],"curies":[{"name":"wp","href":"https:\/\/api.w.org\/{rel}","templated":true}]}}