{"id":4678,"date":"2023-07-28T12:12:07","date_gmt":"2023-07-28T10:12:07","guid":{"rendered":"http:\/\/barbry.esy.es\/?page_id=4678"},"modified":"2025-09-29T14:21:08","modified_gmt":"2025-09-29T12:21:08","slug":"chemin-de-la-forme","status":"publish","type":"page","link":"https:\/\/www.haverskerque.fr\/index.php\/chemin-de-la-forme\/","title":{"rendered":"Chemins de la Forme"},"content":{"rendered":"<div class=\"wp-block-image\">\n<figure class=\"aligncenter size-large is-resized\"><img loading=\"lazy\" decoding=\"async\" width=\"1024\" height=\"576\" src=\"https:\/\/www.haverskerque.fr\/wp-content\/uploads\/2025\/09\/Chemins-de-la-forme-1024x576.png\" alt=\"\" class=\"wp-image-9697\" style=\"object-fit:cover;width:700px;height:393px\" srcset=\"https:\/\/www.haverskerque.fr\/wp-content\/uploads\/2025\/09\/Chemins-de-la-forme-1024x576.png 1024w, https:\/\/www.haverskerque.fr\/wp-content\/uploads\/2025\/09\/Chemins-de-la-forme-300x169.png 300w, https:\/\/www.haverskerque.fr\/wp-content\/uploads\/2025\/09\/Chemins-de-la-forme-768x432.png 768w, https:\/\/www.haverskerque.fr\/wp-content\/uploads\/2025\/09\/Chemins-de-la-forme-1536x864.png 1536w, https:\/\/www.haverskerque.fr\/wp-content\/uploads\/2025\/09\/Chemins-de-la-forme-1140x641.png 1140w, https:\/\/www.haverskerque.fr\/wp-content\/uploads\/2025\/09\/Chemins-de-la-forme.png 1920w\" sizes=\"auto, (max-width: 1024px) 100vw, 1024px\" \/><\/figure>\n<\/div>\n\n\n<figure class=\"wp-block-image size-full\"><img loading=\"lazy\" decoding=\"async\" width=\"593\" height=\"45\" src=\"https:\/\/haverskerque.fr\/wp-content\/uploads\/2023\/02\/bandeblanche.jpg\" alt=\"\" class=\"wp-image-381\" srcset=\"https:\/\/www.haverskerque.fr\/wp-content\/uploads\/2023\/02\/bandeblanche.jpg 593w, https:\/\/www.haverskerque.fr\/wp-content\/uploads\/2023\/02\/bandeblanche-300x23.jpg 300w\" sizes=\"auto, (max-width: 593px) 100vw, 593px\" \/><\/figure>\n\n\n\n<p><mark style=\"background-color:rgba(0, 0, 0, 0);color:#00a018\" class=\"has-inline-color\">|<\/mark> <em>On marche \u00e0 Haverskerque ! Chaque commune de la <strong><a href=\"https:\/\/www.cc-flandrelys.fr\/\" target=\"_blank\" rel=\"noreferrer noopener\">Flandre Lys<\/a><\/strong> se dote de parcours \u00ab\u00a0Chemins de la Forme\u00a0\u00bb qui allient sport et patrimoine. Venez d\u00e9couvrir celui de votre commune ! RDV devant l&rsquo;ancienne Hospice pr\u00e8s de l&rsquo;EHPAD, flashez, d\u00e9couvrez et apprenez en plus sur notre commune gr\u00e2ce aux vid\u00e9os explicatives, agr\u00e9ment\u00e9es d&rsquo;images d&rsquo;archives.<\/em><\/p>\n\n\n\n<figure class=\"wp-block-image size-full\"><img loading=\"lazy\" decoding=\"async\" width=\"593\" height=\"45\" src=\"https:\/\/haverskerque.fr\/wp-content\/uploads\/2023\/02\/bandeblanche.jpg\" alt=\"\" class=\"wp-image-381\" srcset=\"https:\/\/www.haverskerque.fr\/wp-content\/uploads\/2023\/02\/bandeblanche.jpg 593w, https:\/\/www.haverskerque.fr\/wp-content\/uploads\/2023\/02\/bandeblanche-300x23.jpg 300w\" sizes=\"auto, (max-width: 593px) 100vw, 593px\" \/><\/figure>\n\n\n\n<h3 class=\"wp-block-heading\"><strong><mark style=\"background-color:rgba(0, 0, 0, 0);color:#00a018\" class=\"has-inline-color\">|<\/mark> Les Chemins de la Forme sont des parcours connect\u00e9s avec :<\/strong><\/h3>\n\n\n\n<figure class=\"wp-block-image size-full\"><img loading=\"lazy\" decoding=\"async\" width=\"593\" height=\"45\" src=\"https:\/\/haverskerque.fr\/wp-content\/uploads\/2023\/02\/bandeblanche.jpg\" alt=\"\" class=\"wp-image-381\" srcset=\"https:\/\/www.haverskerque.fr\/wp-content\/uploads\/2023\/02\/bandeblanche.jpg 593w, https:\/\/www.haverskerque.fr\/wp-content\/uploads\/2023\/02\/bandeblanche-300x23.jpg 300w\" sizes=\"auto, (max-width: 593px) 100vw, 593px\" \/><\/figure>\n\n\n\n<ul class=\"wp-block-list\">\n<li>Des contenus relatant le patrimoine historique de la commune<\/li>\n<\/ul>\n\n\n\n<ul class=\"wp-block-list\">\n<li>Des exercices d&rsquo;activit\u00e9 physique simples et accessibles\u00a0\u00e0 tous\u00a0via l\u2019application Form\u2019City (gratuite)\u00a0ou en\u00a0flashant les QR Codes pr\u00e9sents sur les bornes<\/li>\n<\/ul>\n\n\n\n<figure class=\"wp-block-image size-full\"><img loading=\"lazy\" decoding=\"async\" width=\"593\" height=\"45\" src=\"https:\/\/haverskerque.fr\/wp-content\/uploads\/2023\/02\/bandeblanche.jpg\" alt=\"\" class=\"wp-image-381\" srcset=\"https:\/\/www.haverskerque.fr\/wp-content\/uploads\/2023\/02\/bandeblanche.jpg 593w, https:\/\/www.haverskerque.fr\/wp-content\/uploads\/2023\/02\/bandeblanche-300x23.jpg 300w\" sizes=\"auto, (max-width: 593px) 100vw, 593px\" \/><\/figure>\n\n\n\n<h3 class=\"wp-block-heading\"><strong><mark style=\"background-color:rgba(0, 0, 0, 0);color:#00a018\" class=\"has-inline-color\">|<\/mark> Les objectifs<\/strong><\/h3>\n\n\n\n<figure class=\"wp-block-image size-full\"><img loading=\"lazy\" decoding=\"async\" width=\"593\" height=\"45\" src=\"https:\/\/haverskerque.fr\/wp-content\/uploads\/2023\/02\/bandeblanche.jpg\" alt=\"\" class=\"wp-image-381\" srcset=\"https:\/\/www.haverskerque.fr\/wp-content\/uploads\/2023\/02\/bandeblanche.jpg 593w, https:\/\/www.haverskerque.fr\/wp-content\/uploads\/2023\/02\/bandeblanche-300x23.jpg 300w\" sizes=\"auto, (max-width: 593px) 100vw, 593px\" \/><\/figure>\n\n\n\n<ul class=\"wp-block-list\">\n<li><strong>Gardez la forme avec des exercices simples.<\/strong> \u00c0 diff\u00e9rents endroits du parcours, des \u00ab exercices physiques \u00bb vous sont propos\u00e9s.\u00a0Au fil de vos visites, essayez d\u2019augmenter votre vitesse de marche afin de d\u00e9velopper vos capacit\u00e9s cardio-respiratoires.<\/li>\n<\/ul>\n\n\n\n<ul class=\"wp-block-list\">\n<li><strong>D\u00e9couvrir la ville et son patrimoine historique.<\/strong> Gr\u00e2ce \u00e0 l\u2019application Form\u2019City (ou aux QR codes \u00ab\u00a0Patrimoine\u00a0\u00bb), acc\u00e9dez \u00e0 des contenus relatant l\u2019histoire des diff\u00e9rents lieux parcourus.<\/li>\n<\/ul>\n\n\n\n<figure class=\"wp-block-image size-full\"><img loading=\"lazy\" decoding=\"async\" width=\"593\" height=\"45\" src=\"https:\/\/haverskerque.fr\/wp-content\/uploads\/2023\/02\/bandeblanche.jpg\" alt=\"\" class=\"wp-image-381\" srcset=\"https:\/\/www.haverskerque.fr\/wp-content\/uploads\/2023\/02\/bandeblanche.jpg 593w, https:\/\/www.haverskerque.fr\/wp-content\/uploads\/2023\/02\/bandeblanche-300x23.jpg 300w\" sizes=\"auto, (max-width: 593px) 100vw, 593px\" \/><\/figure>\n\n\n\n<p>L&rsquo;application Form&rsquo;City est \u00e0 t\u00e9l\u00e9charger gratuitement sur <strong><a href=\"https:\/\/apps.apple.com\/ca\/app\/formcity\/id1444320111?l=fr\" target=\"_blank\" rel=\"noreferrer noopener\">Apple Store<\/a><\/strong> ou <strong><a href=\"https:\/\/play.google.com\/store\/apps\/details?id=com.mile.lara&amp;hl=fr&amp;pli=1\" target=\"_blank\" rel=\"noreferrer noopener\">Google Play<\/a><\/strong>. <\/p>\n\n\n\n<figure class=\"wp-block-image size-full\"><img loading=\"lazy\" decoding=\"async\" width=\"593\" height=\"45\" src=\"https:\/\/haverskerque.fr\/wp-content\/uploads\/2023\/02\/bandeblanche.jpg\" alt=\"\" class=\"wp-image-381\" srcset=\"https:\/\/www.haverskerque.fr\/wp-content\/uploads\/2023\/02\/bandeblanche.jpg 593w, https:\/\/www.haverskerque.fr\/wp-content\/uploads\/2023\/02\/bandeblanche-300x23.jpg 300w\" sizes=\"auto, (max-width: 593px) 100vw, 593px\" \/><\/figure>\n\n\n\n<h3 class=\"wp-block-heading\"><strong><mark style=\"background-color:rgba(0, 0, 0, 0);color:#00a018\" class=\"has-inline-color\">|<\/mark> Comment \u00e7a marche ?<\/strong><\/h3>\n\n\n\n<figure class=\"wp-block-image size-full\"><img loading=\"lazy\" decoding=\"async\" width=\"593\" height=\"45\" src=\"https:\/\/haverskerque.fr\/wp-content\/uploads\/2023\/02\/bandeblanche.jpg\" alt=\"\" class=\"wp-image-381\" srcset=\"https:\/\/www.haverskerque.fr\/wp-content\/uploads\/2023\/02\/bandeblanche.jpg 593w, https:\/\/www.haverskerque.fr\/wp-content\/uploads\/2023\/02\/bandeblanche-300x23.jpg 300w\" sizes=\"auto, (max-width: 593px) 100vw, 593px\" \/><\/figure>\n\n\n\n<p>Une fois l&rsquo;application Form&rsquo;City t\u00e9l\u00e9charg\u00e9e :<\/p>\n\n\n\n<ul class=\"wp-block-list\">\n<li>Choisissez votre parcours<\/li>\n<\/ul>\n\n\n\n<ul class=\"wp-block-list\">\n<li>Acc\u00e9dez aux contenus (exercice physique \/ patrimoine)<\/li>\n<\/ul>\n\n\n\n<ul class=\"wp-block-list\">\n<li><strong>Partagez votre exp\u00e9rience<\/strong><\/li>\n<\/ul>\n\n\n\n<figure class=\"wp-block-image size-full\"><img loading=\"lazy\" decoding=\"async\" width=\"593\" height=\"45\" src=\"https:\/\/haverskerque.fr\/wp-content\/uploads\/2023\/02\/bandeblanche.jpg\" alt=\"\" class=\"wp-image-381\" srcset=\"https:\/\/www.haverskerque.fr\/wp-content\/uploads\/2023\/02\/bandeblanche.jpg 593w, https:\/\/www.haverskerque.fr\/wp-content\/uploads\/2023\/02\/bandeblanche-300x23.jpg 300w\" sizes=\"auto, (max-width: 593px) 100vw, 593px\" \/><\/figure>\n\n\n\n<h3 class=\"wp-block-heading\"><strong><mark style=\"background-color:rgba(0, 0, 0, 0);color:#00a018\" class=\"has-inline-color\">|<\/mark> Le parcours \u00e0 Haverskerque<\/strong><\/h3>\n\n\n\n<figure class=\"wp-block-image size-full\"><img loading=\"lazy\" decoding=\"async\" width=\"593\" height=\"45\" src=\"https:\/\/haverskerque.fr\/wp-content\/uploads\/2023\/02\/bandeblanche.jpg\" alt=\"\" class=\"wp-image-381\" srcset=\"https:\/\/www.haverskerque.fr\/wp-content\/uploads\/2023\/02\/bandeblanche.jpg 593w, https:\/\/www.haverskerque.fr\/wp-content\/uploads\/2023\/02\/bandeblanche-300x23.jpg 300w\" sizes=\"auto, (max-width: 593px) 100vw, 593px\" \/><\/figure>\n\n\n\n<p>Venez tester le\u00a0<strong><a href=\"https:\/\/www.cc-flandrelys.fr\/images\/6-GRANDIR-APPRENDRE\/Sant%C3%A9\/Chemins_de_la_Forme\/depliant-ccflandre-haverskerque-stc-HD.pdf\" target=\"_blank\" rel=\"noreferrer noopener\">parcours<\/a><\/strong> au d\u00e9part de la Rue du Moulin, \u00e0 proximit\u00e9 de l&rsquo;\u00e9glise Saint-Vincent<\/p>\n\n\n\n<ul class=\"wp-block-list\">\n<li>Parcours complet de 8,2 km<\/li>\n<\/ul>\n\n\n\n<ul class=\"wp-block-list\">\n<li>1h20 \u00e0 2h40 de marche<\/li>\n<\/ul>\n\n\n\n<ul class=\"wp-block-list\">\n<li>40 min \u00e0 1h15 d&rsquo;exercices physiques<\/li>\n<\/ul>\n\n\n\n<figure class=\"wp-block-image size-full\"><img loading=\"lazy\" decoding=\"async\" width=\"593\" height=\"45\" src=\"https:\/\/haverskerque.fr\/wp-content\/uploads\/2023\/02\/bandeblanche.jpg\" alt=\"\" class=\"wp-image-381\" srcset=\"https:\/\/www.haverskerque.fr\/wp-content\/uploads\/2023\/02\/bandeblanche.jpg 593w, https:\/\/www.haverskerque.fr\/wp-content\/uploads\/2023\/02\/bandeblanche-300x23.jpg 300w\" sizes=\"auto, (max-width: 593px) 100vw, 593px\" \/><\/figure>\n\n\n\n<h3 class=\"wp-block-heading\"><strong><mark style=\"background-color:rgba(0, 0, 0, 0);color:#00a018\" class=\"has-inline-color\">|<\/mark> Quelques conseils<\/strong><\/h3>\n\n\n\n<figure class=\"wp-block-image size-full\"><img loading=\"lazy\" decoding=\"async\" width=\"593\" height=\"45\" src=\"https:\/\/haverskerque.fr\/wp-content\/uploads\/2023\/02\/bandeblanche.jpg\" alt=\"\" class=\"wp-image-381\" srcset=\"https:\/\/www.haverskerque.fr\/wp-content\/uploads\/2023\/02\/bandeblanche.jpg 593w, https:\/\/www.haverskerque.fr\/wp-content\/uploads\/2023\/02\/bandeblanche-300x23.jpg 300w\" sizes=\"auto, (max-width: 593px) 100vw, 593px\" \/><\/figure>\n\n\n\n<ul class=\"wp-block-list\">\n<li><strong>Avant de d\u00e9marrer :<\/strong> pensez \u00e0 vous \u00e9chauffer ! Assurez vous d\u2019\u00eatre\u00a0en bonne condition physique avant de vous\u00a0lancer sur les Chemins de la Forme<\/li>\n<\/ul>\n\n\n\n<ul class=\"wp-block-list\">\n<li><strong>Au retour :<\/strong> pensez \u00e0 r\u00e9cup\u00e9rer !\u00a0La r\u00e9cup\u00e9ration est essentielle\u00a0apr\u00e8s tout exercice physique<\/li>\n<\/ul>\n\n\n\n<ul class=\"wp-block-list\">\n<li><strong>Pensez bien \u00e0 vous hydrater avant, pendant et apr\u00e8s l&rsquo;activit\u00e9 physique\u00a0<\/strong><\/li>\n<\/ul>\n\n\n\n<figure class=\"wp-block-image size-full\"><img loading=\"lazy\" decoding=\"async\" width=\"593\" height=\"45\" src=\"https:\/\/haverskerque.fr\/wp-content\/uploads\/2023\/02\/bandeblanche.jpg\" alt=\"\" class=\"wp-image-381\" srcset=\"https:\/\/www.haverskerque.fr\/wp-content\/uploads\/2023\/02\/bandeblanche.jpg 593w, https:\/\/www.haverskerque.fr\/wp-content\/uploads\/2023\/02\/bandeblanche-300x23.jpg 300w\" sizes=\"auto, (max-width: 593px) 100vw, 593px\" \/><\/figure>\n\n\n\n<p> Pour aller plus loin et d\u00e9couvrir les autres parcours des Chemins de la Forme, veuillez aller sur ce <strong><a href=\"https:\/\/www.cc-flandrelys.fr\/actualites\/674-chemins-de-la-forme-en-flandre-lys\" target=\"_blank\" rel=\"noreferrer noopener\">lien<\/a><\/strong>.<\/p>\n","protected":false},"excerpt":{"rendered":"<p>| On marche \u00e0 Haverskerque ! Chaque commune de la Flandre Lys se dote de parcours \u00ab\u00a0Chemins de la Forme\u00a0\u00bb qui allient sport et patrimoine. Venez d\u00e9couvrir celui de votre commune ! RDV devant l&rsquo;ancienne Hospice pr\u00e8s de l&rsquo;EHPAD, flashez, d\u00e9couvrez et apprenez en plus sur notre commune gr\u00e2ce aux vid\u00e9os explicatives, agr\u00e9ment\u00e9es d&rsquo;images d&rsquo;archives. | Les Chemins de la Forme sont des parcours connect\u00e9s avec : | Les objectifs L&rsquo;application Form&rsquo;City est \u00e0 t\u00e9l\u00e9charger gratuitement sur Apple Store ou Google Play. | Comment \u00e7a marche ? Une fois l&rsquo;application Form&rsquo;City t\u00e9l\u00e9charg\u00e9e : | Le parcours \u00e0 Haverskerque Venez tester le\u00a0parcours au d\u00e9part de la Rue du Moulin, \u00e0 proximit\u00e9 de l&rsquo;\u00e9glise Saint-Vincent | Quelques conseils Pour aller plus loin et d\u00e9couvrir les autres parcours des Chemins de la Forme, veuillez aller sur ce lien.<\/p>\n","protected":false},"author":1,"featured_media":0,"parent":0,"menu_order":0,"comment_status":"closed","ping_status":"closed","template":"","meta":{"cybocfi_hide_featured_image":"","footnotes":""},"class_list":["post-4678","page","type-page","status-publish","hentry"],"yoast_head":"<!-- This site is optimized with the Yoast SEO plugin v27.4 - https:\/\/yoast.com\/product\/yoast-seo-wordpress\/ -->\n<title>Chemins de la Forme * Haverskerque, 100% Nature !*<\/title>\n<meta name=\"robots\" content=\"index, follow, max-snippet:-1, max-image-preview:large, max-video-preview:-1\" \/>\n<link rel=\"canonical\" href=\"https:\/\/www.haverskerque.fr\/index.php\/chemin-de-la-forme\/\" \/>\n<meta property=\"og:locale\" content=\"fr_FR\" \/>\n<meta property=\"og:type\" content=\"article\" \/>\n<meta property=\"og:title\" content=\"Chemins de la Forme * Haverskerque, 100% Nature !*\" \/>\n<meta property=\"og:description\" content=\"| On marche \u00e0 Haverskerque ! Chaque commune de la Flandre Lys se dote de parcours \u00ab\u00a0Chemins de la Forme\u00a0\u00bb qui allient sport et patrimoine. Venez d\u00e9couvrir celui de votre commune ! RDV devant l&rsquo;ancienne Hospice pr\u00e8s de l&rsquo;EHPAD, flashez, d\u00e9couvrez et apprenez en plus sur notre commune gr\u00e2ce aux vid\u00e9os explicatives, agr\u00e9ment\u00e9es d&rsquo;images d&rsquo;archives. | Les Chemins de la Forme sont des parcours connect\u00e9s avec : | Les objectifs L&rsquo;application Form&rsquo;City est \u00e0 t\u00e9l\u00e9charger gratuitement sur Apple Store ou Google Play. | Comment \u00e7a marche ? Une fois l&rsquo;application Form&rsquo;City t\u00e9l\u00e9charg\u00e9e : | Le parcours \u00e0 Haverskerque Venez tester le\u00a0parcours au d\u00e9part de la Rue du Moulin, \u00e0 proximit\u00e9 de l&rsquo;\u00e9glise Saint-Vincent | Quelques conseils Pour aller plus loin et d\u00e9couvrir les autres parcours des Chemins de la Forme, veuillez aller sur ce lien.\" \/>\n<meta property=\"og:url\" content=\"https:\/\/www.haverskerque.fr\/index.php\/chemin-de-la-forme\/\" \/>\n<meta property=\"og:site_name\" content=\"Haverskerque, 100% Nature !*\" \/>\n<meta property=\"article:publisher\" content=\"https:\/\/www.facebook.com\/communehaverskerque\" \/>\n<meta property=\"article:modified_time\" content=\"2025-09-29T12:21:08+00:00\" \/>\n<meta property=\"og:image\" content=\"https:\/\/www.haverskerque.fr\/wp-content\/uploads\/2025\/09\/Chemins-de-la-forme-1024x576.png\" \/>\n\t<meta property=\"og:image:width\" content=\"1024\" \/>\n\t<meta property=\"og:image:height\" content=\"576\" \/>\n\t<meta property=\"og:image:type\" content=\"image\/png\" \/>\n<meta name=\"twitter:card\" content=\"summary_large_image\" \/>\n<meta name=\"twitter:label1\" content=\"Dur\u00e9e de lecture estim\u00e9e\" \/>\n\t<meta name=\"twitter:data1\" content=\"5 minutes\" \/>\n<script type=\"application\/ld+json\" class=\"yoast-schema-graph\">{\"@context\":\"https:\\\/\\\/schema.org\",\"@graph\":[{\"@type\":\"WebPage\",\"@id\":\"https:\\\/\\\/www.haverskerque.fr\\\/index.php\\\/chemin-de-la-forme\\\/\",\"url\":\"https:\\\/\\\/www.haverskerque.fr\\\/index.php\\\/chemin-de-la-forme\\\/\",\"name\":\"Chemins de la Forme * Haverskerque, 100% Nature !*\",\"isPartOf\":{\"@id\":\"https:\\\/\\\/haverskerque.fr\\\/#website\"},\"primaryImageOfPage\":{\"@id\":\"https:\\\/\\\/www.haverskerque.fr\\\/index.php\\\/chemin-de-la-forme\\\/#primaryimage\"},\"image\":{\"@id\":\"https:\\\/\\\/www.haverskerque.fr\\\/index.php\\\/chemin-de-la-forme\\\/#primaryimage\"},\"thumbnailUrl\":\"https:\\\/\\\/www.haverskerque.fr\\\/wp-content\\\/uploads\\\/2025\\\/09\\\/Chemins-de-la-forme-1024x576.png\",\"datePublished\":\"2023-07-28T10:12:07+00:00\",\"dateModified\":\"2025-09-29T12:21:08+00:00\",\"breadcrumb\":{\"@id\":\"https:\\\/\\\/www.haverskerque.fr\\\/index.php\\\/chemin-de-la-forme\\\/#breadcrumb\"},\"inLanguage\":\"fr-FR\",\"potentialAction\":[{\"@type\":\"ReadAction\",\"target\":[\"https:\\\/\\\/www.haverskerque.fr\\\/index.php\\\/chemin-de-la-forme\\\/\"]}]},{\"@type\":\"ImageObject\",\"inLanguage\":\"fr-FR\",\"@id\":\"https:\\\/\\\/www.haverskerque.fr\\\/index.php\\\/chemin-de-la-forme\\\/#primaryimage\",\"url\":\"https:\\\/\\\/www.haverskerque.fr\\\/wp-content\\\/uploads\\\/2025\\\/09\\\/Chemins-de-la-forme.png\",\"contentUrl\":\"https:\\\/\\\/www.haverskerque.fr\\\/wp-content\\\/uploads\\\/2025\\\/09\\\/Chemins-de-la-forme.png\",\"width\":1920,\"height\":1080},{\"@type\":\"BreadcrumbList\",\"@id\":\"https:\\\/\\\/www.haverskerque.fr\\\/index.php\\\/chemin-de-la-forme\\\/#breadcrumb\",\"itemListElement\":[{\"@type\":\"ListItem\",\"position\":1,\"name\":\"Accueil\",\"item\":\"https:\\\/\\\/www.haverskerque.fr\\\/\"},{\"@type\":\"ListItem\",\"position\":2,\"name\":\"Chemins de la Forme\"}]},{\"@type\":\"WebSite\",\"@id\":\"https:\\\/\\\/haverskerque.fr\\\/#website\",\"url\":\"https:\\\/\\\/haverskerque.fr\\\/\",\"name\":\"Haverskerque\",\"description\":\"Haverskerque, 100% Nature !\",\"publisher\":{\"@id\":\"https:\\\/\\\/haverskerque.fr\\\/#organization\"},\"alternateName\":\"Haverskerque\",\"potentialAction\":[{\"@type\":\"SearchAction\",\"target\":{\"@type\":\"EntryPoint\",\"urlTemplate\":\"https:\\\/\\\/haverskerque.fr\\\/?s={search_term_string}\"},\"query-input\":{\"@type\":\"PropertyValueSpecification\",\"valueRequired\":true,\"valueName\":\"search_term_string\"}}],\"inLanguage\":\"fr-FR\"},{\"@type\":\"Organization\",\"@id\":\"https:\\\/\\\/haverskerque.fr\\\/#organization\",\"name\":\"Commune d'Haverskerque\",\"alternateName\":\"Commune d'Haverskerque\",\"url\":\"https:\\\/\\\/haverskerque.fr\\\/\",\"logo\":{\"@type\":\"ImageObject\",\"inLanguage\":\"fr-FR\",\"@id\":\"https:\\\/\\\/haverskerque.fr\\\/#\\\/schema\\\/logo\\\/image\\\/\",\"url\":\"https:\\\/\\\/haverskerque.fr\\\/wp-content\\\/uploads\\\/2024\\\/01\\\/siteon0-e5814-1.png\",\"contentUrl\":\"https:\\\/\\\/haverskerque.fr\\\/wp-content\\\/uploads\\\/2024\\\/01\\\/siteon0-e5814-1.png\",\"width\":236,\"height\":102,\"caption\":\"Commune d'Haverskerque\"},\"image\":{\"@id\":\"https:\\\/\\\/haverskerque.fr\\\/#\\\/schema\\\/logo\\\/image\\\/\"},\"sameAs\":[\"https:\\\/\\\/www.facebook.com\\\/communehaverskerque\",\"https:\\\/\\\/www.instagram.com\\\/communehaverskerque\\\/\"]}]}<\/script>\n<!-- \/ Yoast SEO plugin. -->","yoast_head_json":{"title":"Chemins de la Forme * Haverskerque, 100% Nature !*","robots":{"index":"index","follow":"follow","max-snippet":"max-snippet:-1","max-image-preview":"max-image-preview:large","max-video-preview":"max-video-preview:-1"},"canonical":"https:\/\/www.haverskerque.fr\/index.php\/chemin-de-la-forme\/","og_locale":"fr_FR","og_type":"article","og_title":"Chemins de la Forme * Haverskerque, 100% Nature !*","og_description":"| On marche \u00e0 Haverskerque ! Chaque commune de la Flandre Lys se dote de parcours \u00ab\u00a0Chemins de la Forme\u00a0\u00bb qui allient sport et patrimoine. Venez d\u00e9couvrir celui de votre commune ! RDV devant l&rsquo;ancienne Hospice pr\u00e8s de l&rsquo;EHPAD, flashez, d\u00e9couvrez et apprenez en plus sur notre commune gr\u00e2ce aux vid\u00e9os explicatives, agr\u00e9ment\u00e9es d&rsquo;images d&rsquo;archives. | Les Chemins de la Forme sont des parcours connect\u00e9s avec : | Les objectifs L&rsquo;application Form&rsquo;City est \u00e0 t\u00e9l\u00e9charger gratuitement sur Apple Store ou Google Play. | Comment \u00e7a marche ? Une fois l&rsquo;application Form&rsquo;City t\u00e9l\u00e9charg\u00e9e : | Le parcours \u00e0 Haverskerque Venez tester le\u00a0parcours au d\u00e9part de la Rue du Moulin, \u00e0 proximit\u00e9 de l&rsquo;\u00e9glise Saint-Vincent | Quelques conseils Pour aller plus loin et d\u00e9couvrir les autres parcours des Chemins de la Forme, veuillez aller sur ce lien.","og_url":"https:\/\/www.haverskerque.fr\/index.php\/chemin-de-la-forme\/","og_site_name":"Haverskerque, 100% Nature !*","article_publisher":"https:\/\/www.facebook.com\/communehaverskerque","article_modified_time":"2025-09-29T12:21:08+00:00","og_image":[{"width":1024,"height":576,"url":"https:\/\/www.haverskerque.fr\/wp-content\/uploads\/2025\/09\/Chemins-de-la-forme-1024x576.png","type":"image\/png"}],"twitter_card":"summary_large_image","twitter_misc":{"Dur\u00e9e de lecture estim\u00e9e":"5 minutes"},"schema":{"@context":"https:\/\/schema.org","@graph":[{"@type":"WebPage","@id":"https:\/\/www.haverskerque.fr\/index.php\/chemin-de-la-forme\/","url":"https:\/\/www.haverskerque.fr\/index.php\/chemin-de-la-forme\/","name":"Chemins de la Forme * Haverskerque, 100% Nature !*","isPartOf":{"@id":"https:\/\/haverskerque.fr\/#website"},"primaryImageOfPage":{"@id":"https:\/\/www.haverskerque.fr\/index.php\/chemin-de-la-forme\/#primaryimage"},"image":{"@id":"https:\/\/www.haverskerque.fr\/index.php\/chemin-de-la-forme\/#primaryimage"},"thumbnailUrl":"https:\/\/www.haverskerque.fr\/wp-content\/uploads\/2025\/09\/Chemins-de-la-forme-1024x576.png","datePublished":"2023-07-28T10:12:07+00:00","dateModified":"2025-09-29T12:21:08+00:00","breadcrumb":{"@id":"https:\/\/www.haverskerque.fr\/index.php\/chemin-de-la-forme\/#breadcrumb"},"inLanguage":"fr-FR","potentialAction":[{"@type":"ReadAction","target":["https:\/\/www.haverskerque.fr\/index.php\/chemin-de-la-forme\/"]}]},{"@type":"ImageObject","inLanguage":"fr-FR","@id":"https:\/\/www.haverskerque.fr\/index.php\/chemin-de-la-forme\/#primaryimage","url":"https:\/\/www.haverskerque.fr\/wp-content\/uploads\/2025\/09\/Chemins-de-la-forme.png","contentUrl":"https:\/\/www.haverskerque.fr\/wp-content\/uploads\/2025\/09\/Chemins-de-la-forme.png","width":1920,"height":1080},{"@type":"BreadcrumbList","@id":"https:\/\/www.haverskerque.fr\/index.php\/chemin-de-la-forme\/#breadcrumb","itemListElement":[{"@type":"ListItem","position":1,"name":"Accueil","item":"https:\/\/www.haverskerque.fr\/"},{"@type":"ListItem","position":2,"name":"Chemins de la Forme"}]},{"@type":"WebSite","@id":"https:\/\/haverskerque.fr\/#website","url":"https:\/\/haverskerque.fr\/","name":"Haverskerque","description":"Haverskerque, 100% Nature !","publisher":{"@id":"https:\/\/haverskerque.fr\/#organization"},"alternateName":"Haverskerque","potentialAction":[{"@type":"SearchAction","target":{"@type":"EntryPoint","urlTemplate":"https:\/\/haverskerque.fr\/?s={search_term_string}"},"query-input":{"@type":"PropertyValueSpecification","valueRequired":true,"valueName":"search_term_string"}}],"inLanguage":"fr-FR"},{"@type":"Organization","@id":"https:\/\/haverskerque.fr\/#organization","name":"Commune d'Haverskerque","alternateName":"Commune d'Haverskerque","url":"https:\/\/haverskerque.fr\/","logo":{"@type":"ImageObject","inLanguage":"fr-FR","@id":"https:\/\/haverskerque.fr\/#\/schema\/logo\/image\/","url":"https:\/\/haverskerque.fr\/wp-content\/uploads\/2024\/01\/siteon0-e5814-1.png","contentUrl":"https:\/\/haverskerque.fr\/wp-content\/uploads\/2024\/01\/siteon0-e5814-1.png","width":236,"height":102,"caption":"Commune d'Haverskerque"},"image":{"@id":"https:\/\/haverskerque.fr\/#\/schema\/logo\/image\/"},"sameAs":["https:\/\/www.facebook.com\/communehaverskerque","https:\/\/www.instagram.com\/communehaverskerque\/"]}]}},"_links":{"self":[{"href":"https:\/\/www.haverskerque.fr\/index.php\/wp-json\/wp\/v2\/pages\/4678","targetHints":{"allow":["GET"]}}],"collection":[{"href":"https:\/\/www.haverskerque.fr\/index.php\/wp-json\/wp\/v2\/pages"}],"about":[{"href":"https:\/\/www.haverskerque.fr\/index.php\/wp-json\/wp\/v2\/types\/page"}],"author":[{"embeddable":true,"href":"https:\/\/www.haverskerque.fr\/index.php\/wp-json\/wp\/v2\/users\/1"}],"replies":[{"embeddable":true,"href":"https:\/\/www.haverskerque.fr\/index.php\/wp-json\/wp\/v2\/comments?post=4678"}],"version-history":[{"count":4,"href":"https:\/\/www.haverskerque.fr\/index.php\/wp-json\/wp\/v2\/pages\/4678\/revisions"}],"predecessor-version":[{"id":9698,"href":"https:\/\/www.haverskerque.fr\/index.php\/wp-json\/wp\/v2\/pages\/4678\/revisions\/9698"}],"wp:attachment":[{"href":"https:\/\/www.haverskerque.fr\/index.php\/wp-json\/wp\/v2\/media?parent=4678"}],"curies":[{"name":"wp","href":"https:\/\/api.w.org\/{rel}","templated":true}]}}