{"id":3423,"date":"2023-06-26T15:03:34","date_gmt":"2023-06-26T13:03:34","guid":{"rendered":"http:\/\/barbry.esy.es\/?page_id=3423"},"modified":"2025-09-29T15:30:02","modified_gmt":"2025-09-29T13:30:02","slug":"se-promener","status":"publish","type":"page","link":"https:\/\/www.haverskerque.fr\/index.php\/se-promener\/","title":{"rendered":"Se promener"},"content":{"rendered":"\n  <style>\n    body {\n      font-family: Arial, sans-serif;\n      background: #f5f5f5;\n      margin: 20px;\n    }\n\n    .grid {\n      display: grid;\n      grid-template-columns: repeat(2, 1fr);\n      gap: 20px;\n      max-width: 1000px;\n      margin: auto;\n    }\n\n    .card {\n      border: 2px solid #fff;\n      background: #fff;\n      overflow: hidden;\n      box-shadow: 0 2px 5px rgba(0,0,0,0.2);\n    }\n\n    .card img {\n      width: 100%;\n      height: auto;\n      display: block;\n    }\n\n    .card-title {\n      background: #c2185b; \/* violet\/rose *\/\n      color: white;\n      text-align: center;\n      padding: 10px;\n      font-weight: bold;\n    }\n  <\/style>\n\n  <div class=\"grid\">\n    <div class=\"card\">\n      <a href=\"http:\/\/haverskerque.fr\/index.php\/foret-de-nieppe-onf\/\">\n<img decoding=\"async\" src=\"https:\/\/haverskerque.fr\/wp-content\/uploads\/2023\/07\/foret-de-nieppe.jpg\" alt=\"For\u00eat domaniale de Nieppe\">\n      <div class=\"card-title\">For\u00eat domaniale de Nieppe<\/div><\/a>\n    <\/div>\n\n    <div class=\"card\">\n<a href=\"http:\/\/haverskerque.fr\/index.php\/randonnees-2\/\">\n      <img decoding=\"async\" src=\"https:\/\/haverskerque.fr\/wp-content\/uploads\/2023\/07\/randonnees.jpg\" alt=\"Randonn\u00e9es\">\n      <div class=\"card-title\">Randonn\u00e9es<\/div><\/a>\n    <\/div>\n\n    <div class=\"card\">\n<a href=\"http:\/\/haverskerque.fr\/index.php\/geocaching\/\">\n      <img decoding=\"async\" src=\"https:\/\/haverskerque.fr\/wp-content\/uploads\/2023\/07\/geocaching.jpg\" alt=\"G\u00e9ocaching\">\n      <div class=\"card-title\">G\u00e9ocaching<\/div><\/a>\n    <\/div>\n\n    <div class=\"card\">\n<a href=\"http:\/\/haverskerque.fr\/index.php\/chemin-de-la-forme\/\">\n      <img decoding=\"async\" src=\"https:\/\/haverskerque.fr\/wp-content\/uploads\/2023\/11\/cheminforme.jpg\" alt=\"Chemins de la Forme\">\n      <div class=\"card-title\">Chemins de la Forme<\/div><\/a>\n    <\/div>\n\n    <div class=\"card\">\n<a href=\"http:\/\/haverskerque.fr\/index.php\/reseau-cyclable\/\">\n      <img decoding=\"async\" src=\"https:\/\/haverskerque.fr\/wp-content\/uploads\/2023\/07\/reseau-cyclable.jpg\" alt=\"R\u00e9seau cyclable\">\n      <div class=\"card-title\">R\u00e9seau cyclable<\/div><\/a>\n    <\/div>\n\n    <div class=\"card\">\n<a href=\"http:\/\/haverskerque.fr\/index.php\/chasse-aux-tresors\/\">\n      <img decoding=\"async\" src=\"https:\/\/haverskerque.fr\/wp-content\/uploads\/2023\/07\/chasse-aux-tresors.jpg\" alt=\"Chasse aux tr\u00e9sors\">\n      <div class=\"card-title\">Chasse aux tr\u00e9sors<\/div><\/a>\n    <\/div>\n  <\/div>\n\n\n\n<p><\/p>\n","protected":false},"excerpt":{"rendered":"<p>For\u00eat domaniale de Nieppe Randonn\u00e9es G\u00e9ocaching Chemins de la Forme R\u00e9seau cyclable Chasse aux tr\u00e9sors<\/p>\n","protected":false},"author":1,"featured_media":0,"parent":0,"menu_order":0,"comment_status":"closed","ping_status":"closed","template":"","meta":{"cybocfi_hide_featured_image":"","footnotes":""},"class_list":["post-3423","page","type-page","status-publish","hentry"],"yoast_head":"<!-- This site is optimized with the Yoast SEO plugin v27.5 - https:\/\/yoast.com\/product\/yoast-seo-wordpress\/ -->\n<title>Se promener * Haverskerque, 100% Nature !*<\/title>\n<meta name=\"robots\" content=\"index, follow, max-snippet:-1, max-image-preview:large, max-video-preview:-1\" \/>\n<link rel=\"canonical\" href=\"https:\/\/www.haverskerque.fr\/index.php\/se-promener\/\" \/>\n<meta property=\"og:locale\" content=\"fr_FR\" \/>\n<meta property=\"og:type\" content=\"article\" \/>\n<meta property=\"og:title\" content=\"Se promener * Haverskerque, 100% Nature !*\" \/>\n<meta property=\"og:description\" content=\"For\u00eat domaniale de Nieppe Randonn\u00e9es G\u00e9ocaching Chemins de la Forme R\u00e9seau cyclable Chasse aux tr\u00e9sors\" \/>\n<meta property=\"og:url\" content=\"https:\/\/www.haverskerque.fr\/index.php\/se-promener\/\" \/>\n<meta property=\"og:site_name\" content=\"Haverskerque, 100% Nature !*\" \/>\n<meta property=\"article:publisher\" content=\"https:\/\/www.facebook.com\/communehaverskerque\" \/>\n<meta property=\"article:modified_time\" content=\"2025-09-29T13:30:02+00:00\" \/>\n<meta property=\"og:image\" content=\"https:\/\/haverskerque.fr\/wp-content\/uploads\/2023\/07\/foret-de-nieppe.jpg\" \/>\n<meta name=\"twitter:card\" content=\"summary_large_image\" \/>\n<meta name=\"twitter:label1\" content=\"Dur\u00e9e de lecture estim\u00e9e\" \/>\n\t<meta name=\"twitter:data1\" content=\"2 minutes\" \/>\n<script type=\"application\/ld+json\" class=\"yoast-schema-graph\">{\"@context\":\"https:\\\/\\\/schema.org\",\"@graph\":[{\"@type\":\"WebPage\",\"@id\":\"https:\\\/\\\/www.haverskerque.fr\\\/index.php\\\/se-promener\\\/\",\"url\":\"https:\\\/\\\/www.haverskerque.fr\\\/index.php\\\/se-promener\\\/\",\"name\":\"Se promener * Haverskerque, 100% Nature !*\",\"isPartOf\":{\"@id\":\"https:\\\/\\\/haverskerque.fr\\\/#website\"},\"primaryImageOfPage\":{\"@id\":\"https:\\\/\\\/www.haverskerque.fr\\\/index.php\\\/se-promener\\\/#primaryimage\"},\"image\":{\"@id\":\"https:\\\/\\\/www.haverskerque.fr\\\/index.php\\\/se-promener\\\/#primaryimage\"},\"thumbnailUrl\":\"https:\\\/\\\/haverskerque.fr\\\/wp-content\\\/uploads\\\/2023\\\/07\\\/foret-de-nieppe.jpg\",\"datePublished\":\"2023-06-26T13:03:34+00:00\",\"dateModified\":\"2025-09-29T13:30:02+00:00\",\"breadcrumb\":{\"@id\":\"https:\\\/\\\/www.haverskerque.fr\\\/index.php\\\/se-promener\\\/#breadcrumb\"},\"inLanguage\":\"fr-FR\",\"potentialAction\":[{\"@type\":\"ReadAction\",\"target\":[\"https:\\\/\\\/www.haverskerque.fr\\\/index.php\\\/se-promener\\\/\"]}]},{\"@type\":\"ImageObject\",\"inLanguage\":\"fr-FR\",\"@id\":\"https:\\\/\\\/www.haverskerque.fr\\\/index.php\\\/se-promener\\\/#primaryimage\",\"url\":\"https:\\\/\\\/haverskerque.fr\\\/wp-content\\\/uploads\\\/2023\\\/07\\\/foret-de-nieppe.jpg\",\"contentUrl\":\"https:\\\/\\\/haverskerque.fr\\\/wp-content\\\/uploads\\\/2023\\\/07\\\/foret-de-nieppe.jpg\"},{\"@type\":\"BreadcrumbList\",\"@id\":\"https:\\\/\\\/www.haverskerque.fr\\\/index.php\\\/se-promener\\\/#breadcrumb\",\"itemListElement\":[{\"@type\":\"ListItem\",\"position\":1,\"name\":\"Accueil\",\"item\":\"https:\\\/\\\/www.haverskerque.fr\\\/\"},{\"@type\":\"ListItem\",\"position\":2,\"name\":\"Se promener\"}]},{\"@type\":\"WebSite\",\"@id\":\"https:\\\/\\\/haverskerque.fr\\\/#website\",\"url\":\"https:\\\/\\\/haverskerque.fr\\\/\",\"name\":\"Haverskerque\",\"description\":\"Haverskerque, 100% Nature !\",\"publisher\":{\"@id\":\"https:\\\/\\\/haverskerque.fr\\\/#organization\"},\"alternateName\":\"Haverskerque\",\"potentialAction\":[{\"@type\":\"SearchAction\",\"target\":{\"@type\":\"EntryPoint\",\"urlTemplate\":\"https:\\\/\\\/haverskerque.fr\\\/?s={search_term_string}\"},\"query-input\":{\"@type\":\"PropertyValueSpecification\",\"valueRequired\":true,\"valueName\":\"search_term_string\"}}],\"inLanguage\":\"fr-FR\"},{\"@type\":\"Organization\",\"@id\":\"https:\\\/\\\/haverskerque.fr\\\/#organization\",\"name\":\"Commune d'Haverskerque\",\"alternateName\":\"Commune d'Haverskerque\",\"url\":\"https:\\\/\\\/haverskerque.fr\\\/\",\"logo\":{\"@type\":\"ImageObject\",\"inLanguage\":\"fr-FR\",\"@id\":\"https:\\\/\\\/haverskerque.fr\\\/#\\\/schema\\\/logo\\\/image\\\/\",\"url\":\"https:\\\/\\\/haverskerque.fr\\\/wp-content\\\/uploads\\\/2024\\\/01\\\/siteon0-e5814-1.png\",\"contentUrl\":\"https:\\\/\\\/haverskerque.fr\\\/wp-content\\\/uploads\\\/2024\\\/01\\\/siteon0-e5814-1.png\",\"width\":236,\"height\":102,\"caption\":\"Commune d'Haverskerque\"},\"image\":{\"@id\":\"https:\\\/\\\/haverskerque.fr\\\/#\\\/schema\\\/logo\\\/image\\\/\"},\"sameAs\":[\"https:\\\/\\\/www.facebook.com\\\/communehaverskerque\",\"https:\\\/\\\/www.instagram.com\\\/communehaverskerque\\\/\"]}]}<\/script>\n<!-- \/ Yoast SEO plugin. -->","yoast_head_json":{"title":"Se promener * Haverskerque, 100% Nature !*","robots":{"index":"index","follow":"follow","max-snippet":"max-snippet:-1","max-image-preview":"max-image-preview:large","max-video-preview":"max-video-preview:-1"},"canonical":"https:\/\/www.haverskerque.fr\/index.php\/se-promener\/","og_locale":"fr_FR","og_type":"article","og_title":"Se promener * Haverskerque, 100% Nature !*","og_description":"For\u00eat domaniale de Nieppe Randonn\u00e9es G\u00e9ocaching Chemins de la Forme R\u00e9seau cyclable Chasse aux tr\u00e9sors","og_url":"https:\/\/www.haverskerque.fr\/index.php\/se-promener\/","og_site_name":"Haverskerque, 100% Nature !*","article_publisher":"https:\/\/www.facebook.com\/communehaverskerque","article_modified_time":"2025-09-29T13:30:02+00:00","og_image":[{"url":"https:\/\/haverskerque.fr\/wp-content\/uploads\/2023\/07\/foret-de-nieppe.jpg","type":"","width":"","height":""}],"twitter_card":"summary_large_image","twitter_misc":{"Dur\u00e9e de lecture estim\u00e9e":"2 minutes"},"schema":{"@context":"https:\/\/schema.org","@graph":[{"@type":"WebPage","@id":"https:\/\/www.haverskerque.fr\/index.php\/se-promener\/","url":"https:\/\/www.haverskerque.fr\/index.php\/se-promener\/","name":"Se promener * Haverskerque, 100% Nature !*","isPartOf":{"@id":"https:\/\/haverskerque.fr\/#website"},"primaryImageOfPage":{"@id":"https:\/\/www.haverskerque.fr\/index.php\/se-promener\/#primaryimage"},"image":{"@id":"https:\/\/www.haverskerque.fr\/index.php\/se-promener\/#primaryimage"},"thumbnailUrl":"https:\/\/haverskerque.fr\/wp-content\/uploads\/2023\/07\/foret-de-nieppe.jpg","datePublished":"2023-06-26T13:03:34+00:00","dateModified":"2025-09-29T13:30:02+00:00","breadcrumb":{"@id":"https:\/\/www.haverskerque.fr\/index.php\/se-promener\/#breadcrumb"},"inLanguage":"fr-FR","potentialAction":[{"@type":"ReadAction","target":["https:\/\/www.haverskerque.fr\/index.php\/se-promener\/"]}]},{"@type":"ImageObject","inLanguage":"fr-FR","@id":"https:\/\/www.haverskerque.fr\/index.php\/se-promener\/#primaryimage","url":"https:\/\/haverskerque.fr\/wp-content\/uploads\/2023\/07\/foret-de-nieppe.jpg","contentUrl":"https:\/\/haverskerque.fr\/wp-content\/uploads\/2023\/07\/foret-de-nieppe.jpg"},{"@type":"BreadcrumbList","@id":"https:\/\/www.haverskerque.fr\/index.php\/se-promener\/#breadcrumb","itemListElement":[{"@type":"ListItem","position":1,"name":"Accueil","item":"https:\/\/www.haverskerque.fr\/"},{"@type":"ListItem","position":2,"name":"Se promener"}]},{"@type":"WebSite","@id":"https:\/\/haverskerque.fr\/#website","url":"https:\/\/haverskerque.fr\/","name":"Haverskerque","description":"Haverskerque, 100% Nature !","publisher":{"@id":"https:\/\/haverskerque.fr\/#organization"},"alternateName":"Haverskerque","potentialAction":[{"@type":"SearchAction","target":{"@type":"EntryPoint","urlTemplate":"https:\/\/haverskerque.fr\/?s={search_term_string}"},"query-input":{"@type":"PropertyValueSpecification","valueRequired":true,"valueName":"search_term_string"}}],"inLanguage":"fr-FR"},{"@type":"Organization","@id":"https:\/\/haverskerque.fr\/#organization","name":"Commune d'Haverskerque","alternateName":"Commune d'Haverskerque","url":"https:\/\/haverskerque.fr\/","logo":{"@type":"ImageObject","inLanguage":"fr-FR","@id":"https:\/\/haverskerque.fr\/#\/schema\/logo\/image\/","url":"https:\/\/haverskerque.fr\/wp-content\/uploads\/2024\/01\/siteon0-e5814-1.png","contentUrl":"https:\/\/haverskerque.fr\/wp-content\/uploads\/2024\/01\/siteon0-e5814-1.png","width":236,"height":102,"caption":"Commune d'Haverskerque"},"image":{"@id":"https:\/\/haverskerque.fr\/#\/schema\/logo\/image\/"},"sameAs":["https:\/\/www.facebook.com\/communehaverskerque","https:\/\/www.instagram.com\/communehaverskerque\/"]}]}},"_links":{"self":[{"href":"https:\/\/www.haverskerque.fr\/index.php\/wp-json\/wp\/v2\/pages\/3423","targetHints":{"allow":["GET"]}}],"collection":[{"href":"https:\/\/www.haverskerque.fr\/index.php\/wp-json\/wp\/v2\/pages"}],"about":[{"href":"https:\/\/www.haverskerque.fr\/index.php\/wp-json\/wp\/v2\/types\/page"}],"author":[{"embeddable":true,"href":"https:\/\/www.haverskerque.fr\/index.php\/wp-json\/wp\/v2\/users\/1"}],"replies":[{"embeddable":true,"href":"https:\/\/www.haverskerque.fr\/index.php\/wp-json\/wp\/v2\/comments?post=3423"}],"version-history":[{"count":18,"href":"https:\/\/www.haverskerque.fr\/index.php\/wp-json\/wp\/v2\/pages\/3423\/revisions"}],"predecessor-version":[{"id":9720,"href":"https:\/\/www.haverskerque.fr\/index.php\/wp-json\/wp\/v2\/pages\/3423\/revisions\/9720"}],"wp:attachment":[{"href":"https:\/\/www.haverskerque.fr\/index.php\/wp-json\/wp\/v2\/media?parent=3423"}],"curies":[{"name":"wp","href":"https:\/\/api.w.org\/{rel}","templated":true}]}}