{"id":3383,"date":"2023-06-26T14:22:35","date_gmt":"2023-06-26T12:22:35","guid":{"rendered":"http:\/\/barbry.esy.es\/?page_id=3383"},"modified":"2024-06-06T10:57:19","modified_gmt":"2024-06-06T08:57:19","slug":"recensement-2","status":"publish","type":"page","link":"https:\/\/www.haverskerque.fr\/index.php\/recensement-2\/","title":{"rendered":"Recensement"},"content":{"rendered":"<div class=\"wp-block-image\">\n<figure class=\"aligncenter size-full is-resized\"><img loading=\"lazy\" decoding=\"async\" width=\"1000\" height=\"525\" src=\"http:\/\/haverskerque.fr\/wp-content\/uploads\/2023\/12\/recensement.jpeg\" alt=\"\" class=\"wp-image-5732\" style=\"object-fit:cover;width:700px;height:393px\" srcset=\"https:\/\/www.haverskerque.fr\/wp-content\/uploads\/2023\/12\/recensement.jpeg 1000w, https:\/\/www.haverskerque.fr\/wp-content\/uploads\/2023\/12\/recensement-300x158.jpeg 300w, https:\/\/www.haverskerque.fr\/wp-content\/uploads\/2023\/12\/recensement-768x403.jpeg 768w\" sizes=\"auto, (max-width: 1000px) 100vw, 1000px\" \/><\/figure>\n<\/div>\n\n\n<figure class=\"wp-block-image size-full is-resized\"><img loading=\"lazy\" decoding=\"async\" width=\"593\" height=\"45\" src=\"https:\/\/haverskerque.fr\/wp-content\/uploads\/2023\/02\/bandeblanche.jpg\" alt=\"\" class=\"wp-image-381\" style=\"width:593px;height:auto\" srcset=\"https:\/\/www.haverskerque.fr\/wp-content\/uploads\/2023\/02\/bandeblanche.jpg 593w, https:\/\/www.haverskerque.fr\/wp-content\/uploads\/2023\/02\/bandeblanche-300x23.jpg 300w\" sizes=\"auto, (max-width: 593px) 100vw, 593px\" \/><\/figure>\n\n\n\n<p><mark style=\"background-color:rgba(0, 0, 0, 0);color:#00a018\" class=\"has-inline-color\">|<\/mark> <em>Vous habitez la commune et allez bient\u00f4t avoir 16 ans ? Vous avez besoin d&rsquo;une attestation de recensement citoyen ? Rendez-vous en mairie dans les 3 mois suivant votre 16\u00e8me anniversaire !<\/em><\/p>\n\n\n\n<figure class=\"wp-block-image size-full is-resized\"><img loading=\"lazy\" decoding=\"async\" width=\"593\" height=\"45\" src=\"https:\/\/haverskerque.fr\/wp-content\/uploads\/2023\/02\/bandeblanche.jpg\" alt=\"\" class=\"wp-image-381\" style=\"width:593px;height:auto\" srcset=\"https:\/\/www.haverskerque.fr\/wp-content\/uploads\/2023\/02\/bandeblanche.jpg 593w, https:\/\/www.haverskerque.fr\/wp-content\/uploads\/2023\/02\/bandeblanche-300x23.jpg 300w\" sizes=\"auto, (max-width: 593px) 100vw, 593px\" \/><\/figure>\n\n\n\n<p>Cette \u00e9tape est obligatoire. Si vous n\u2019avez pas fait votre recensement citoyen dans ce d\u00e9lai, vous pouvez r\u00e9gulariser votre situation jusqu\u2019\u00e0 l\u2019\u00e2ge de 25 ans.<\/p>\n\n\n\n<p>Apr\u00e8s avoir fait votre recensement citoyen :<\/p>\n\n\n\n<ul class=\"wp-block-list\">\n<li>Vous obtenez une attestation de recensement. Cette attestation est indispensable pour pouvoir vous inscrire avant l&rsquo;\u00e2ge de 18 ans \u00e0 un examen (BEP, Bac\u2026) ou un concours administratif en France.<\/li>\n<\/ul>\n\n\n\n<ul class=\"wp-block-list\">\n<li>Vous \u00eates convoqu\u00e9 \u00e0 la journ\u00e9e d\u00e9fense et citoyennet\u00e9 (JDC). Il faut avoir fait la JDC (ou en avoir \u00e9t\u00e9 exempt\u00e9), pour pouvoir vous inscrire \u00e0 partir de 18 ans \u00e0 un examen (BEP, Bac&#8230;), ou \u00e0 un concours administratif, ou \u00e0 l&rsquo;examen du permis de conduire en France. Cette obligation cesse \u00e0 partir de votre 25e anniversaire.<\/li>\n<\/ul>\n\n\n\n<p>Vous \u00eates inscrit automatiquement sur les listes \u00e9lectorales d\u00e8s votre 18e anniversaire et pourrez alors voter.<\/p>\n","protected":false},"excerpt":{"rendered":"<p>| Vous habitez la commune et allez bient\u00f4t avoir 16 ans ? Vous avez besoin d&rsquo;une attestation de recensement citoyen ? Rendez-vous en mairie dans les 3 mois suivant votre 16\u00e8me anniversaire ! Cette \u00e9tape est obligatoire. Si vous n\u2019avez pas fait votre recensement citoyen dans ce d\u00e9lai, vous pouvez r\u00e9gulariser votre situation jusqu\u2019\u00e0 l\u2019\u00e2ge de 25 ans. Apr\u00e8s avoir fait votre recensement citoyen : Vous \u00eates inscrit automatiquement sur les listes \u00e9lectorales d\u00e8s votre 18e anniversaire et pourrez alors voter.<\/p>\n","protected":false},"author":1,"featured_media":0,"parent":0,"menu_order":0,"comment_status":"closed","ping_status":"closed","template":"","meta":{"cybocfi_hide_featured_image":"","footnotes":""},"class_list":["post-3383","page","type-page","status-publish","hentry"],"yoast_head":"<!-- This site is optimized with the Yoast SEO plugin v27.5 - https:\/\/yoast.com\/product\/yoast-seo-wordpress\/ -->\n<title>Recensement * Haverskerque, 100% Nature !*<\/title>\n<meta name=\"robots\" content=\"index, follow, max-snippet:-1, max-image-preview:large, max-video-preview:-1\" \/>\n<link rel=\"canonical\" href=\"https:\/\/www.haverskerque.fr\/index.php\/recensement-2\/\" \/>\n<meta property=\"og:locale\" content=\"fr_FR\" \/>\n<meta property=\"og:type\" content=\"article\" \/>\n<meta property=\"og:title\" content=\"Recensement * Haverskerque, 100% Nature !*\" \/>\n<meta property=\"og:description\" content=\"| Vous habitez la commune et allez bient\u00f4t avoir 16 ans ? Vous avez besoin d&rsquo;une attestation de recensement citoyen ? Rendez-vous en mairie dans les 3 mois suivant votre 16\u00e8me anniversaire ! Cette \u00e9tape est obligatoire. Si vous n\u2019avez pas fait votre recensement citoyen dans ce d\u00e9lai, vous pouvez r\u00e9gulariser votre situation jusqu\u2019\u00e0 l\u2019\u00e2ge de 25 ans. Apr\u00e8s avoir fait votre recensement citoyen : Vous \u00eates inscrit automatiquement sur les listes \u00e9lectorales d\u00e8s votre 18e anniversaire et pourrez alors voter.\" \/>\n<meta property=\"og:url\" content=\"https:\/\/www.haverskerque.fr\/index.php\/recensement-2\/\" \/>\n<meta property=\"og:site_name\" content=\"Haverskerque, 100% Nature !*\" \/>\n<meta property=\"article:publisher\" content=\"https:\/\/www.facebook.com\/communehaverskerque\" \/>\n<meta property=\"article:modified_time\" content=\"2024-06-06T08:57:19+00:00\" \/>\n<meta property=\"og:image\" content=\"http:\/\/haverskerque.fr\/wp-content\/uploads\/2023\/12\/recensement.jpeg\" \/>\n<meta name=\"twitter:card\" content=\"summary_large_image\" \/>\n<meta name=\"twitter:label1\" content=\"Dur\u00e9e de lecture estim\u00e9e\" \/>\n\t<meta name=\"twitter:data1\" content=\"2 minutes\" \/>\n<script type=\"application\/ld+json\" class=\"yoast-schema-graph\">{\"@context\":\"https:\\\/\\\/schema.org\",\"@graph\":[{\"@type\":\"WebPage\",\"@id\":\"https:\\\/\\\/www.haverskerque.fr\\\/index.php\\\/recensement-2\\\/\",\"url\":\"https:\\\/\\\/www.haverskerque.fr\\\/index.php\\\/recensement-2\\\/\",\"name\":\"Recensement * Haverskerque, 100% Nature !*\",\"isPartOf\":{\"@id\":\"https:\\\/\\\/haverskerque.fr\\\/#website\"},\"primaryImageOfPage\":{\"@id\":\"https:\\\/\\\/www.haverskerque.fr\\\/index.php\\\/recensement-2\\\/#primaryimage\"},\"image\":{\"@id\":\"https:\\\/\\\/www.haverskerque.fr\\\/index.php\\\/recensement-2\\\/#primaryimage\"},\"thumbnailUrl\":\"http:\\\/\\\/haverskerque.fr\\\/wp-content\\\/uploads\\\/2023\\\/12\\\/recensement.jpeg\",\"datePublished\":\"2023-06-26T12:22:35+00:00\",\"dateModified\":\"2024-06-06T08:57:19+00:00\",\"breadcrumb\":{\"@id\":\"https:\\\/\\\/www.haverskerque.fr\\\/index.php\\\/recensement-2\\\/#breadcrumb\"},\"inLanguage\":\"fr-FR\",\"potentialAction\":[{\"@type\":\"ReadAction\",\"target\":[\"https:\\\/\\\/www.haverskerque.fr\\\/index.php\\\/recensement-2\\\/\"]}]},{\"@type\":\"ImageObject\",\"inLanguage\":\"fr-FR\",\"@id\":\"https:\\\/\\\/www.haverskerque.fr\\\/index.php\\\/recensement-2\\\/#primaryimage\",\"url\":\"http:\\\/\\\/haverskerque.fr\\\/wp-content\\\/uploads\\\/2023\\\/12\\\/recensement.jpeg\",\"contentUrl\":\"http:\\\/\\\/haverskerque.fr\\\/wp-content\\\/uploads\\\/2023\\\/12\\\/recensement.jpeg\"},{\"@type\":\"BreadcrumbList\",\"@id\":\"https:\\\/\\\/www.haverskerque.fr\\\/index.php\\\/recensement-2\\\/#breadcrumb\",\"itemListElement\":[{\"@type\":\"ListItem\",\"position\":1,\"name\":\"Accueil\",\"item\":\"https:\\\/\\\/www.haverskerque.fr\\\/\"},{\"@type\":\"ListItem\",\"position\":2,\"name\":\"Recensement\"}]},{\"@type\":\"WebSite\",\"@id\":\"https:\\\/\\\/haverskerque.fr\\\/#website\",\"url\":\"https:\\\/\\\/haverskerque.fr\\\/\",\"name\":\"Haverskerque\",\"description\":\"Haverskerque, 100% Nature !\",\"publisher\":{\"@id\":\"https:\\\/\\\/haverskerque.fr\\\/#organization\"},\"alternateName\":\"Haverskerque\",\"potentialAction\":[{\"@type\":\"SearchAction\",\"target\":{\"@type\":\"EntryPoint\",\"urlTemplate\":\"https:\\\/\\\/haverskerque.fr\\\/?s={search_term_string}\"},\"query-input\":{\"@type\":\"PropertyValueSpecification\",\"valueRequired\":true,\"valueName\":\"search_term_string\"}}],\"inLanguage\":\"fr-FR\"},{\"@type\":\"Organization\",\"@id\":\"https:\\\/\\\/haverskerque.fr\\\/#organization\",\"name\":\"Commune d'Haverskerque\",\"alternateName\":\"Commune d'Haverskerque\",\"url\":\"https:\\\/\\\/haverskerque.fr\\\/\",\"logo\":{\"@type\":\"ImageObject\",\"inLanguage\":\"fr-FR\",\"@id\":\"https:\\\/\\\/haverskerque.fr\\\/#\\\/schema\\\/logo\\\/image\\\/\",\"url\":\"https:\\\/\\\/haverskerque.fr\\\/wp-content\\\/uploads\\\/2024\\\/01\\\/siteon0-e5814-1.png\",\"contentUrl\":\"https:\\\/\\\/haverskerque.fr\\\/wp-content\\\/uploads\\\/2024\\\/01\\\/siteon0-e5814-1.png\",\"width\":236,\"height\":102,\"caption\":\"Commune d'Haverskerque\"},\"image\":{\"@id\":\"https:\\\/\\\/haverskerque.fr\\\/#\\\/schema\\\/logo\\\/image\\\/\"},\"sameAs\":[\"https:\\\/\\\/www.facebook.com\\\/communehaverskerque\",\"https:\\\/\\\/www.instagram.com\\\/communehaverskerque\\\/\"]}]}<\/script>\n<!-- \/ Yoast SEO plugin. -->","yoast_head_json":{"title":"Recensement * Haverskerque, 100% Nature !*","robots":{"index":"index","follow":"follow","max-snippet":"max-snippet:-1","max-image-preview":"max-image-preview:large","max-video-preview":"max-video-preview:-1"},"canonical":"https:\/\/www.haverskerque.fr\/index.php\/recensement-2\/","og_locale":"fr_FR","og_type":"article","og_title":"Recensement * Haverskerque, 100% Nature !*","og_description":"| Vous habitez la commune et allez bient\u00f4t avoir 16 ans ? Vous avez besoin d&rsquo;une attestation de recensement citoyen ? Rendez-vous en mairie dans les 3 mois suivant votre 16\u00e8me anniversaire ! Cette \u00e9tape est obligatoire. Si vous n\u2019avez pas fait votre recensement citoyen dans ce d\u00e9lai, vous pouvez r\u00e9gulariser votre situation jusqu\u2019\u00e0 l\u2019\u00e2ge de 25 ans. Apr\u00e8s avoir fait votre recensement citoyen : Vous \u00eates inscrit automatiquement sur les listes \u00e9lectorales d\u00e8s votre 18e anniversaire et pourrez alors voter.","og_url":"https:\/\/www.haverskerque.fr\/index.php\/recensement-2\/","og_site_name":"Haverskerque, 100% Nature !*","article_publisher":"https:\/\/www.facebook.com\/communehaverskerque","article_modified_time":"2024-06-06T08:57:19+00:00","og_image":[{"url":"http:\/\/haverskerque.fr\/wp-content\/uploads\/2023\/12\/recensement.jpeg","type":"","width":"","height":""}],"twitter_card":"summary_large_image","twitter_misc":{"Dur\u00e9e de lecture estim\u00e9e":"2 minutes"},"schema":{"@context":"https:\/\/schema.org","@graph":[{"@type":"WebPage","@id":"https:\/\/www.haverskerque.fr\/index.php\/recensement-2\/","url":"https:\/\/www.haverskerque.fr\/index.php\/recensement-2\/","name":"Recensement * Haverskerque, 100% Nature !*","isPartOf":{"@id":"https:\/\/haverskerque.fr\/#website"},"primaryImageOfPage":{"@id":"https:\/\/www.haverskerque.fr\/index.php\/recensement-2\/#primaryimage"},"image":{"@id":"https:\/\/www.haverskerque.fr\/index.php\/recensement-2\/#primaryimage"},"thumbnailUrl":"http:\/\/haverskerque.fr\/wp-content\/uploads\/2023\/12\/recensement.jpeg","datePublished":"2023-06-26T12:22:35+00:00","dateModified":"2024-06-06T08:57:19+00:00","breadcrumb":{"@id":"https:\/\/www.haverskerque.fr\/index.php\/recensement-2\/#breadcrumb"},"inLanguage":"fr-FR","potentialAction":[{"@type":"ReadAction","target":["https:\/\/www.haverskerque.fr\/index.php\/recensement-2\/"]}]},{"@type":"ImageObject","inLanguage":"fr-FR","@id":"https:\/\/www.haverskerque.fr\/index.php\/recensement-2\/#primaryimage","url":"http:\/\/haverskerque.fr\/wp-content\/uploads\/2023\/12\/recensement.jpeg","contentUrl":"http:\/\/haverskerque.fr\/wp-content\/uploads\/2023\/12\/recensement.jpeg"},{"@type":"BreadcrumbList","@id":"https:\/\/www.haverskerque.fr\/index.php\/recensement-2\/#breadcrumb","itemListElement":[{"@type":"ListItem","position":1,"name":"Accueil","item":"https:\/\/www.haverskerque.fr\/"},{"@type":"ListItem","position":2,"name":"Recensement"}]},{"@type":"WebSite","@id":"https:\/\/haverskerque.fr\/#website","url":"https:\/\/haverskerque.fr\/","name":"Haverskerque","description":"Haverskerque, 100% Nature !","publisher":{"@id":"https:\/\/haverskerque.fr\/#organization"},"alternateName":"Haverskerque","potentialAction":[{"@type":"SearchAction","target":{"@type":"EntryPoint","urlTemplate":"https:\/\/haverskerque.fr\/?s={search_term_string}"},"query-input":{"@type":"PropertyValueSpecification","valueRequired":true,"valueName":"search_term_string"}}],"inLanguage":"fr-FR"},{"@type":"Organization","@id":"https:\/\/haverskerque.fr\/#organization","name":"Commune d'Haverskerque","alternateName":"Commune d'Haverskerque","url":"https:\/\/haverskerque.fr\/","logo":{"@type":"ImageObject","inLanguage":"fr-FR","@id":"https:\/\/haverskerque.fr\/#\/schema\/logo\/image\/","url":"https:\/\/haverskerque.fr\/wp-content\/uploads\/2024\/01\/siteon0-e5814-1.png","contentUrl":"https:\/\/haverskerque.fr\/wp-content\/uploads\/2024\/01\/siteon0-e5814-1.png","width":236,"height":102,"caption":"Commune d'Haverskerque"},"image":{"@id":"https:\/\/haverskerque.fr\/#\/schema\/logo\/image\/"},"sameAs":["https:\/\/www.facebook.com\/communehaverskerque","https:\/\/www.instagram.com\/communehaverskerque\/"]}]}},"_links":{"self":[{"href":"https:\/\/www.haverskerque.fr\/index.php\/wp-json\/wp\/v2\/pages\/3383","targetHints":{"allow":["GET"]}}],"collection":[{"href":"https:\/\/www.haverskerque.fr\/index.php\/wp-json\/wp\/v2\/pages"}],"about":[{"href":"https:\/\/www.haverskerque.fr\/index.php\/wp-json\/wp\/v2\/types\/page"}],"author":[{"embeddable":true,"href":"https:\/\/www.haverskerque.fr\/index.php\/wp-json\/wp\/v2\/users\/1"}],"replies":[{"embeddable":true,"href":"https:\/\/www.haverskerque.fr\/index.php\/wp-json\/wp\/v2\/comments?post=3383"}],"version-history":[{"count":9,"href":"https:\/\/www.haverskerque.fr\/index.php\/wp-json\/wp\/v2\/pages\/3383\/revisions"}],"predecessor-version":[{"id":8044,"href":"https:\/\/www.haverskerque.fr\/index.php\/wp-json\/wp\/v2\/pages\/3383\/revisions\/8044"}],"wp:attachment":[{"href":"https:\/\/www.haverskerque.fr\/index.php\/wp-json\/wp\/v2\/media?parent=3383"}],"curies":[{"name":"wp","href":"https:\/\/api.w.org\/{rel}","templated":true}]}}