{"id":3365,"date":"2023-06-26T14:11:23","date_gmt":"2023-06-26T12:11:23","guid":{"rendered":"http:\/\/barbry.esy.es\/?page_id=3365"},"modified":"2024-06-06T10:47:06","modified_gmt":"2024-06-06T08:47:06","slug":"periscolaire-3","status":"publish","type":"page","link":"https:\/\/www.haverskerque.fr\/index.php\/periscolaire-3\/","title":{"rendered":"Espace famille"},"content":{"rendered":"<div class=\"wp-block-image\">\n<figure class=\"aligncenter is-resized\"><a href=\"https:\/\/haverskerque.myperischool.fr\/connexion\"><img loading=\"lazy\" decoding=\"async\" width=\"600\" height=\"503\" src=\"http:\/\/barbry.esy.es\/wp-content\/uploads\/2023\/03\/espace_famille-81983.png\" alt=\"\" class=\"wp-image-1152\" style=\"width:485px;height:407px\" srcset=\"https:\/\/www.haverskerque.fr\/wp-content\/uploads\/2023\/03\/espace_famille-81983.png 600w, https:\/\/www.haverskerque.fr\/wp-content\/uploads\/2023\/03\/espace_famille-81983-300x252.png 300w\" sizes=\"auto, (max-width: 600px) 100vw, 600px\" \/><\/a><\/figure>\n<\/div>\n\n\n<figure class=\"wp-block-image size-full is-resized\"><img loading=\"lazy\" decoding=\"async\" width=\"593\" height=\"45\" src=\"https:\/\/haverskerque.fr\/wp-content\/uploads\/2023\/02\/bandeblanche.jpg\" alt=\"\" class=\"wp-image-381\" style=\"width:593px;height:auto\" srcset=\"https:\/\/www.haverskerque.fr\/wp-content\/uploads\/2023\/02\/bandeblanche.jpg 593w, https:\/\/www.haverskerque.fr\/wp-content\/uploads\/2023\/02\/bandeblanche-300x23.jpg 300w\" sizes=\"auto, (max-width: 593px) 100vw, 593px\" \/><\/figure>\n\n\n\n<p><mark style=\"background-color:rgba(0, 0, 0, 0);color:#00a018\" class=\"has-inline-color\">|<\/mark> <em>Vous souhaitez inscrire votre enfant au restaurant scolaire ou au centre de loisirs ? Pour cela, il vous faut passer par l&rsquo;application MyP\u00e9rischool.<\/em><\/p>\n\n\n\n<figure class=\"wp-block-image size-full is-resized\"><img loading=\"lazy\" decoding=\"async\" width=\"593\" height=\"45\" src=\"https:\/\/haverskerque.fr\/wp-content\/uploads\/2023\/02\/bandeblanche.jpg\" alt=\"\" class=\"wp-image-381\" style=\"width:593px;height:auto\" srcset=\"https:\/\/www.haverskerque.fr\/wp-content\/uploads\/2023\/02\/bandeblanche.jpg 593w, https:\/\/www.haverskerque.fr\/wp-content\/uploads\/2023\/02\/bandeblanche-300x23.jpg 300w\" sizes=\"auto, (max-width: 593px) 100vw, 593px\" \/><\/figure>\n\n\n\n<p> <\/p>\n\n\n\n<p class=\"has-text-align-left\">Pour acc\u00e9der \u00e0 l\u2019espace famille de la commune, veuillez cliquer&nbsp;<strong><a href=\"https:\/\/haverskerque.myperischool.fr\/connexion\" target=\"_blank\" rel=\"noreferrer noopener\">ici<\/a><\/strong><\/p>\n\n\n\n<p class=\"has-text-align-left\">Nous vous rappelons que la cr\u00e9ation des comptes des enfants est obligatoire pour toutes les inscriptions aux services p\u00e9riscolaires et extrascolaires. Les services de la Mairie restent disponibles en cas de besoin, aux horaires habituels d\u2019ouverture.<\/p>\n\n\n\n<p class=\"has-text-align-left\">Le code d\u2019acc\u00e8s qui vous sera demand\u00e9 lors de l\u2019inscription : <strong>HAV3RSK<\/strong><\/p>\n","protected":false},"excerpt":{"rendered":"<p>| Vous souhaitez inscrire votre enfant au restaurant scolaire ou au centre de loisirs ? Pour cela, il vous faut passer par l&rsquo;application MyP\u00e9rischool. Pour acc\u00e9der \u00e0 l\u2019espace famille de la commune, veuillez cliquer&nbsp;ici Nous vous rappelons que la cr\u00e9ation des comptes des enfants est obligatoire pour toutes les inscriptions aux services p\u00e9riscolaires et extrascolaires. Les services de la Mairie restent disponibles en cas de besoin, aux horaires habituels d\u2019ouverture. Le code d\u2019acc\u00e8s qui vous sera demand\u00e9 lors de l\u2019inscription : HAV3RSK<\/p>\n","protected":false},"author":1,"featured_media":0,"parent":0,"menu_order":0,"comment_status":"closed","ping_status":"closed","template":"","meta":{"cybocfi_hide_featured_image":"","footnotes":""},"class_list":["post-3365","page","type-page","status-publish","hentry"],"yoast_head":"<!-- This site is optimized with the Yoast SEO plugin v27.5 - https:\/\/yoast.com\/product\/yoast-seo-wordpress\/ -->\n<title>Espace famille * Haverskerque, 100% Nature !*<\/title>\n<meta name=\"robots\" content=\"index, follow, max-snippet:-1, max-image-preview:large, max-video-preview:-1\" \/>\n<link rel=\"canonical\" href=\"https:\/\/www.haverskerque.fr\/index.php\/periscolaire-3\/\" \/>\n<meta property=\"og:locale\" content=\"fr_FR\" \/>\n<meta property=\"og:type\" content=\"article\" \/>\n<meta property=\"og:title\" content=\"Espace famille * Haverskerque, 100% Nature !*\" \/>\n<meta property=\"og:description\" content=\"| Vous souhaitez inscrire votre enfant au restaurant scolaire ou au centre de loisirs ? Pour cela, il vous faut passer par l&rsquo;application MyP\u00e9rischool. Pour acc\u00e9der \u00e0 l\u2019espace famille de la commune, veuillez cliquer&nbsp;ici Nous vous rappelons que la cr\u00e9ation des comptes des enfants est obligatoire pour toutes les inscriptions aux services p\u00e9riscolaires et extrascolaires. Les services de la Mairie restent disponibles en cas de besoin, aux horaires habituels d\u2019ouverture. Le code d\u2019acc\u00e8s qui vous sera demand\u00e9 lors de l\u2019inscription : HAV3RSK\" \/>\n<meta property=\"og:url\" content=\"https:\/\/www.haverskerque.fr\/index.php\/periscolaire-3\/\" \/>\n<meta property=\"og:site_name\" content=\"Haverskerque, 100% Nature !*\" \/>\n<meta property=\"article:publisher\" content=\"https:\/\/www.facebook.com\/communehaverskerque\" \/>\n<meta property=\"article:modified_time\" content=\"2024-06-06T08:47:06+00:00\" \/>\n<meta property=\"og:image\" content=\"http:\/\/barbry.esy.es\/wp-content\/uploads\/2023\/03\/espace_famille-81983.png\" \/>\n<meta name=\"twitter:card\" content=\"summary_large_image\" \/>\n<meta name=\"twitter:label1\" content=\"Dur\u00e9e de lecture estim\u00e9e\" \/>\n\t<meta name=\"twitter:data1\" content=\"2 minutes\" \/>\n<script type=\"application\/ld+json\" class=\"yoast-schema-graph\">{\"@context\":\"https:\\\/\\\/schema.org\",\"@graph\":[{\"@type\":\"WebPage\",\"@id\":\"https:\\\/\\\/www.haverskerque.fr\\\/index.php\\\/periscolaire-3\\\/\",\"url\":\"https:\\\/\\\/www.haverskerque.fr\\\/index.php\\\/periscolaire-3\\\/\",\"name\":\"Espace famille * Haverskerque, 100% Nature !*\",\"isPartOf\":{\"@id\":\"https:\\\/\\\/haverskerque.fr\\\/#website\"},\"primaryImageOfPage\":{\"@id\":\"https:\\\/\\\/www.haverskerque.fr\\\/index.php\\\/periscolaire-3\\\/#primaryimage\"},\"image\":{\"@id\":\"https:\\\/\\\/www.haverskerque.fr\\\/index.php\\\/periscolaire-3\\\/#primaryimage\"},\"thumbnailUrl\":\"http:\\\/\\\/barbry.esy.es\\\/wp-content\\\/uploads\\\/2023\\\/03\\\/espace_famille-81983.png\",\"datePublished\":\"2023-06-26T12:11:23+00:00\",\"dateModified\":\"2024-06-06T08:47:06+00:00\",\"breadcrumb\":{\"@id\":\"https:\\\/\\\/www.haverskerque.fr\\\/index.php\\\/periscolaire-3\\\/#breadcrumb\"},\"inLanguage\":\"fr-FR\",\"potentialAction\":[{\"@type\":\"ReadAction\",\"target\":[\"https:\\\/\\\/www.haverskerque.fr\\\/index.php\\\/periscolaire-3\\\/\"]}]},{\"@type\":\"ImageObject\",\"inLanguage\":\"fr-FR\",\"@id\":\"https:\\\/\\\/www.haverskerque.fr\\\/index.php\\\/periscolaire-3\\\/#primaryimage\",\"url\":\"http:\\\/\\\/barbry.esy.es\\\/wp-content\\\/uploads\\\/2023\\\/03\\\/espace_famille-81983.png\",\"contentUrl\":\"http:\\\/\\\/barbry.esy.es\\\/wp-content\\\/uploads\\\/2023\\\/03\\\/espace_famille-81983.png\"},{\"@type\":\"BreadcrumbList\",\"@id\":\"https:\\\/\\\/www.haverskerque.fr\\\/index.php\\\/periscolaire-3\\\/#breadcrumb\",\"itemListElement\":[{\"@type\":\"ListItem\",\"position\":1,\"name\":\"Accueil\",\"item\":\"https:\\\/\\\/www.haverskerque.fr\\\/\"},{\"@type\":\"ListItem\",\"position\":2,\"name\":\"Espace famille\"}]},{\"@type\":\"WebSite\",\"@id\":\"https:\\\/\\\/haverskerque.fr\\\/#website\",\"url\":\"https:\\\/\\\/haverskerque.fr\\\/\",\"name\":\"Haverskerque\",\"description\":\"Haverskerque, 100% Nature !\",\"publisher\":{\"@id\":\"https:\\\/\\\/haverskerque.fr\\\/#organization\"},\"alternateName\":\"Haverskerque\",\"potentialAction\":[{\"@type\":\"SearchAction\",\"target\":{\"@type\":\"EntryPoint\",\"urlTemplate\":\"https:\\\/\\\/haverskerque.fr\\\/?s={search_term_string}\"},\"query-input\":{\"@type\":\"PropertyValueSpecification\",\"valueRequired\":true,\"valueName\":\"search_term_string\"}}],\"inLanguage\":\"fr-FR\"},{\"@type\":\"Organization\",\"@id\":\"https:\\\/\\\/haverskerque.fr\\\/#organization\",\"name\":\"Commune d'Haverskerque\",\"alternateName\":\"Commune d'Haverskerque\",\"url\":\"https:\\\/\\\/haverskerque.fr\\\/\",\"logo\":{\"@type\":\"ImageObject\",\"inLanguage\":\"fr-FR\",\"@id\":\"https:\\\/\\\/haverskerque.fr\\\/#\\\/schema\\\/logo\\\/image\\\/\",\"url\":\"https:\\\/\\\/haverskerque.fr\\\/wp-content\\\/uploads\\\/2024\\\/01\\\/siteon0-e5814-1.png\",\"contentUrl\":\"https:\\\/\\\/haverskerque.fr\\\/wp-content\\\/uploads\\\/2024\\\/01\\\/siteon0-e5814-1.png\",\"width\":236,\"height\":102,\"caption\":\"Commune d'Haverskerque\"},\"image\":{\"@id\":\"https:\\\/\\\/haverskerque.fr\\\/#\\\/schema\\\/logo\\\/image\\\/\"},\"sameAs\":[\"https:\\\/\\\/www.facebook.com\\\/communehaverskerque\",\"https:\\\/\\\/www.instagram.com\\\/communehaverskerque\\\/\"]}]}<\/script>\n<!-- \/ Yoast SEO plugin. -->","yoast_head_json":{"title":"Espace famille * Haverskerque, 100% Nature !*","robots":{"index":"index","follow":"follow","max-snippet":"max-snippet:-1","max-image-preview":"max-image-preview:large","max-video-preview":"max-video-preview:-1"},"canonical":"https:\/\/www.haverskerque.fr\/index.php\/periscolaire-3\/","og_locale":"fr_FR","og_type":"article","og_title":"Espace famille * Haverskerque, 100% Nature !*","og_description":"| Vous souhaitez inscrire votre enfant au restaurant scolaire ou au centre de loisirs ? Pour cela, il vous faut passer par l&rsquo;application MyP\u00e9rischool. Pour acc\u00e9der \u00e0 l\u2019espace famille de la commune, veuillez cliquer&nbsp;ici Nous vous rappelons que la cr\u00e9ation des comptes des enfants est obligatoire pour toutes les inscriptions aux services p\u00e9riscolaires et extrascolaires. Les services de la Mairie restent disponibles en cas de besoin, aux horaires habituels d\u2019ouverture. Le code d\u2019acc\u00e8s qui vous sera demand\u00e9 lors de l\u2019inscription : HAV3RSK","og_url":"https:\/\/www.haverskerque.fr\/index.php\/periscolaire-3\/","og_site_name":"Haverskerque, 100% Nature !*","article_publisher":"https:\/\/www.facebook.com\/communehaverskerque","article_modified_time":"2024-06-06T08:47:06+00:00","og_image":[{"url":"http:\/\/barbry.esy.es\/wp-content\/uploads\/2023\/03\/espace_famille-81983.png","type":"","width":"","height":""}],"twitter_card":"summary_large_image","twitter_misc":{"Dur\u00e9e de lecture estim\u00e9e":"2 minutes"},"schema":{"@context":"https:\/\/schema.org","@graph":[{"@type":"WebPage","@id":"https:\/\/www.haverskerque.fr\/index.php\/periscolaire-3\/","url":"https:\/\/www.haverskerque.fr\/index.php\/periscolaire-3\/","name":"Espace famille * Haverskerque, 100% Nature !*","isPartOf":{"@id":"https:\/\/haverskerque.fr\/#website"},"primaryImageOfPage":{"@id":"https:\/\/www.haverskerque.fr\/index.php\/periscolaire-3\/#primaryimage"},"image":{"@id":"https:\/\/www.haverskerque.fr\/index.php\/periscolaire-3\/#primaryimage"},"thumbnailUrl":"http:\/\/barbry.esy.es\/wp-content\/uploads\/2023\/03\/espace_famille-81983.png","datePublished":"2023-06-26T12:11:23+00:00","dateModified":"2024-06-06T08:47:06+00:00","breadcrumb":{"@id":"https:\/\/www.haverskerque.fr\/index.php\/periscolaire-3\/#breadcrumb"},"inLanguage":"fr-FR","potentialAction":[{"@type":"ReadAction","target":["https:\/\/www.haverskerque.fr\/index.php\/periscolaire-3\/"]}]},{"@type":"ImageObject","inLanguage":"fr-FR","@id":"https:\/\/www.haverskerque.fr\/index.php\/periscolaire-3\/#primaryimage","url":"http:\/\/barbry.esy.es\/wp-content\/uploads\/2023\/03\/espace_famille-81983.png","contentUrl":"http:\/\/barbry.esy.es\/wp-content\/uploads\/2023\/03\/espace_famille-81983.png"},{"@type":"BreadcrumbList","@id":"https:\/\/www.haverskerque.fr\/index.php\/periscolaire-3\/#breadcrumb","itemListElement":[{"@type":"ListItem","position":1,"name":"Accueil","item":"https:\/\/www.haverskerque.fr\/"},{"@type":"ListItem","position":2,"name":"Espace famille"}]},{"@type":"WebSite","@id":"https:\/\/haverskerque.fr\/#website","url":"https:\/\/haverskerque.fr\/","name":"Haverskerque","description":"Haverskerque, 100% Nature !","publisher":{"@id":"https:\/\/haverskerque.fr\/#organization"},"alternateName":"Haverskerque","potentialAction":[{"@type":"SearchAction","target":{"@type":"EntryPoint","urlTemplate":"https:\/\/haverskerque.fr\/?s={search_term_string}"},"query-input":{"@type":"PropertyValueSpecification","valueRequired":true,"valueName":"search_term_string"}}],"inLanguage":"fr-FR"},{"@type":"Organization","@id":"https:\/\/haverskerque.fr\/#organization","name":"Commune d'Haverskerque","alternateName":"Commune d'Haverskerque","url":"https:\/\/haverskerque.fr\/","logo":{"@type":"ImageObject","inLanguage":"fr-FR","@id":"https:\/\/haverskerque.fr\/#\/schema\/logo\/image\/","url":"https:\/\/haverskerque.fr\/wp-content\/uploads\/2024\/01\/siteon0-e5814-1.png","contentUrl":"https:\/\/haverskerque.fr\/wp-content\/uploads\/2024\/01\/siteon0-e5814-1.png","width":236,"height":102,"caption":"Commune d'Haverskerque"},"image":{"@id":"https:\/\/haverskerque.fr\/#\/schema\/logo\/image\/"},"sameAs":["https:\/\/www.facebook.com\/communehaverskerque","https:\/\/www.instagram.com\/communehaverskerque\/"]}]}},"_links":{"self":[{"href":"https:\/\/www.haverskerque.fr\/index.php\/wp-json\/wp\/v2\/pages\/3365","targetHints":{"allow":["GET"]}}],"collection":[{"href":"https:\/\/www.haverskerque.fr\/index.php\/wp-json\/wp\/v2\/pages"}],"about":[{"href":"https:\/\/www.haverskerque.fr\/index.php\/wp-json\/wp\/v2\/types\/page"}],"author":[{"embeddable":true,"href":"https:\/\/www.haverskerque.fr\/index.php\/wp-json\/wp\/v2\/users\/1"}],"replies":[{"embeddable":true,"href":"https:\/\/www.haverskerque.fr\/index.php\/wp-json\/wp\/v2\/comments?post=3365"}],"version-history":[{"count":8,"href":"https:\/\/www.haverskerque.fr\/index.php\/wp-json\/wp\/v2\/pages\/3365\/revisions"}],"predecessor-version":[{"id":8036,"href":"https:\/\/www.haverskerque.fr\/index.php\/wp-json\/wp\/v2\/pages\/3365\/revisions\/8036"}],"wp:attachment":[{"href":"https:\/\/www.haverskerque.fr\/index.php\/wp-json\/wp\/v2\/media?parent=3365"}],"curies":[{"name":"wp","href":"https:\/\/api.w.org\/{rel}","templated":true}]}}