{"id":3348,"date":"2023-06-26T13:56:06","date_gmt":"2023-06-26T11:56:06","guid":{"rendered":"http:\/\/barbry.esy.es\/?page_id=3348"},"modified":"2026-03-27T14:19:59","modified_gmt":"2026-03-27T13:19:59","slug":"infolys-2","status":"publish","type":"page","link":"https:\/\/www.haverskerque.fr\/index.php\/infolys-2\/","title":{"rendered":"Infolys"},"content":{"rendered":"<div class=\"wp-block-image\">\n<figure class=\"aligncenter size-large is-resized\"><img loading=\"lazy\" decoding=\"async\" width=\"1024\" height=\"576\" src=\"https:\/\/haverskerque.fr\/wp-content\/uploads\/2024\/01\/Infolys-1024x576.png\" alt=\"\" class=\"wp-image-7214\" style=\"object-fit:cover;width:700px;height:393px\" srcset=\"https:\/\/www.haverskerque.fr\/wp-content\/uploads\/2024\/01\/Infolys-1024x576.png 1024w, https:\/\/www.haverskerque.fr\/wp-content\/uploads\/2024\/01\/Infolys-300x169.png 300w, https:\/\/www.haverskerque.fr\/wp-content\/uploads\/2024\/01\/Infolys-768x432.png 768w, https:\/\/www.haverskerque.fr\/wp-content\/uploads\/2024\/01\/Infolys-1536x864.png 1536w, https:\/\/www.haverskerque.fr\/wp-content\/uploads\/2024\/01\/Infolys-1140x641.png 1140w, https:\/\/www.haverskerque.fr\/wp-content\/uploads\/2024\/01\/Infolys.png 1920w\" sizes=\"auto, (max-width: 1024px) 100vw, 1024px\" \/><\/figure>\n<\/div>\n\n\n<figure class=\"wp-block-image size-full\"><img loading=\"lazy\" decoding=\"async\" width=\"593\" height=\"45\" src=\"https:\/\/haverskerque.fr\/wp-content\/uploads\/2023\/02\/bandeblanche.jpg\" alt=\"\" class=\"wp-image-381\" srcset=\"https:\/\/www.haverskerque.fr\/wp-content\/uploads\/2023\/02\/bandeblanche.jpg 593w, https:\/\/www.haverskerque.fr\/wp-content\/uploads\/2023\/02\/bandeblanche-300x23.jpg 300w\" sizes=\"auto, (max-width: 593px) 100vw, 593px\" \/><\/figure>\n\n\n\n<p><mark style=\"background-color:rgba(0, 0, 0, 0);color:#00a018\" class=\"has-inline-color\">|<\/mark> <em>Vous habitez \u00e0 proximit\u00e9 d&rsquo;un cours d&rsquo;eau et souhaitez avoir des informations sur les situations de dysfonctionnement potentielles de ce dernier ?! Retrouvez ci-dessous des \u00e9l\u00e9ments de r\u00e9ponses.<\/em><\/p>\n\n\n\n<figure class=\"wp-block-image size-full\"><img loading=\"lazy\" decoding=\"async\" width=\"593\" height=\"45\" src=\"https:\/\/haverskerque.fr\/wp-content\/uploads\/2023\/02\/bandeblanche.jpg\" alt=\"\" class=\"wp-image-381\" srcset=\"https:\/\/www.haverskerque.fr\/wp-content\/uploads\/2023\/02\/bandeblanche.jpg 593w, https:\/\/www.haverskerque.fr\/wp-content\/uploads\/2023\/02\/bandeblanche-300x23.jpg 300w\" sizes=\"auto, (max-width: 593px) 100vw, 593px\" \/><\/figure>\n\n\n\n<p>En partenariat avec la&nbsp;Direction d\u00e9partementale des territoires et de la mer (DDTM)&nbsp;et les pr\u00e9fectures du Nord et Pas de Calais, le Symsagel met \u00e0 disposition un guide pratique et p\u00e9dagogique :<\/p>\n\n\n\n<div class=\"wp-block-file\"><a id=\"wp-block-file--media-3b267421-d91f-4083-a356-55e8be59cc95\" href=\"https:\/\/www.haverskerque.fr\/wp-content\/uploads\/2024\/01\/INFOLYS_GUIDE-PRATIQUE-PROPRIETAIRE-RIV-2021.pdf\" target=\"_blank\" rel=\"noreferrer noopener\">INFOLYS_GUIDE PRATIQUE PROPRIETAIRE RIV 2021<\/a><a href=\"https:\/\/www.haverskerque.fr\/wp-content\/uploads\/2024\/01\/INFOLYS_GUIDE-PRATIQUE-PROPRIETAIRE-RIV-2021.pdf\" class=\"wp-block-file__button wp-element-button\" download aria-describedby=\"wp-block-file--media-3b267421-d91f-4083-a356-55e8be59cc95\">T\u00e9l\u00e9charger<\/a><\/div>\n\n\n\n<figure class=\"wp-block-image size-full\"><img loading=\"lazy\" decoding=\"async\" width=\"593\" height=\"45\" src=\"https:\/\/haverskerque.fr\/wp-content\/uploads\/2023\/02\/bandeblanche.jpg\" alt=\"\" class=\"wp-image-381\" srcset=\"https:\/\/www.haverskerque.fr\/wp-content\/uploads\/2023\/02\/bandeblanche.jpg 593w, https:\/\/www.haverskerque.fr\/wp-content\/uploads\/2023\/02\/bandeblanche-300x23.jpg 300w\" sizes=\"auto, (max-width: 593px) 100vw, 593px\" \/><\/figure>\n\n\n\n<h3 class=\"wp-block-heading\"><strong><mark style=\"background-color:rgba(0, 0, 0, 0);color:#00a018\" class=\"has-inline-color\">|<\/mark> PLANTES INVASIVES EXOTIQUES : il est possible d&rsquo;agir !<\/strong><\/h3>\n\n\n\n<figure class=\"wp-block-image size-full\"><img loading=\"lazy\" decoding=\"async\" width=\"593\" height=\"45\" src=\"https:\/\/haverskerque.fr\/wp-content\/uploads\/2023\/02\/bandeblanche.jpg\" alt=\"\" class=\"wp-image-381\" srcset=\"https:\/\/www.haverskerque.fr\/wp-content\/uploads\/2023\/02\/bandeblanche.jpg 593w, https:\/\/www.haverskerque.fr\/wp-content\/uploads\/2023\/02\/bandeblanche-300x23.jpg 300w\" sizes=\"auto, (max-width: 593px) 100vw, 593px\" \/><\/figure>\n\n\n\n<p>Sur le territoire de la Lys, certaines plantes exotiques envahissantes, comme la myriophylle du Br\u00e9sil, menacent directement le bon fonctionnement des cours d\u2019eau.<\/p>\n\n\n\n<p>En formant des bouchons v\u00e9g\u00e9taux, elles ralentissent l\u2019\u00e9coulement de l\u2019eau et augmentent le risque d\u2019inondation.<\/p>\n\n\n\n<p>Rep\u00e9rer et signaler rapidement la pr\u00e9sence de ces plantes permet :<\/p>\n\n\n\n<figure class=\"wp-block-image size-full\"><img loading=\"lazy\" decoding=\"async\" width=\"593\" height=\"45\" src=\"https:\/\/haverskerque.fr\/wp-content\/uploads\/2023\/02\/bandeblanche.jpg\" alt=\"\" class=\"wp-image-381\" srcset=\"https:\/\/www.haverskerque.fr\/wp-content\/uploads\/2023\/02\/bandeblanche.jpg 593w, https:\/\/www.haverskerque.fr\/wp-content\/uploads\/2023\/02\/bandeblanche-300x23.jpg 300w\" sizes=\"auto, (max-width: 593px) 100vw, 593px\" \/><\/figure>\n\n\n\n<ul class=\"wp-block-list\">\n<li>D&rsquo;agir avant leur prolif\u00e9ration<\/li>\n<\/ul>\n\n\n\n<ul class=\"wp-block-list\">\n<li>De limiter fortement leur expansion <\/li>\n<\/ul>\n\n\n\n<ul class=\"wp-block-list\">\n<li>De r\u00e9duire les co\u00fbts d&rsquo;intervention <\/li>\n<\/ul>\n\n\n\n<ul class=\"wp-block-list\">\n<li>De pr\u00e9server durablement les milieux aquatiques <\/li>\n<\/ul>\n\n\n\n<figure class=\"wp-block-image size-full\"><img loading=\"lazy\" decoding=\"async\" width=\"593\" height=\"45\" src=\"https:\/\/haverskerque.fr\/wp-content\/uploads\/2023\/02\/bandeblanche.jpg\" alt=\"\" class=\"wp-image-381\" srcset=\"https:\/\/www.haverskerque.fr\/wp-content\/uploads\/2023\/02\/bandeblanche.jpg 593w, https:\/\/www.haverskerque.fr\/wp-content\/uploads\/2023\/02\/bandeblanche-300x23.jpg 300w\" sizes=\"auto, (max-width: 593px) 100vw, 593px\" \/><\/figure>\n\n\n\n<p><strong><a href=\"https:\/\/www.youtube.com\/watch?v=2-RSgEtiJEM\" target=\"_blank\" rel=\"noreferrer noopener\">Vid\u00e9o explicative<\/a><\/strong><\/p>\n\n\n\n<p>\u26a0\ufe0f Pour signaler : <strong><a href=\"https:\/\/www.sage-lys.net\/fr\/contact\" target=\"_blank\" rel=\"noreferrer noopener\">cliquez ici<\/a><\/strong> \u26a0\ufe0f<\/p>\n\n\n\n<p>Avec Infolys d\u00e9couvrez tous les moyens d&rsquo;intervention \u00e0 votre disposition : <strong><a href=\"https:\/\/www.sage-lys.net\/fr\/page\/lutter-contre-les-especes-exotiques-envahissantes\" target=\"_blank\" rel=\"noreferrer noopener\">cliquez ici<\/a><\/strong><\/p>\n","protected":false},"excerpt":{"rendered":"<p>| Vous habitez \u00e0 proximit\u00e9 d&rsquo;un cours d&rsquo;eau et souhaitez avoir des informations sur les situations de dysfonctionnement potentielles de ce dernier ?! Retrouvez ci-dessous des \u00e9l\u00e9ments de r\u00e9ponses. En partenariat avec la&nbsp;Direction d\u00e9partementale des territoires et de la mer (DDTM)&nbsp;et les pr\u00e9fectures du Nord et Pas de Calais, le Symsagel met \u00e0 disposition un guide pratique et p\u00e9dagogique : | PLANTES INVASIVES EXOTIQUES : il est possible d&rsquo;agir ! Sur le territoire de la Lys, certaines plantes exotiques envahissantes, comme la myriophylle du Br\u00e9sil, menacent directement le bon fonctionnement des cours d\u2019eau. En formant des bouchons v\u00e9g\u00e9taux, elles ralentissent l\u2019\u00e9coulement de l\u2019eau et augmentent le risque d\u2019inondation. Rep\u00e9rer et signaler rapidement la pr\u00e9sence de ces plantes permet : Vid\u00e9o explicative \u26a0\ufe0f Pour signaler : cliquez ici \u26a0\ufe0f Avec Infolys d\u00e9couvrez tous les moyens d&rsquo;intervention \u00e0 votre disposition : cliquez ici<\/p>\n","protected":false},"author":1,"featured_media":0,"parent":0,"menu_order":0,"comment_status":"closed","ping_status":"closed","template":"","meta":{"cybocfi_hide_featured_image":"","footnotes":""},"class_list":["post-3348","page","type-page","status-publish","hentry"],"yoast_head":"<!-- This site is optimized with the Yoast SEO plugin v27.5 - https:\/\/yoast.com\/product\/yoast-seo-wordpress\/ -->\n<title>Infolys * Haverskerque, 100% Nature !*<\/title>\n<meta name=\"robots\" content=\"index, follow, max-snippet:-1, max-image-preview:large, max-video-preview:-1\" \/>\n<link rel=\"canonical\" href=\"https:\/\/www.haverskerque.fr\/index.php\/infolys-2\/\" \/>\n<meta property=\"og:locale\" content=\"fr_FR\" \/>\n<meta property=\"og:type\" content=\"article\" \/>\n<meta property=\"og:title\" content=\"Infolys * Haverskerque, 100% Nature !*\" \/>\n<meta property=\"og:description\" content=\"| Vous habitez \u00e0 proximit\u00e9 d&rsquo;un cours d&rsquo;eau et souhaitez avoir des informations sur les situations de dysfonctionnement potentielles de ce dernier ?! Retrouvez ci-dessous des \u00e9l\u00e9ments de r\u00e9ponses. En partenariat avec la&nbsp;Direction d\u00e9partementale des territoires et de la mer (DDTM)&nbsp;et les pr\u00e9fectures du Nord et Pas de Calais, le Symsagel met \u00e0 disposition un guide pratique et p\u00e9dagogique : | PLANTES INVASIVES EXOTIQUES : il est possible d&rsquo;agir ! Sur le territoire de la Lys, certaines plantes exotiques envahissantes, comme la myriophylle du Br\u00e9sil, menacent directement le bon fonctionnement des cours d\u2019eau. En formant des bouchons v\u00e9g\u00e9taux, elles ralentissent l\u2019\u00e9coulement de l\u2019eau et augmentent le risque d\u2019inondation. Rep\u00e9rer et signaler rapidement la pr\u00e9sence de ces plantes permet : Vid\u00e9o explicative \u26a0\ufe0f Pour signaler : cliquez ici \u26a0\ufe0f Avec Infolys d\u00e9couvrez tous les moyens d&rsquo;intervention \u00e0 votre disposition : cliquez ici\" \/>\n<meta property=\"og:url\" content=\"https:\/\/www.haverskerque.fr\/index.php\/infolys-2\/\" \/>\n<meta property=\"og:site_name\" content=\"Haverskerque, 100% Nature !*\" \/>\n<meta property=\"article:publisher\" content=\"https:\/\/www.facebook.com\/communehaverskerque\" \/>\n<meta property=\"article:modified_time\" content=\"2026-03-27T13:19:59+00:00\" \/>\n<meta property=\"og:image\" content=\"https:\/\/www.haverskerque.fr\/wp-content\/uploads\/2024\/01\/Infolys.png\" \/>\n\t<meta property=\"og:image:width\" content=\"1920\" \/>\n\t<meta property=\"og:image:height\" content=\"1080\" \/>\n\t<meta property=\"og:image:type\" content=\"image\/png\" \/>\n<meta name=\"twitter:card\" content=\"summary_large_image\" \/>\n<meta name=\"twitter:label1\" content=\"Dur\u00e9e de lecture estim\u00e9e\" \/>\n\t<meta name=\"twitter:data1\" content=\"3 minutes\" \/>\n<script type=\"application\/ld+json\" class=\"yoast-schema-graph\">{\"@context\":\"https:\\\/\\\/schema.org\",\"@graph\":[{\"@type\":\"WebPage\",\"@id\":\"https:\\\/\\\/www.haverskerque.fr\\\/index.php\\\/infolys-2\\\/\",\"url\":\"https:\\\/\\\/www.haverskerque.fr\\\/index.php\\\/infolys-2\\\/\",\"name\":\"Infolys * Haverskerque, 100% Nature !*\",\"isPartOf\":{\"@id\":\"https:\\\/\\\/haverskerque.fr\\\/#website\"},\"primaryImageOfPage\":{\"@id\":\"https:\\\/\\\/www.haverskerque.fr\\\/index.php\\\/infolys-2\\\/#primaryimage\"},\"image\":{\"@id\":\"https:\\\/\\\/www.haverskerque.fr\\\/index.php\\\/infolys-2\\\/#primaryimage\"},\"thumbnailUrl\":\"https:\\\/\\\/haverskerque.fr\\\/wp-content\\\/uploads\\\/2024\\\/01\\\/Infolys-1024x576.png\",\"datePublished\":\"2023-06-26T11:56:06+00:00\",\"dateModified\":\"2026-03-27T13:19:59+00:00\",\"breadcrumb\":{\"@id\":\"https:\\\/\\\/www.haverskerque.fr\\\/index.php\\\/infolys-2\\\/#breadcrumb\"},\"inLanguage\":\"fr-FR\",\"potentialAction\":[{\"@type\":\"ReadAction\",\"target\":[\"https:\\\/\\\/www.haverskerque.fr\\\/index.php\\\/infolys-2\\\/\"]}]},{\"@type\":\"ImageObject\",\"inLanguage\":\"fr-FR\",\"@id\":\"https:\\\/\\\/www.haverskerque.fr\\\/index.php\\\/infolys-2\\\/#primaryimage\",\"url\":\"https:\\\/\\\/haverskerque.fr\\\/wp-content\\\/uploads\\\/2024\\\/01\\\/Infolys-1024x576.png\",\"contentUrl\":\"https:\\\/\\\/haverskerque.fr\\\/wp-content\\\/uploads\\\/2024\\\/01\\\/Infolys-1024x576.png\"},{\"@type\":\"BreadcrumbList\",\"@id\":\"https:\\\/\\\/www.haverskerque.fr\\\/index.php\\\/infolys-2\\\/#breadcrumb\",\"itemListElement\":[{\"@type\":\"ListItem\",\"position\":1,\"name\":\"Accueil\",\"item\":\"https:\\\/\\\/www.haverskerque.fr\\\/\"},{\"@type\":\"ListItem\",\"position\":2,\"name\":\"Infolys\"}]},{\"@type\":\"WebSite\",\"@id\":\"https:\\\/\\\/haverskerque.fr\\\/#website\",\"url\":\"https:\\\/\\\/haverskerque.fr\\\/\",\"name\":\"Haverskerque\",\"description\":\"Haverskerque, 100% Nature !\",\"publisher\":{\"@id\":\"https:\\\/\\\/haverskerque.fr\\\/#organization\"},\"alternateName\":\"Haverskerque\",\"potentialAction\":[{\"@type\":\"SearchAction\",\"target\":{\"@type\":\"EntryPoint\",\"urlTemplate\":\"https:\\\/\\\/haverskerque.fr\\\/?s={search_term_string}\"},\"query-input\":{\"@type\":\"PropertyValueSpecification\",\"valueRequired\":true,\"valueName\":\"search_term_string\"}}],\"inLanguage\":\"fr-FR\"},{\"@type\":\"Organization\",\"@id\":\"https:\\\/\\\/haverskerque.fr\\\/#organization\",\"name\":\"Commune d'Haverskerque\",\"alternateName\":\"Commune d'Haverskerque\",\"url\":\"https:\\\/\\\/haverskerque.fr\\\/\",\"logo\":{\"@type\":\"ImageObject\",\"inLanguage\":\"fr-FR\",\"@id\":\"https:\\\/\\\/haverskerque.fr\\\/#\\\/schema\\\/logo\\\/image\\\/\",\"url\":\"https:\\\/\\\/haverskerque.fr\\\/wp-content\\\/uploads\\\/2024\\\/01\\\/siteon0-e5814-1.png\",\"contentUrl\":\"https:\\\/\\\/haverskerque.fr\\\/wp-content\\\/uploads\\\/2024\\\/01\\\/siteon0-e5814-1.png\",\"width\":236,\"height\":102,\"caption\":\"Commune d'Haverskerque\"},\"image\":{\"@id\":\"https:\\\/\\\/haverskerque.fr\\\/#\\\/schema\\\/logo\\\/image\\\/\"},\"sameAs\":[\"https:\\\/\\\/www.facebook.com\\\/communehaverskerque\",\"https:\\\/\\\/www.instagram.com\\\/communehaverskerque\\\/\"]}]}<\/script>\n<!-- \/ Yoast SEO plugin. -->","yoast_head_json":{"title":"Infolys * Haverskerque, 100% Nature !*","robots":{"index":"index","follow":"follow","max-snippet":"max-snippet:-1","max-image-preview":"max-image-preview:large","max-video-preview":"max-video-preview:-1"},"canonical":"https:\/\/www.haverskerque.fr\/index.php\/infolys-2\/","og_locale":"fr_FR","og_type":"article","og_title":"Infolys * Haverskerque, 100% Nature !*","og_description":"| Vous habitez \u00e0 proximit\u00e9 d&rsquo;un cours d&rsquo;eau et souhaitez avoir des informations sur les situations de dysfonctionnement potentielles de ce dernier ?! Retrouvez ci-dessous des \u00e9l\u00e9ments de r\u00e9ponses. En partenariat avec la&nbsp;Direction d\u00e9partementale des territoires et de la mer (DDTM)&nbsp;et les pr\u00e9fectures du Nord et Pas de Calais, le Symsagel met \u00e0 disposition un guide pratique et p\u00e9dagogique : | PLANTES INVASIVES EXOTIQUES : il est possible d&rsquo;agir ! Sur le territoire de la Lys, certaines plantes exotiques envahissantes, comme la myriophylle du Br\u00e9sil, menacent directement le bon fonctionnement des cours d\u2019eau. En formant des bouchons v\u00e9g\u00e9taux, elles ralentissent l\u2019\u00e9coulement de l\u2019eau et augmentent le risque d\u2019inondation. Rep\u00e9rer et signaler rapidement la pr\u00e9sence de ces plantes permet : Vid\u00e9o explicative \u26a0\ufe0f Pour signaler : cliquez ici \u26a0\ufe0f Avec Infolys d\u00e9couvrez tous les moyens d&rsquo;intervention \u00e0 votre disposition : cliquez ici","og_url":"https:\/\/www.haverskerque.fr\/index.php\/infolys-2\/","og_site_name":"Haverskerque, 100% Nature !*","article_publisher":"https:\/\/www.facebook.com\/communehaverskerque","article_modified_time":"2026-03-27T13:19:59+00:00","og_image":[{"width":1920,"height":1080,"url":"https:\/\/www.haverskerque.fr\/wp-content\/uploads\/2024\/01\/Infolys.png","type":"image\/png"}],"twitter_card":"summary_large_image","twitter_misc":{"Dur\u00e9e de lecture estim\u00e9e":"3 minutes"},"schema":{"@context":"https:\/\/schema.org","@graph":[{"@type":"WebPage","@id":"https:\/\/www.haverskerque.fr\/index.php\/infolys-2\/","url":"https:\/\/www.haverskerque.fr\/index.php\/infolys-2\/","name":"Infolys * Haverskerque, 100% Nature !*","isPartOf":{"@id":"https:\/\/haverskerque.fr\/#website"},"primaryImageOfPage":{"@id":"https:\/\/www.haverskerque.fr\/index.php\/infolys-2\/#primaryimage"},"image":{"@id":"https:\/\/www.haverskerque.fr\/index.php\/infolys-2\/#primaryimage"},"thumbnailUrl":"https:\/\/haverskerque.fr\/wp-content\/uploads\/2024\/01\/Infolys-1024x576.png","datePublished":"2023-06-26T11:56:06+00:00","dateModified":"2026-03-27T13:19:59+00:00","breadcrumb":{"@id":"https:\/\/www.haverskerque.fr\/index.php\/infolys-2\/#breadcrumb"},"inLanguage":"fr-FR","potentialAction":[{"@type":"ReadAction","target":["https:\/\/www.haverskerque.fr\/index.php\/infolys-2\/"]}]},{"@type":"ImageObject","inLanguage":"fr-FR","@id":"https:\/\/www.haverskerque.fr\/index.php\/infolys-2\/#primaryimage","url":"https:\/\/haverskerque.fr\/wp-content\/uploads\/2024\/01\/Infolys-1024x576.png","contentUrl":"https:\/\/haverskerque.fr\/wp-content\/uploads\/2024\/01\/Infolys-1024x576.png"},{"@type":"BreadcrumbList","@id":"https:\/\/www.haverskerque.fr\/index.php\/infolys-2\/#breadcrumb","itemListElement":[{"@type":"ListItem","position":1,"name":"Accueil","item":"https:\/\/www.haverskerque.fr\/"},{"@type":"ListItem","position":2,"name":"Infolys"}]},{"@type":"WebSite","@id":"https:\/\/haverskerque.fr\/#website","url":"https:\/\/haverskerque.fr\/","name":"Haverskerque","description":"Haverskerque, 100% Nature !","publisher":{"@id":"https:\/\/haverskerque.fr\/#organization"},"alternateName":"Haverskerque","potentialAction":[{"@type":"SearchAction","target":{"@type":"EntryPoint","urlTemplate":"https:\/\/haverskerque.fr\/?s={search_term_string}"},"query-input":{"@type":"PropertyValueSpecification","valueRequired":true,"valueName":"search_term_string"}}],"inLanguage":"fr-FR"},{"@type":"Organization","@id":"https:\/\/haverskerque.fr\/#organization","name":"Commune d'Haverskerque","alternateName":"Commune d'Haverskerque","url":"https:\/\/haverskerque.fr\/","logo":{"@type":"ImageObject","inLanguage":"fr-FR","@id":"https:\/\/haverskerque.fr\/#\/schema\/logo\/image\/","url":"https:\/\/haverskerque.fr\/wp-content\/uploads\/2024\/01\/siteon0-e5814-1.png","contentUrl":"https:\/\/haverskerque.fr\/wp-content\/uploads\/2024\/01\/siteon0-e5814-1.png","width":236,"height":102,"caption":"Commune d'Haverskerque"},"image":{"@id":"https:\/\/haverskerque.fr\/#\/schema\/logo\/image\/"},"sameAs":["https:\/\/www.facebook.com\/communehaverskerque","https:\/\/www.instagram.com\/communehaverskerque\/"]}]}},"_links":{"self":[{"href":"https:\/\/www.haverskerque.fr\/index.php\/wp-json\/wp\/v2\/pages\/3348","targetHints":{"allow":["GET"]}}],"collection":[{"href":"https:\/\/www.haverskerque.fr\/index.php\/wp-json\/wp\/v2\/pages"}],"about":[{"href":"https:\/\/www.haverskerque.fr\/index.php\/wp-json\/wp\/v2\/types\/page"}],"author":[{"embeddable":true,"href":"https:\/\/www.haverskerque.fr\/index.php\/wp-json\/wp\/v2\/users\/1"}],"replies":[{"embeddable":true,"href":"https:\/\/www.haverskerque.fr\/index.php\/wp-json\/wp\/v2\/comments?post=3348"}],"version-history":[{"count":13,"href":"https:\/\/www.haverskerque.fr\/index.php\/wp-json\/wp\/v2\/pages\/3348\/revisions"}],"predecessor-version":[{"id":10371,"href":"https:\/\/www.haverskerque.fr\/index.php\/wp-json\/wp\/v2\/pages\/3348\/revisions\/10371"}],"wp:attachment":[{"href":"https:\/\/www.haverskerque.fr\/index.php\/wp-json\/wp\/v2\/media?parent=3348"}],"curies":[{"name":"wp","href":"https:\/\/api.w.org\/{rel}","templated":true}]}}