{"id":3346,"date":"2023-06-26T13:55:28","date_gmt":"2023-06-26T11:55:28","guid":{"rendered":"http:\/\/barbry.esy.es\/?page_id=3346"},"modified":"2024-04-09T15:57:17","modified_gmt":"2024-04-09T13:57:17","slug":"depots-sauvages","status":"publish","type":"page","link":"https:\/\/www.haverskerque.fr\/index.php\/depots-sauvages\/","title":{"rendered":"D\u00e9p\u00f4ts sauvages"},"content":{"rendered":"<div class=\"wp-block-image is-resized\">\n<figure class=\"aligncenter size-large\"><img loading=\"lazy\" decoding=\"async\" width=\"1024\" height=\"576\" src=\"http:\/\/barbry.esy.es\/wp-content\/uploads\/2023\/12\/Depots-sauvages-1-1024x576.png\" alt=\"\" class=\"wp-image-6309\" style=\"object-fit:cover;width:700px;height:393px\" srcset=\"https:\/\/www.haverskerque.fr\/wp-content\/uploads\/2023\/12\/Depots-sauvages-1-1024x576.png 1024w, https:\/\/www.haverskerque.fr\/wp-content\/uploads\/2023\/12\/Depots-sauvages-1-300x169.png 300w, https:\/\/www.haverskerque.fr\/wp-content\/uploads\/2023\/12\/Depots-sauvages-1-768x432.png 768w, https:\/\/www.haverskerque.fr\/wp-content\/uploads\/2023\/12\/Depots-sauvages-1-1536x864.png 1536w, https:\/\/www.haverskerque.fr\/wp-content\/uploads\/2023\/12\/Depots-sauvages-1-1140x641.png 1140w, https:\/\/www.haverskerque.fr\/wp-content\/uploads\/2023\/12\/Depots-sauvages-1.png 1920w\" sizes=\"auto, (max-width: 1024px) 100vw, 1024px\" \/><\/figure>\n<\/div>\n\n\n<figure class=\"wp-block-image size-full\"><img loading=\"lazy\" decoding=\"async\" width=\"593\" height=\"45\" src=\"https:\/\/haverskerque.fr\/wp-content\/uploads\/2023\/02\/bandeblanche.jpg\" alt=\"\" class=\"wp-image-381\" srcset=\"https:\/\/www.haverskerque.fr\/wp-content\/uploads\/2023\/02\/bandeblanche.jpg 593w, https:\/\/www.haverskerque.fr\/wp-content\/uploads\/2023\/02\/bandeblanche-300x23.jpg 300w\" sizes=\"auto, (max-width: 593px) 100vw, 593px\" \/><\/figure>\n\n\n\n<p><mark style=\"background-color:rgba(0, 0, 0, 0);color:#00a018\" class=\"has-inline-color\">|<\/mark> <em>Vous avez d\u00e9couvert une zone de d\u00e9p\u00f4t de d\u00e9chets sauvages sur la commune ?! Avertissez-en la mairie par t\u00e9l\u00e9phone ou via la <a href=\"https:\/\/www.facebook.com\/communehaverskerque\" target=\"_blank\" rel=\"noreferrer noopener\"><strong>page Facebook<\/strong><\/a><\/em> <em>de la commune.<\/em><\/p>\n\n\n\n<figure class=\"wp-block-image size-full\"><img loading=\"lazy\" decoding=\"async\" width=\"593\" height=\"45\" src=\"https:\/\/haverskerque.fr\/wp-content\/uploads\/2023\/02\/bandeblanche.jpg\" alt=\"\" class=\"wp-image-381\" srcset=\"https:\/\/www.haverskerque.fr\/wp-content\/uploads\/2023\/02\/bandeblanche.jpg 593w, https:\/\/www.haverskerque.fr\/wp-content\/uploads\/2023\/02\/bandeblanche-300x23.jpg 300w\" sizes=\"auto, (max-width: 593px) 100vw, 593px\" \/><\/figure>\n\n\n\n<p>Sanctions pr\u00e9vues par la loi : 135\u20ac d\u2019amende (375\u20ac si non pay\u00e9e dans les 45 jours). En cas de non-paiement ou de contestation, le juge du tribunal de police est saisi, pouvant d\u00e9cider d\u2019une amende allant de 750\u20ac \u00e0 1500\u20ac avec confiscation du v\u00e9hicule s\u2019il a \u00e9t\u00e9 utilis\u00e9 pour transporter les d\u00e9chets. <\/p>\n\n\n\n<p>Chacun de nous a un r\u00f4le \u00e0 jouer dans la pr\u00e9servation de la beaut\u00e9 naturelle de notre plan\u00e8te et dans la protection de la biodiversit\u00e9. En travaillant ensemble, nous pouvons cr\u00e9er un environnement sain et durable pour les g\u00e9n\u00e9rations pr\u00e9sentes et futures. Ensemble, luttons contre les d\u00e9p\u00f4ts sauvages et pr\u00e9servons la beaut\u00e9 de notre monde ! <\/p>\n","protected":false},"excerpt":{"rendered":"<p>| Vous avez d\u00e9couvert une zone de d\u00e9p\u00f4t de d\u00e9chets sauvages sur la commune ?! Avertissez-en la mairie par t\u00e9l\u00e9phone ou via la page Facebook de la commune. Sanctions pr\u00e9vues par la loi : 135\u20ac d\u2019amende (375\u20ac si non pay\u00e9e dans les 45 jours). En cas de non-paiement ou de contestation, le juge du tribunal de police est saisi, pouvant d\u00e9cider d\u2019une amende allant de 750\u20ac \u00e0 1500\u20ac avec confiscation du v\u00e9hicule s\u2019il a \u00e9t\u00e9 utilis\u00e9 pour transporter les d\u00e9chets. Chacun de nous a un r\u00f4le \u00e0 jouer dans la pr\u00e9servation de la beaut\u00e9 naturelle de notre plan\u00e8te et dans la protection de la biodiversit\u00e9. En travaillant ensemble, nous pouvons cr\u00e9er un environnement sain et durable pour les g\u00e9n\u00e9rations pr\u00e9sentes et futures. Ensemble, luttons contre les d\u00e9p\u00f4ts sauvages et pr\u00e9servons la beaut\u00e9 de notre monde !<\/p>\n","protected":false},"author":1,"featured_media":0,"parent":0,"menu_order":0,"comment_status":"closed","ping_status":"closed","template":"","meta":{"cybocfi_hide_featured_image":"","footnotes":""},"class_list":["post-3346","page","type-page","status-publish","hentry"],"yoast_head":"<!-- This site is optimized with the Yoast SEO plugin v27.5 - https:\/\/yoast.com\/product\/yoast-seo-wordpress\/ -->\n<title>D\u00e9p\u00f4ts sauvages * Haverskerque, 100% Nature !*<\/title>\n<meta name=\"robots\" content=\"index, follow, max-snippet:-1, max-image-preview:large, max-video-preview:-1\" \/>\n<link rel=\"canonical\" href=\"https:\/\/www.haverskerque.fr\/index.php\/depots-sauvages\/\" \/>\n<meta property=\"og:locale\" content=\"fr_FR\" \/>\n<meta property=\"og:type\" content=\"article\" \/>\n<meta property=\"og:title\" content=\"D\u00e9p\u00f4ts sauvages * Haverskerque, 100% Nature !*\" \/>\n<meta property=\"og:description\" content=\"| Vous avez d\u00e9couvert une zone de d\u00e9p\u00f4t de d\u00e9chets sauvages sur la commune ?! Avertissez-en la mairie par t\u00e9l\u00e9phone ou via la page Facebook de la commune. Sanctions pr\u00e9vues par la loi : 135\u20ac d\u2019amende (375\u20ac si non pay\u00e9e dans les 45 jours). En cas de non-paiement ou de contestation, le juge du tribunal de police est saisi, pouvant d\u00e9cider d\u2019une amende allant de 750\u20ac \u00e0 1500\u20ac avec confiscation du v\u00e9hicule s\u2019il a \u00e9t\u00e9 utilis\u00e9 pour transporter les d\u00e9chets. Chacun de nous a un r\u00f4le \u00e0 jouer dans la pr\u00e9servation de la beaut\u00e9 naturelle de notre plan\u00e8te et dans la protection de la biodiversit\u00e9. En travaillant ensemble, nous pouvons cr\u00e9er un environnement sain et durable pour les g\u00e9n\u00e9rations pr\u00e9sentes et futures. Ensemble, luttons contre les d\u00e9p\u00f4ts sauvages et pr\u00e9servons la beaut\u00e9 de notre monde !\" \/>\n<meta property=\"og:url\" content=\"https:\/\/www.haverskerque.fr\/index.php\/depots-sauvages\/\" \/>\n<meta property=\"og:site_name\" content=\"Haverskerque, 100% Nature !*\" \/>\n<meta property=\"article:publisher\" content=\"https:\/\/www.facebook.com\/communehaverskerque\" \/>\n<meta property=\"article:modified_time\" content=\"2024-04-09T13:57:17+00:00\" \/>\n<meta property=\"og:image\" content=\"http:\/\/barbry.esy.es\/wp-content\/uploads\/2023\/12\/Depots-sauvages-1-1024x576.png\" \/>\n<meta name=\"twitter:card\" content=\"summary_large_image\" \/>\n<meta name=\"twitter:label1\" content=\"Dur\u00e9e de lecture estim\u00e9e\" \/>\n\t<meta name=\"twitter:data1\" content=\"2 minutes\" \/>\n<script type=\"application\/ld+json\" class=\"yoast-schema-graph\">{\"@context\":\"https:\\\/\\\/schema.org\",\"@graph\":[{\"@type\":\"WebPage\",\"@id\":\"https:\\\/\\\/www.haverskerque.fr\\\/index.php\\\/depots-sauvages\\\/\",\"url\":\"https:\\\/\\\/www.haverskerque.fr\\\/index.php\\\/depots-sauvages\\\/\",\"name\":\"D\u00e9p\u00f4ts sauvages * Haverskerque, 100% Nature !*\",\"isPartOf\":{\"@id\":\"https:\\\/\\\/haverskerque.fr\\\/#website\"},\"primaryImageOfPage\":{\"@id\":\"https:\\\/\\\/www.haverskerque.fr\\\/index.php\\\/depots-sauvages\\\/#primaryimage\"},\"image\":{\"@id\":\"https:\\\/\\\/www.haverskerque.fr\\\/index.php\\\/depots-sauvages\\\/#primaryimage\"},\"thumbnailUrl\":\"http:\\\/\\\/barbry.esy.es\\\/wp-content\\\/uploads\\\/2023\\\/12\\\/Depots-sauvages-1-1024x576.png\",\"datePublished\":\"2023-06-26T11:55:28+00:00\",\"dateModified\":\"2024-04-09T13:57:17+00:00\",\"breadcrumb\":{\"@id\":\"https:\\\/\\\/www.haverskerque.fr\\\/index.php\\\/depots-sauvages\\\/#breadcrumb\"},\"inLanguage\":\"fr-FR\",\"potentialAction\":[{\"@type\":\"ReadAction\",\"target\":[\"https:\\\/\\\/www.haverskerque.fr\\\/index.php\\\/depots-sauvages\\\/\"]}]},{\"@type\":\"ImageObject\",\"inLanguage\":\"fr-FR\",\"@id\":\"https:\\\/\\\/www.haverskerque.fr\\\/index.php\\\/depots-sauvages\\\/#primaryimage\",\"url\":\"http:\\\/\\\/barbry.esy.es\\\/wp-content\\\/uploads\\\/2023\\\/12\\\/Depots-sauvages-1-1024x576.png\",\"contentUrl\":\"http:\\\/\\\/barbry.esy.es\\\/wp-content\\\/uploads\\\/2023\\\/12\\\/Depots-sauvages-1-1024x576.png\"},{\"@type\":\"BreadcrumbList\",\"@id\":\"https:\\\/\\\/www.haverskerque.fr\\\/index.php\\\/depots-sauvages\\\/#breadcrumb\",\"itemListElement\":[{\"@type\":\"ListItem\",\"position\":1,\"name\":\"Accueil\",\"item\":\"https:\\\/\\\/www.haverskerque.fr\\\/\"},{\"@type\":\"ListItem\",\"position\":2,\"name\":\"D\u00e9p\u00f4ts sauvages\"}]},{\"@type\":\"WebSite\",\"@id\":\"https:\\\/\\\/haverskerque.fr\\\/#website\",\"url\":\"https:\\\/\\\/haverskerque.fr\\\/\",\"name\":\"Haverskerque\",\"description\":\"Haverskerque, 100% Nature !\",\"publisher\":{\"@id\":\"https:\\\/\\\/haverskerque.fr\\\/#organization\"},\"alternateName\":\"Haverskerque\",\"potentialAction\":[{\"@type\":\"SearchAction\",\"target\":{\"@type\":\"EntryPoint\",\"urlTemplate\":\"https:\\\/\\\/haverskerque.fr\\\/?s={search_term_string}\"},\"query-input\":{\"@type\":\"PropertyValueSpecification\",\"valueRequired\":true,\"valueName\":\"search_term_string\"}}],\"inLanguage\":\"fr-FR\"},{\"@type\":\"Organization\",\"@id\":\"https:\\\/\\\/haverskerque.fr\\\/#organization\",\"name\":\"Commune d'Haverskerque\",\"alternateName\":\"Commune d'Haverskerque\",\"url\":\"https:\\\/\\\/haverskerque.fr\\\/\",\"logo\":{\"@type\":\"ImageObject\",\"inLanguage\":\"fr-FR\",\"@id\":\"https:\\\/\\\/haverskerque.fr\\\/#\\\/schema\\\/logo\\\/image\\\/\",\"url\":\"https:\\\/\\\/haverskerque.fr\\\/wp-content\\\/uploads\\\/2024\\\/01\\\/siteon0-e5814-1.png\",\"contentUrl\":\"https:\\\/\\\/haverskerque.fr\\\/wp-content\\\/uploads\\\/2024\\\/01\\\/siteon0-e5814-1.png\",\"width\":236,\"height\":102,\"caption\":\"Commune d'Haverskerque\"},\"image\":{\"@id\":\"https:\\\/\\\/haverskerque.fr\\\/#\\\/schema\\\/logo\\\/image\\\/\"},\"sameAs\":[\"https:\\\/\\\/www.facebook.com\\\/communehaverskerque\",\"https:\\\/\\\/www.instagram.com\\\/communehaverskerque\\\/\"]}]}<\/script>\n<!-- \/ Yoast SEO plugin. -->","yoast_head_json":{"title":"D\u00e9p\u00f4ts sauvages * Haverskerque, 100% Nature !*","robots":{"index":"index","follow":"follow","max-snippet":"max-snippet:-1","max-image-preview":"max-image-preview:large","max-video-preview":"max-video-preview:-1"},"canonical":"https:\/\/www.haverskerque.fr\/index.php\/depots-sauvages\/","og_locale":"fr_FR","og_type":"article","og_title":"D\u00e9p\u00f4ts sauvages * Haverskerque, 100% Nature !*","og_description":"| Vous avez d\u00e9couvert une zone de d\u00e9p\u00f4t de d\u00e9chets sauvages sur la commune ?! Avertissez-en la mairie par t\u00e9l\u00e9phone ou via la page Facebook de la commune. Sanctions pr\u00e9vues par la loi : 135\u20ac d\u2019amende (375\u20ac si non pay\u00e9e dans les 45 jours). En cas de non-paiement ou de contestation, le juge du tribunal de police est saisi, pouvant d\u00e9cider d\u2019une amende allant de 750\u20ac \u00e0 1500\u20ac avec confiscation du v\u00e9hicule s\u2019il a \u00e9t\u00e9 utilis\u00e9 pour transporter les d\u00e9chets. Chacun de nous a un r\u00f4le \u00e0 jouer dans la pr\u00e9servation de la beaut\u00e9 naturelle de notre plan\u00e8te et dans la protection de la biodiversit\u00e9. En travaillant ensemble, nous pouvons cr\u00e9er un environnement sain et durable pour les g\u00e9n\u00e9rations pr\u00e9sentes et futures. Ensemble, luttons contre les d\u00e9p\u00f4ts sauvages et pr\u00e9servons la beaut\u00e9 de notre monde !","og_url":"https:\/\/www.haverskerque.fr\/index.php\/depots-sauvages\/","og_site_name":"Haverskerque, 100% Nature !*","article_publisher":"https:\/\/www.facebook.com\/communehaverskerque","article_modified_time":"2024-04-09T13:57:17+00:00","og_image":[{"url":"http:\/\/barbry.esy.es\/wp-content\/uploads\/2023\/12\/Depots-sauvages-1-1024x576.png","type":"","width":"","height":""}],"twitter_card":"summary_large_image","twitter_misc":{"Dur\u00e9e de lecture estim\u00e9e":"2 minutes"},"schema":{"@context":"https:\/\/schema.org","@graph":[{"@type":"WebPage","@id":"https:\/\/www.haverskerque.fr\/index.php\/depots-sauvages\/","url":"https:\/\/www.haverskerque.fr\/index.php\/depots-sauvages\/","name":"D\u00e9p\u00f4ts sauvages * Haverskerque, 100% Nature !*","isPartOf":{"@id":"https:\/\/haverskerque.fr\/#website"},"primaryImageOfPage":{"@id":"https:\/\/www.haverskerque.fr\/index.php\/depots-sauvages\/#primaryimage"},"image":{"@id":"https:\/\/www.haverskerque.fr\/index.php\/depots-sauvages\/#primaryimage"},"thumbnailUrl":"http:\/\/barbry.esy.es\/wp-content\/uploads\/2023\/12\/Depots-sauvages-1-1024x576.png","datePublished":"2023-06-26T11:55:28+00:00","dateModified":"2024-04-09T13:57:17+00:00","breadcrumb":{"@id":"https:\/\/www.haverskerque.fr\/index.php\/depots-sauvages\/#breadcrumb"},"inLanguage":"fr-FR","potentialAction":[{"@type":"ReadAction","target":["https:\/\/www.haverskerque.fr\/index.php\/depots-sauvages\/"]}]},{"@type":"ImageObject","inLanguage":"fr-FR","@id":"https:\/\/www.haverskerque.fr\/index.php\/depots-sauvages\/#primaryimage","url":"http:\/\/barbry.esy.es\/wp-content\/uploads\/2023\/12\/Depots-sauvages-1-1024x576.png","contentUrl":"http:\/\/barbry.esy.es\/wp-content\/uploads\/2023\/12\/Depots-sauvages-1-1024x576.png"},{"@type":"BreadcrumbList","@id":"https:\/\/www.haverskerque.fr\/index.php\/depots-sauvages\/#breadcrumb","itemListElement":[{"@type":"ListItem","position":1,"name":"Accueil","item":"https:\/\/www.haverskerque.fr\/"},{"@type":"ListItem","position":2,"name":"D\u00e9p\u00f4ts sauvages"}]},{"@type":"WebSite","@id":"https:\/\/haverskerque.fr\/#website","url":"https:\/\/haverskerque.fr\/","name":"Haverskerque","description":"Haverskerque, 100% Nature !","publisher":{"@id":"https:\/\/haverskerque.fr\/#organization"},"alternateName":"Haverskerque","potentialAction":[{"@type":"SearchAction","target":{"@type":"EntryPoint","urlTemplate":"https:\/\/haverskerque.fr\/?s={search_term_string}"},"query-input":{"@type":"PropertyValueSpecification","valueRequired":true,"valueName":"search_term_string"}}],"inLanguage":"fr-FR"},{"@type":"Organization","@id":"https:\/\/haverskerque.fr\/#organization","name":"Commune d'Haverskerque","alternateName":"Commune d'Haverskerque","url":"https:\/\/haverskerque.fr\/","logo":{"@type":"ImageObject","inLanguage":"fr-FR","@id":"https:\/\/haverskerque.fr\/#\/schema\/logo\/image\/","url":"https:\/\/haverskerque.fr\/wp-content\/uploads\/2024\/01\/siteon0-e5814-1.png","contentUrl":"https:\/\/haverskerque.fr\/wp-content\/uploads\/2024\/01\/siteon0-e5814-1.png","width":236,"height":102,"caption":"Commune d'Haverskerque"},"image":{"@id":"https:\/\/haverskerque.fr\/#\/schema\/logo\/image\/"},"sameAs":["https:\/\/www.facebook.com\/communehaverskerque","https:\/\/www.instagram.com\/communehaverskerque\/"]}]}},"_links":{"self":[{"href":"https:\/\/www.haverskerque.fr\/index.php\/wp-json\/wp\/v2\/pages\/3346","targetHints":{"allow":["GET"]}}],"collection":[{"href":"https:\/\/www.haverskerque.fr\/index.php\/wp-json\/wp\/v2\/pages"}],"about":[{"href":"https:\/\/www.haverskerque.fr\/index.php\/wp-json\/wp\/v2\/types\/page"}],"author":[{"embeddable":true,"href":"https:\/\/www.haverskerque.fr\/index.php\/wp-json\/wp\/v2\/users\/1"}],"replies":[{"embeddable":true,"href":"https:\/\/www.haverskerque.fr\/index.php\/wp-json\/wp\/v2\/comments?post=3346"}],"version-history":[{"count":14,"href":"https:\/\/www.haverskerque.fr\/index.php\/wp-json\/wp\/v2\/pages\/3346\/revisions"}],"predecessor-version":[{"id":7883,"href":"https:\/\/www.haverskerque.fr\/index.php\/wp-json\/wp\/v2\/pages\/3346\/revisions\/7883"}],"wp:attachment":[{"href":"https:\/\/www.haverskerque.fr\/index.php\/wp-json\/wp\/v2\/media?parent=3346"}],"curies":[{"name":"wp","href":"https:\/\/api.w.org\/{rel}","templated":true}]}}