{"id":3288,"date":"2023-06-26T13:34:11","date_gmt":"2023-06-26T11:34:11","guid":{"rendered":"http:\/\/barbry.esy.es\/?page_id=3288"},"modified":"2024-04-26T09:57:26","modified_gmt":"2024-04-26T07:57:26","slug":"jeunesse","status":"publish","type":"page","link":"https:\/\/www.haverskerque.fr\/index.php\/jeunesse\/","title":{"rendered":"Jeunesse\/BAFA"},"content":{"rendered":"<div class=\"wp-block-image\">\n<figure class=\"aligncenter size-full is-resized\"><img loading=\"lazy\" decoding=\"async\" width=\"1000\" height=\"375\" src=\"http:\/\/barbry.esy.es\/wp-content\/uploads\/2023\/07\/BAFA.jpg\" alt=\"\" class=\"wp-image-4596\" style=\"width:646px;height:242px\" srcset=\"https:\/\/www.haverskerque.fr\/wp-content\/uploads\/2023\/07\/BAFA.jpg 1000w, https:\/\/www.haverskerque.fr\/wp-content\/uploads\/2023\/07\/BAFA-300x113.jpg 300w, https:\/\/www.haverskerque.fr\/wp-content\/uploads\/2023\/07\/BAFA-768x288.jpg 768w\" sizes=\"auto, (max-width: 1000px) 100vw, 1000px\" \/><\/figure>\n<\/div>\n\n\n<figure class=\"wp-block-image size-full\"><img loading=\"lazy\" decoding=\"async\" width=\"593\" height=\"45\" src=\"https:\/\/haverskerque.fr\/wp-content\/uploads\/2023\/02\/bandeblanche.jpg\" alt=\"\" class=\"wp-image-381\" srcset=\"https:\/\/www.haverskerque.fr\/wp-content\/uploads\/2023\/02\/bandeblanche.jpg 593w, https:\/\/www.haverskerque.fr\/wp-content\/uploads\/2023\/02\/bandeblanche-300x23.jpg 300w\" sizes=\"auto, (max-width: 593px) 100vw, 593px\" \/><\/figure>\n\n\n\n<p><mark style=\"background-color:rgba(0, 0, 0, 0);color:#00a018\" class=\"has-inline-color\">|<\/mark> V<em style=\"box-sizing: inherit; font-family: calibri; color: rgb(3, 3, 3); font-size: 19px; letter-spacing: 0.5px; white-space-collapse: collapse; outline: 0px !important;\">ous souhaitez obtenir le dipl\u00f4me du BAFA ? Retrouvez ici les modalit\u00e9s pratiques et la participation de la commune.<\/em><\/p>\n\n\n\n<figure class=\"wp-block-image size-full\"><img loading=\"lazy\" decoding=\"async\" width=\"593\" height=\"45\" src=\"https:\/\/haverskerque.fr\/wp-content\/uploads\/2023\/02\/bandeblanche.jpg\" alt=\"\" class=\"wp-image-381\" srcset=\"https:\/\/www.haverskerque.fr\/wp-content\/uploads\/2023\/02\/bandeblanche.jpg 593w, https:\/\/www.haverskerque.fr\/wp-content\/uploads\/2023\/02\/bandeblanche-300x23.jpg 300w\" sizes=\"auto, (max-width: 593px) 100vw, 593px\" \/><\/figure>\n\n\n\n<p>Le Brevet d&rsquo;Aptitude aux Fonctions d&rsquo;Animateur (BAFA) permet d&rsquo;acqu\u00e9rir les comp\u00e9tences n\u00e9cessaires pour encadrer et animer des activit\u00e9s aupr\u00e8s d&rsquo;enfants et d&rsquo;adolescents, principalement dans le cadre des Accueils de Loisirs, des colonies de vacances et des centres de loisirs.<\/p>\n\n\n\n<p>Le BAFA est d\u00e9livr\u00e9 en France et est reconnu comme une qualification officielle pour exercer des fonctions d&rsquo;animation. Il est compos\u00e9 de trois \u00e9tapes :<\/p>\n\n\n<div class=\"wp-block-image\">\n<figure class=\"aligncenter size-full\"><img loading=\"lazy\" decoding=\"async\" width=\"852\" height=\"444\" src=\"https:\/\/haverskerque.fr\/wp-content\/uploads\/2024\/02\/cursus-BAFA-1.jpg\" alt=\"\" class=\"wp-image-7322\" srcset=\"https:\/\/www.haverskerque.fr\/wp-content\/uploads\/2024\/02\/cursus-BAFA-1.jpg 852w, https:\/\/www.haverskerque.fr\/wp-content\/uploads\/2024\/02\/cursus-BAFA-1-300x156.jpg 300w, https:\/\/www.haverskerque.fr\/wp-content\/uploads\/2024\/02\/cursus-BAFA-1-768x400.jpg 768w\" sizes=\"auto, (max-width: 852px) 100vw, 852px\" \/><\/figure>\n<\/div>\n\n\n<p>Le BAFA peut \u00e9galement \u00eatre compl\u00e9t\u00e9 par le Brevet d&rsquo;Aptitude aux Fonctions de Directeur (BAFD), qui permet d&rsquo;assumer des fonctions de direction dans ces m\u00eames structures.<\/p>\n\n\n\n<p><strong>La commune participe \u00e0 l\u2019obtention du dipl\u00f4me du BAFA \u00e0 hauteur de 250\u20ac par an par stagiaire, sur demande motiv\u00e9e et sous conditions d\u2019engagement aupr\u00e8s de l\u2019ALSH communal pour une dur\u00e9e de 3 ans, dans la limite de 500\u20ac.<\/strong><\/p>\n","protected":false},"excerpt":{"rendered":"<p>| Vous souhaitez obtenir le dipl\u00f4me du BAFA ? Retrouvez ici les modalit\u00e9s pratiques et la participation de la commune. Le Brevet d&rsquo;Aptitude aux Fonctions d&rsquo;Animateur (BAFA) permet d&rsquo;acqu\u00e9rir les comp\u00e9tences n\u00e9cessaires pour encadrer et animer des activit\u00e9s aupr\u00e8s d&rsquo;enfants et d&rsquo;adolescents, principalement dans le cadre des Accueils de Loisirs, des colonies de vacances et des centres de loisirs. Le BAFA est d\u00e9livr\u00e9 en France et est reconnu comme une qualification officielle pour exercer des fonctions d&rsquo;animation. Il est compos\u00e9 de trois \u00e9tapes : Le BAFA peut \u00e9galement \u00eatre compl\u00e9t\u00e9 par le Brevet d&rsquo;Aptitude aux Fonctions de Directeur (BAFD), qui permet d&rsquo;assumer des fonctions de direction dans ces m\u00eames structures. La commune participe \u00e0 l\u2019obtention du dipl\u00f4me du BAFA \u00e0 hauteur de 250\u20ac par an par stagiaire, sur demande motiv\u00e9e et sous conditions d\u2019engagement aupr\u00e8s de l\u2019ALSH communal pour une dur\u00e9e de 3 ans, dans la limite de 500\u20ac.<\/p>\n","protected":false},"author":1,"featured_media":0,"parent":0,"menu_order":0,"comment_status":"closed","ping_status":"closed","template":"","meta":{"cybocfi_hide_featured_image":"","footnotes":""},"class_list":["post-3288","page","type-page","status-publish","hentry"],"yoast_head":"<!-- This site is optimized with the Yoast SEO plugin v27.5 - https:\/\/yoast.com\/product\/yoast-seo-wordpress\/ -->\n<title>Jeunesse\/BAFA * Haverskerque, 100% Nature !*<\/title>\n<meta name=\"robots\" content=\"index, follow, max-snippet:-1, max-image-preview:large, max-video-preview:-1\" \/>\n<link rel=\"canonical\" href=\"https:\/\/www.haverskerque.fr\/index.php\/jeunesse\/\" \/>\n<meta property=\"og:locale\" content=\"fr_FR\" \/>\n<meta property=\"og:type\" content=\"article\" \/>\n<meta property=\"og:title\" content=\"Jeunesse\/BAFA * Haverskerque, 100% Nature !*\" \/>\n<meta property=\"og:description\" content=\"| Vous souhaitez obtenir le dipl\u00f4me du BAFA ? Retrouvez ici les modalit\u00e9s pratiques et la participation de la commune. Le Brevet d&rsquo;Aptitude aux Fonctions d&rsquo;Animateur (BAFA) permet d&rsquo;acqu\u00e9rir les comp\u00e9tences n\u00e9cessaires pour encadrer et animer des activit\u00e9s aupr\u00e8s d&rsquo;enfants et d&rsquo;adolescents, principalement dans le cadre des Accueils de Loisirs, des colonies de vacances et des centres de loisirs. Le BAFA est d\u00e9livr\u00e9 en France et est reconnu comme une qualification officielle pour exercer des fonctions d&rsquo;animation. Il est compos\u00e9 de trois \u00e9tapes : Le BAFA peut \u00e9galement \u00eatre compl\u00e9t\u00e9 par le Brevet d&rsquo;Aptitude aux Fonctions de Directeur (BAFD), qui permet d&rsquo;assumer des fonctions de direction dans ces m\u00eames structures. La commune participe \u00e0 l\u2019obtention du dipl\u00f4me du BAFA \u00e0 hauteur de 250\u20ac par an par stagiaire, sur demande motiv\u00e9e et sous conditions d\u2019engagement aupr\u00e8s de l\u2019ALSH communal pour une dur\u00e9e de 3 ans, dans la limite de 500\u20ac.\" \/>\n<meta property=\"og:url\" content=\"https:\/\/www.haverskerque.fr\/index.php\/jeunesse\/\" \/>\n<meta property=\"og:site_name\" content=\"Haverskerque, 100% Nature !*\" \/>\n<meta property=\"article:publisher\" content=\"https:\/\/www.facebook.com\/communehaverskerque\" \/>\n<meta property=\"article:modified_time\" content=\"2024-04-26T07:57:26+00:00\" \/>\n<meta property=\"og:image\" content=\"http:\/\/barbry.esy.es\/wp-content\/uploads\/2023\/07\/BAFA.jpg\" \/>\n<meta name=\"twitter:card\" content=\"summary_large_image\" \/>\n<meta name=\"twitter:label1\" content=\"Dur\u00e9e de lecture estim\u00e9e\" \/>\n\t<meta name=\"twitter:data1\" content=\"2 minutes\" \/>\n<script type=\"application\/ld+json\" class=\"yoast-schema-graph\">{\"@context\":\"https:\\\/\\\/schema.org\",\"@graph\":[{\"@type\":\"WebPage\",\"@id\":\"https:\\\/\\\/www.haverskerque.fr\\\/index.php\\\/jeunesse\\\/\",\"url\":\"https:\\\/\\\/www.haverskerque.fr\\\/index.php\\\/jeunesse\\\/\",\"name\":\"Jeunesse\\\/BAFA * Haverskerque, 100% Nature !*\",\"isPartOf\":{\"@id\":\"https:\\\/\\\/haverskerque.fr\\\/#website\"},\"primaryImageOfPage\":{\"@id\":\"https:\\\/\\\/www.haverskerque.fr\\\/index.php\\\/jeunesse\\\/#primaryimage\"},\"image\":{\"@id\":\"https:\\\/\\\/www.haverskerque.fr\\\/index.php\\\/jeunesse\\\/#primaryimage\"},\"thumbnailUrl\":\"http:\\\/\\\/barbry.esy.es\\\/wp-content\\\/uploads\\\/2023\\\/07\\\/BAFA.jpg\",\"datePublished\":\"2023-06-26T11:34:11+00:00\",\"dateModified\":\"2024-04-26T07:57:26+00:00\",\"breadcrumb\":{\"@id\":\"https:\\\/\\\/www.haverskerque.fr\\\/index.php\\\/jeunesse\\\/#breadcrumb\"},\"inLanguage\":\"fr-FR\",\"potentialAction\":[{\"@type\":\"ReadAction\",\"target\":[\"https:\\\/\\\/www.haverskerque.fr\\\/index.php\\\/jeunesse\\\/\"]}]},{\"@type\":\"ImageObject\",\"inLanguage\":\"fr-FR\",\"@id\":\"https:\\\/\\\/www.haverskerque.fr\\\/index.php\\\/jeunesse\\\/#primaryimage\",\"url\":\"http:\\\/\\\/barbry.esy.es\\\/wp-content\\\/uploads\\\/2023\\\/07\\\/BAFA.jpg\",\"contentUrl\":\"http:\\\/\\\/barbry.esy.es\\\/wp-content\\\/uploads\\\/2023\\\/07\\\/BAFA.jpg\"},{\"@type\":\"BreadcrumbList\",\"@id\":\"https:\\\/\\\/www.haverskerque.fr\\\/index.php\\\/jeunesse\\\/#breadcrumb\",\"itemListElement\":[{\"@type\":\"ListItem\",\"position\":1,\"name\":\"Accueil\",\"item\":\"https:\\\/\\\/www.haverskerque.fr\\\/\"},{\"@type\":\"ListItem\",\"position\":2,\"name\":\"Jeunesse\\\/BAFA\"}]},{\"@type\":\"WebSite\",\"@id\":\"https:\\\/\\\/haverskerque.fr\\\/#website\",\"url\":\"https:\\\/\\\/haverskerque.fr\\\/\",\"name\":\"Haverskerque\",\"description\":\"Haverskerque, 100% Nature !\",\"publisher\":{\"@id\":\"https:\\\/\\\/haverskerque.fr\\\/#organization\"},\"alternateName\":\"Haverskerque\",\"potentialAction\":[{\"@type\":\"SearchAction\",\"target\":{\"@type\":\"EntryPoint\",\"urlTemplate\":\"https:\\\/\\\/haverskerque.fr\\\/?s={search_term_string}\"},\"query-input\":{\"@type\":\"PropertyValueSpecification\",\"valueRequired\":true,\"valueName\":\"search_term_string\"}}],\"inLanguage\":\"fr-FR\"},{\"@type\":\"Organization\",\"@id\":\"https:\\\/\\\/haverskerque.fr\\\/#organization\",\"name\":\"Commune d'Haverskerque\",\"alternateName\":\"Commune d'Haverskerque\",\"url\":\"https:\\\/\\\/haverskerque.fr\\\/\",\"logo\":{\"@type\":\"ImageObject\",\"inLanguage\":\"fr-FR\",\"@id\":\"https:\\\/\\\/haverskerque.fr\\\/#\\\/schema\\\/logo\\\/image\\\/\",\"url\":\"https:\\\/\\\/haverskerque.fr\\\/wp-content\\\/uploads\\\/2024\\\/01\\\/siteon0-e5814-1.png\",\"contentUrl\":\"https:\\\/\\\/haverskerque.fr\\\/wp-content\\\/uploads\\\/2024\\\/01\\\/siteon0-e5814-1.png\",\"width\":236,\"height\":102,\"caption\":\"Commune d'Haverskerque\"},\"image\":{\"@id\":\"https:\\\/\\\/haverskerque.fr\\\/#\\\/schema\\\/logo\\\/image\\\/\"},\"sameAs\":[\"https:\\\/\\\/www.facebook.com\\\/communehaverskerque\",\"https:\\\/\\\/www.instagram.com\\\/communehaverskerque\\\/\"]}]}<\/script>\n<!-- \/ Yoast SEO plugin. -->","yoast_head_json":{"title":"Jeunesse\/BAFA * Haverskerque, 100% Nature !*","robots":{"index":"index","follow":"follow","max-snippet":"max-snippet:-1","max-image-preview":"max-image-preview:large","max-video-preview":"max-video-preview:-1"},"canonical":"https:\/\/www.haverskerque.fr\/index.php\/jeunesse\/","og_locale":"fr_FR","og_type":"article","og_title":"Jeunesse\/BAFA * Haverskerque, 100% Nature !*","og_description":"| Vous souhaitez obtenir le dipl\u00f4me du BAFA ? Retrouvez ici les modalit\u00e9s pratiques et la participation de la commune. Le Brevet d&rsquo;Aptitude aux Fonctions d&rsquo;Animateur (BAFA) permet d&rsquo;acqu\u00e9rir les comp\u00e9tences n\u00e9cessaires pour encadrer et animer des activit\u00e9s aupr\u00e8s d&rsquo;enfants et d&rsquo;adolescents, principalement dans le cadre des Accueils de Loisirs, des colonies de vacances et des centres de loisirs. Le BAFA est d\u00e9livr\u00e9 en France et est reconnu comme une qualification officielle pour exercer des fonctions d&rsquo;animation. Il est compos\u00e9 de trois \u00e9tapes : Le BAFA peut \u00e9galement \u00eatre compl\u00e9t\u00e9 par le Brevet d&rsquo;Aptitude aux Fonctions de Directeur (BAFD), qui permet d&rsquo;assumer des fonctions de direction dans ces m\u00eames structures. La commune participe \u00e0 l\u2019obtention du dipl\u00f4me du BAFA \u00e0 hauteur de 250\u20ac par an par stagiaire, sur demande motiv\u00e9e et sous conditions d\u2019engagement aupr\u00e8s de l\u2019ALSH communal pour une dur\u00e9e de 3 ans, dans la limite de 500\u20ac.","og_url":"https:\/\/www.haverskerque.fr\/index.php\/jeunesse\/","og_site_name":"Haverskerque, 100% Nature !*","article_publisher":"https:\/\/www.facebook.com\/communehaverskerque","article_modified_time":"2024-04-26T07:57:26+00:00","og_image":[{"url":"http:\/\/barbry.esy.es\/wp-content\/uploads\/2023\/07\/BAFA.jpg","type":"","width":"","height":""}],"twitter_card":"summary_large_image","twitter_misc":{"Dur\u00e9e de lecture estim\u00e9e":"2 minutes"},"schema":{"@context":"https:\/\/schema.org","@graph":[{"@type":"WebPage","@id":"https:\/\/www.haverskerque.fr\/index.php\/jeunesse\/","url":"https:\/\/www.haverskerque.fr\/index.php\/jeunesse\/","name":"Jeunesse\/BAFA * Haverskerque, 100% Nature !*","isPartOf":{"@id":"https:\/\/haverskerque.fr\/#website"},"primaryImageOfPage":{"@id":"https:\/\/www.haverskerque.fr\/index.php\/jeunesse\/#primaryimage"},"image":{"@id":"https:\/\/www.haverskerque.fr\/index.php\/jeunesse\/#primaryimage"},"thumbnailUrl":"http:\/\/barbry.esy.es\/wp-content\/uploads\/2023\/07\/BAFA.jpg","datePublished":"2023-06-26T11:34:11+00:00","dateModified":"2024-04-26T07:57:26+00:00","breadcrumb":{"@id":"https:\/\/www.haverskerque.fr\/index.php\/jeunesse\/#breadcrumb"},"inLanguage":"fr-FR","potentialAction":[{"@type":"ReadAction","target":["https:\/\/www.haverskerque.fr\/index.php\/jeunesse\/"]}]},{"@type":"ImageObject","inLanguage":"fr-FR","@id":"https:\/\/www.haverskerque.fr\/index.php\/jeunesse\/#primaryimage","url":"http:\/\/barbry.esy.es\/wp-content\/uploads\/2023\/07\/BAFA.jpg","contentUrl":"http:\/\/barbry.esy.es\/wp-content\/uploads\/2023\/07\/BAFA.jpg"},{"@type":"BreadcrumbList","@id":"https:\/\/www.haverskerque.fr\/index.php\/jeunesse\/#breadcrumb","itemListElement":[{"@type":"ListItem","position":1,"name":"Accueil","item":"https:\/\/www.haverskerque.fr\/"},{"@type":"ListItem","position":2,"name":"Jeunesse\/BAFA"}]},{"@type":"WebSite","@id":"https:\/\/haverskerque.fr\/#website","url":"https:\/\/haverskerque.fr\/","name":"Haverskerque","description":"Haverskerque, 100% Nature !","publisher":{"@id":"https:\/\/haverskerque.fr\/#organization"},"alternateName":"Haverskerque","potentialAction":[{"@type":"SearchAction","target":{"@type":"EntryPoint","urlTemplate":"https:\/\/haverskerque.fr\/?s={search_term_string}"},"query-input":{"@type":"PropertyValueSpecification","valueRequired":true,"valueName":"search_term_string"}}],"inLanguage":"fr-FR"},{"@type":"Organization","@id":"https:\/\/haverskerque.fr\/#organization","name":"Commune d'Haverskerque","alternateName":"Commune d'Haverskerque","url":"https:\/\/haverskerque.fr\/","logo":{"@type":"ImageObject","inLanguage":"fr-FR","@id":"https:\/\/haverskerque.fr\/#\/schema\/logo\/image\/","url":"https:\/\/haverskerque.fr\/wp-content\/uploads\/2024\/01\/siteon0-e5814-1.png","contentUrl":"https:\/\/haverskerque.fr\/wp-content\/uploads\/2024\/01\/siteon0-e5814-1.png","width":236,"height":102,"caption":"Commune d'Haverskerque"},"image":{"@id":"https:\/\/haverskerque.fr\/#\/schema\/logo\/image\/"},"sameAs":["https:\/\/www.facebook.com\/communehaverskerque","https:\/\/www.instagram.com\/communehaverskerque\/"]}]}},"_links":{"self":[{"href":"https:\/\/www.haverskerque.fr\/index.php\/wp-json\/wp\/v2\/pages\/3288","targetHints":{"allow":["GET"]}}],"collection":[{"href":"https:\/\/www.haverskerque.fr\/index.php\/wp-json\/wp\/v2\/pages"}],"about":[{"href":"https:\/\/www.haverskerque.fr\/index.php\/wp-json\/wp\/v2\/types\/page"}],"author":[{"embeddable":true,"href":"https:\/\/www.haverskerque.fr\/index.php\/wp-json\/wp\/v2\/users\/1"}],"replies":[{"embeddable":true,"href":"https:\/\/www.haverskerque.fr\/index.php\/wp-json\/wp\/v2\/comments?post=3288"}],"version-history":[{"count":18,"href":"https:\/\/www.haverskerque.fr\/index.php\/wp-json\/wp\/v2\/pages\/3288\/revisions"}],"predecessor-version":[{"id":7922,"href":"https:\/\/www.haverskerque.fr\/index.php\/wp-json\/wp\/v2\/pages\/3288\/revisions\/7922"}],"wp:attachment":[{"href":"https:\/\/www.haverskerque.fr\/index.php\/wp-json\/wp\/v2\/media?parent=3288"}],"curies":[{"name":"wp","href":"https:\/\/api.w.org\/{rel}","templated":true}]}}