{"id":121,"date":"2023-02-28T10:26:39","date_gmt":"2023-02-28T09:26:39","guid":{"rendered":"http:\/\/barbry.esy.es\/?page_id=121"},"modified":"2026-04-14T15:47:26","modified_gmt":"2026-04-14T13:47:26","slug":"vie-municipale-et-intercommunale","status":"publish","type":"page","link":"https:\/\/www.haverskerque.fr\/index.php\/vie-municipale-et-intercommunale\/","title":{"rendered":"Municipalit\u00e9"},"content":{"rendered":"<div class=\"wp-block-image\">\n<figure class=\"aligncenter size-large\"><img loading=\"lazy\" decoding=\"async\" width=\"1024\" height=\"8\" src=\"http:\/\/barbry.esy.es\/wp-content\/uploads\/2023\/07\/bande-communautaire-1024x8.jpg\" alt=\"\" class=\"wp-image-4247\" srcset=\"https:\/\/www.haverskerque.fr\/wp-content\/uploads\/2023\/07\/bande-communautaire-1024x8.jpg 1024w, https:\/\/www.haverskerque.fr\/wp-content\/uploads\/2023\/07\/bande-communautaire-300x2.jpg 300w, https:\/\/www.haverskerque.fr\/wp-content\/uploads\/2023\/07\/bande-communautaire-768x6.jpg 768w, https:\/\/www.haverskerque.fr\/wp-content\/uploads\/2023\/07\/bande-communautaire-1536x12.jpg 1536w, https:\/\/www.haverskerque.fr\/wp-content\/uploads\/2023\/07\/bande-communautaire-2048x16.jpg 2048w, https:\/\/www.haverskerque.fr\/wp-content\/uploads\/2023\/07\/bande-communautaire-1140x9.jpg 1140w\" sizes=\"auto, (max-width: 1024px) 100vw, 1024px\" \/><\/figure>\n<\/div>\n\n\n<style>\n    body {\n      font-family: Arial, sans-serif;\n      background: #f5f5f5;\n      margin: 20px;\n    }\n\n    .grid {\n      display: grid;\n      grid-template-columns: repeat(2, 1fr);\n      gap: 20px;\n      max-width: 1000px;\n      margin: auto;\n    }\n\n    .card {\n      border: 2px solid #fff;\n      background: #fff;\n      overflow: hidden;\n      box-shadow: 0 2px 5px rgba(0,0,0,0.2);\n    }\n\n    .card img {\n      width: 100%;\n      height: auto;\n      display: block;\n    }\n\n    .card-title {\n      background: #39639e; \/* violet\/rose *\/\n      color: white;\n      text-align: center;\n      padding: 10px;\n      font-weight: bold;\n    }\n  <\/style>\n\n  <div class=\"grid\">\n    <div class=\"card\">\n      <a href=\"http:\/\/haverskerque.fr\/index.php\/vos-elus-2\/\">\n<img decoding=\"async\" src=\"https:\/\/www.haverskerque.fr\/wp-content\/uploads\/2026\/04\/conseil-haverskerque.jpg\" alt=\"Vos \u00e9lus\">\n      <div class=\"card-title\">Vos \u00e9lus<\/div><\/a>\n    <\/div>\n\n    <div class=\"card\">\n<a href=\"http:\/\/haverskerque.fr\/index.php\/services-municipaux-2\/\">\n      <img decoding=\"async\" src=\"https:\/\/haverskerque.fr\/wp-content\/uploads\/2023\/06\/services-municipaux-1.jpg\" alt=\"Services municipaux\">\n      <div class=\"card-title\">Services municipaux<\/div><\/a>\n    <\/div>\n\n    <div class=\"card\">\n<a href=\"http:\/\/haverskerque.fr\/index.php\/intercommunalite\/\">\n      <img decoding=\"async\" src=\"https:\/\/haverskerque.fr\/wp-content\/uploads\/2023\/11\/servicesinterco.jpg\" alt=\"Intercommunalit\u00e9\">\n      <div class=\"card-title\">Intercommunalit\u00e9<\/div><\/a>\n    <\/div>\n\n    <div class=\"card\">\n<a href=\"http:\/\/haverskerque.fr\/index.php\/marches-publics-2\/\">\n      <img decoding=\"async\" src=\"https:\/\/haverskerque.fr\/wp-content\/uploads\/2023\/06\/marches-publics.jpg\" alt=\"March\u00e9s publics\">\n      <div class=\"card-title\">March\u00e9s publics<\/div><\/a>\n    <\/div>\n\n    <div class=\"card\">\n<a href=\"http:\/\/haverskerque.fr\/index.php\/conseil-municipal\/\">\n      <img decoding=\"async\" src=\"https:\/\/haverskerque.fr\/wp-content\/uploads\/2023\/06\/conseil-municipal.jpg\" alt=\"Conseil municipal\">\n      <div class=\"card-title\">Conseil municipal<\/div><\/a>\n    <\/div>\n\n    \n  <\/div>\n","protected":false},"excerpt":{"rendered":"<p>Vos \u00e9lus Services municipaux Intercommunalit\u00e9 March\u00e9s publics Conseil municipal<\/p>\n","protected":false},"author":1,"featured_media":0,"parent":0,"menu_order":0,"comment_status":"closed","ping_status":"closed","template":"","meta":{"cybocfi_hide_featured_image":"","footnotes":""},"class_list":["post-121","page","type-page","status-publish","hentry"],"yoast_head":"<!-- This site is optimized with the Yoast SEO plugin v27.5 - https:\/\/yoast.com\/product\/yoast-seo-wordpress\/ -->\n<title>Municipalit\u00e9 * Haverskerque, 100% Nature !*<\/title>\n<meta name=\"robots\" content=\"index, follow, max-snippet:-1, max-image-preview:large, max-video-preview:-1\" \/>\n<link rel=\"canonical\" href=\"https:\/\/www.haverskerque.fr\/index.php\/vie-municipale-et-intercommunale\/\" \/>\n<meta property=\"og:locale\" content=\"fr_FR\" \/>\n<meta property=\"og:type\" content=\"article\" \/>\n<meta property=\"og:title\" content=\"Municipalit\u00e9 * Haverskerque, 100% Nature !*\" \/>\n<meta property=\"og:description\" content=\"Vos \u00e9lus Services municipaux Intercommunalit\u00e9 March\u00e9s publics Conseil municipal\" \/>\n<meta property=\"og:url\" content=\"https:\/\/www.haverskerque.fr\/index.php\/vie-municipale-et-intercommunale\/\" \/>\n<meta property=\"og:site_name\" content=\"Haverskerque, 100% Nature !*\" \/>\n<meta property=\"article:publisher\" content=\"https:\/\/www.facebook.com\/communehaverskerque\" \/>\n<meta property=\"article:modified_time\" content=\"2026-04-14T13:47:26+00:00\" \/>\n<meta property=\"og:image\" content=\"https:\/\/www.haverskerque.fr\/wp-content\/uploads\/2023\/07\/bande-communautaire.jpg\" \/>\n\t<meta property=\"og:image:width\" content=\"2500\" \/>\n\t<meta property=\"og:image:height\" content=\"20\" \/>\n\t<meta property=\"og:image:type\" content=\"image\/jpeg\" \/>\n<meta name=\"twitter:card\" content=\"summary_large_image\" \/>\n<meta name=\"twitter:label1\" content=\"Dur\u00e9e de lecture estim\u00e9e\" \/>\n\t<meta name=\"twitter:data1\" content=\"2 minutes\" \/>\n<script type=\"application\/ld+json\" class=\"yoast-schema-graph\">{\"@context\":\"https:\\\/\\\/schema.org\",\"@graph\":[{\"@type\":\"WebPage\",\"@id\":\"https:\\\/\\\/www.haverskerque.fr\\\/index.php\\\/vie-municipale-et-intercommunale\\\/\",\"url\":\"https:\\\/\\\/www.haverskerque.fr\\\/index.php\\\/vie-municipale-et-intercommunale\\\/\",\"name\":\"Municipalit\u00e9 * Haverskerque, 100% Nature !*\",\"isPartOf\":{\"@id\":\"https:\\\/\\\/haverskerque.fr\\\/#website\"},\"primaryImageOfPage\":{\"@id\":\"https:\\\/\\\/www.haverskerque.fr\\\/index.php\\\/vie-municipale-et-intercommunale\\\/#primaryimage\"},\"image\":{\"@id\":\"https:\\\/\\\/www.haverskerque.fr\\\/index.php\\\/vie-municipale-et-intercommunale\\\/#primaryimage\"},\"thumbnailUrl\":\"http:\\\/\\\/barbry.esy.es\\\/wp-content\\\/uploads\\\/2023\\\/07\\\/bande-communautaire-1024x8.jpg\",\"datePublished\":\"2023-02-28T09:26:39+00:00\",\"dateModified\":\"2026-04-14T13:47:26+00:00\",\"breadcrumb\":{\"@id\":\"https:\\\/\\\/www.haverskerque.fr\\\/index.php\\\/vie-municipale-et-intercommunale\\\/#breadcrumb\"},\"inLanguage\":\"fr-FR\",\"potentialAction\":[{\"@type\":\"ReadAction\",\"target\":[\"https:\\\/\\\/www.haverskerque.fr\\\/index.php\\\/vie-municipale-et-intercommunale\\\/\"]}]},{\"@type\":\"ImageObject\",\"inLanguage\":\"fr-FR\",\"@id\":\"https:\\\/\\\/www.haverskerque.fr\\\/index.php\\\/vie-municipale-et-intercommunale\\\/#primaryimage\",\"url\":\"http:\\\/\\\/barbry.esy.es\\\/wp-content\\\/uploads\\\/2023\\\/07\\\/bande-communautaire-1024x8.jpg\",\"contentUrl\":\"http:\\\/\\\/barbry.esy.es\\\/wp-content\\\/uploads\\\/2023\\\/07\\\/bande-communautaire-1024x8.jpg\"},{\"@type\":\"BreadcrumbList\",\"@id\":\"https:\\\/\\\/www.haverskerque.fr\\\/index.php\\\/vie-municipale-et-intercommunale\\\/#breadcrumb\",\"itemListElement\":[{\"@type\":\"ListItem\",\"position\":1,\"name\":\"Accueil\",\"item\":\"https:\\\/\\\/www.haverskerque.fr\\\/\"},{\"@type\":\"ListItem\",\"position\":2,\"name\":\"Municipalit\u00e9\"}]},{\"@type\":\"WebSite\",\"@id\":\"https:\\\/\\\/haverskerque.fr\\\/#website\",\"url\":\"https:\\\/\\\/haverskerque.fr\\\/\",\"name\":\"Haverskerque\",\"description\":\"Haverskerque, 100% Nature !\",\"publisher\":{\"@id\":\"https:\\\/\\\/haverskerque.fr\\\/#organization\"},\"alternateName\":\"Haverskerque\",\"potentialAction\":[{\"@type\":\"SearchAction\",\"target\":{\"@type\":\"EntryPoint\",\"urlTemplate\":\"https:\\\/\\\/haverskerque.fr\\\/?s={search_term_string}\"},\"query-input\":{\"@type\":\"PropertyValueSpecification\",\"valueRequired\":true,\"valueName\":\"search_term_string\"}}],\"inLanguage\":\"fr-FR\"},{\"@type\":\"Organization\",\"@id\":\"https:\\\/\\\/haverskerque.fr\\\/#organization\",\"name\":\"Commune d'Haverskerque\",\"alternateName\":\"Commune d'Haverskerque\",\"url\":\"https:\\\/\\\/haverskerque.fr\\\/\",\"logo\":{\"@type\":\"ImageObject\",\"inLanguage\":\"fr-FR\",\"@id\":\"https:\\\/\\\/haverskerque.fr\\\/#\\\/schema\\\/logo\\\/image\\\/\",\"url\":\"https:\\\/\\\/haverskerque.fr\\\/wp-content\\\/uploads\\\/2024\\\/01\\\/siteon0-e5814-1.png\",\"contentUrl\":\"https:\\\/\\\/haverskerque.fr\\\/wp-content\\\/uploads\\\/2024\\\/01\\\/siteon0-e5814-1.png\",\"width\":236,\"height\":102,\"caption\":\"Commune d'Haverskerque\"},\"image\":{\"@id\":\"https:\\\/\\\/haverskerque.fr\\\/#\\\/schema\\\/logo\\\/image\\\/\"},\"sameAs\":[\"https:\\\/\\\/www.facebook.com\\\/communehaverskerque\",\"https:\\\/\\\/www.instagram.com\\\/communehaverskerque\\\/\"]}]}<\/script>\n<!-- \/ Yoast SEO plugin. -->","yoast_head_json":{"title":"Municipalit\u00e9 * Haverskerque, 100% Nature !*","robots":{"index":"index","follow":"follow","max-snippet":"max-snippet:-1","max-image-preview":"max-image-preview:large","max-video-preview":"max-video-preview:-1"},"canonical":"https:\/\/www.haverskerque.fr\/index.php\/vie-municipale-et-intercommunale\/","og_locale":"fr_FR","og_type":"article","og_title":"Municipalit\u00e9 * Haverskerque, 100% Nature !*","og_description":"Vos \u00e9lus Services municipaux Intercommunalit\u00e9 March\u00e9s publics Conseil municipal","og_url":"https:\/\/www.haverskerque.fr\/index.php\/vie-municipale-et-intercommunale\/","og_site_name":"Haverskerque, 100% Nature !*","article_publisher":"https:\/\/www.facebook.com\/communehaverskerque","article_modified_time":"2026-04-14T13:47:26+00:00","og_image":[{"width":2500,"height":20,"url":"https:\/\/www.haverskerque.fr\/wp-content\/uploads\/2023\/07\/bande-communautaire.jpg","type":"image\/jpeg"}],"twitter_card":"summary_large_image","twitter_misc":{"Dur\u00e9e de lecture estim\u00e9e":"2 minutes"},"schema":{"@context":"https:\/\/schema.org","@graph":[{"@type":"WebPage","@id":"https:\/\/www.haverskerque.fr\/index.php\/vie-municipale-et-intercommunale\/","url":"https:\/\/www.haverskerque.fr\/index.php\/vie-municipale-et-intercommunale\/","name":"Municipalit\u00e9 * Haverskerque, 100% Nature !*","isPartOf":{"@id":"https:\/\/haverskerque.fr\/#website"},"primaryImageOfPage":{"@id":"https:\/\/www.haverskerque.fr\/index.php\/vie-municipale-et-intercommunale\/#primaryimage"},"image":{"@id":"https:\/\/www.haverskerque.fr\/index.php\/vie-municipale-et-intercommunale\/#primaryimage"},"thumbnailUrl":"http:\/\/barbry.esy.es\/wp-content\/uploads\/2023\/07\/bande-communautaire-1024x8.jpg","datePublished":"2023-02-28T09:26:39+00:00","dateModified":"2026-04-14T13:47:26+00:00","breadcrumb":{"@id":"https:\/\/www.haverskerque.fr\/index.php\/vie-municipale-et-intercommunale\/#breadcrumb"},"inLanguage":"fr-FR","potentialAction":[{"@type":"ReadAction","target":["https:\/\/www.haverskerque.fr\/index.php\/vie-municipale-et-intercommunale\/"]}]},{"@type":"ImageObject","inLanguage":"fr-FR","@id":"https:\/\/www.haverskerque.fr\/index.php\/vie-municipale-et-intercommunale\/#primaryimage","url":"http:\/\/barbry.esy.es\/wp-content\/uploads\/2023\/07\/bande-communautaire-1024x8.jpg","contentUrl":"http:\/\/barbry.esy.es\/wp-content\/uploads\/2023\/07\/bande-communautaire-1024x8.jpg"},{"@type":"BreadcrumbList","@id":"https:\/\/www.haverskerque.fr\/index.php\/vie-municipale-et-intercommunale\/#breadcrumb","itemListElement":[{"@type":"ListItem","position":1,"name":"Accueil","item":"https:\/\/www.haverskerque.fr\/"},{"@type":"ListItem","position":2,"name":"Municipalit\u00e9"}]},{"@type":"WebSite","@id":"https:\/\/haverskerque.fr\/#website","url":"https:\/\/haverskerque.fr\/","name":"Haverskerque","description":"Haverskerque, 100% Nature !","publisher":{"@id":"https:\/\/haverskerque.fr\/#organization"},"alternateName":"Haverskerque","potentialAction":[{"@type":"SearchAction","target":{"@type":"EntryPoint","urlTemplate":"https:\/\/haverskerque.fr\/?s={search_term_string}"},"query-input":{"@type":"PropertyValueSpecification","valueRequired":true,"valueName":"search_term_string"}}],"inLanguage":"fr-FR"},{"@type":"Organization","@id":"https:\/\/haverskerque.fr\/#organization","name":"Commune d'Haverskerque","alternateName":"Commune d'Haverskerque","url":"https:\/\/haverskerque.fr\/","logo":{"@type":"ImageObject","inLanguage":"fr-FR","@id":"https:\/\/haverskerque.fr\/#\/schema\/logo\/image\/","url":"https:\/\/haverskerque.fr\/wp-content\/uploads\/2024\/01\/siteon0-e5814-1.png","contentUrl":"https:\/\/haverskerque.fr\/wp-content\/uploads\/2024\/01\/siteon0-e5814-1.png","width":236,"height":102,"caption":"Commune d'Haverskerque"},"image":{"@id":"https:\/\/haverskerque.fr\/#\/schema\/logo\/image\/"},"sameAs":["https:\/\/www.facebook.com\/communehaverskerque","https:\/\/www.instagram.com\/communehaverskerque\/"]}]}},"_links":{"self":[{"href":"https:\/\/www.haverskerque.fr\/index.php\/wp-json\/wp\/v2\/pages\/121","targetHints":{"allow":["GET"]}}],"collection":[{"href":"https:\/\/www.haverskerque.fr\/index.php\/wp-json\/wp\/v2\/pages"}],"about":[{"href":"https:\/\/www.haverskerque.fr\/index.php\/wp-json\/wp\/v2\/types\/page"}],"author":[{"embeddable":true,"href":"https:\/\/www.haverskerque.fr\/index.php\/wp-json\/wp\/v2\/users\/1"}],"replies":[{"embeddable":true,"href":"https:\/\/www.haverskerque.fr\/index.php\/wp-json\/wp\/v2\/comments?post=121"}],"version-history":[{"count":9,"href":"https:\/\/www.haverskerque.fr\/index.php\/wp-json\/wp\/v2\/pages\/121\/revisions"}],"predecessor-version":[{"id":10442,"href":"https:\/\/www.haverskerque.fr\/index.php\/wp-json\/wp\/v2\/pages\/121\/revisions\/10442"}],"wp:attachment":[{"href":"https:\/\/www.haverskerque.fr\/index.php\/wp-json\/wp\/v2\/media?parent=121"}],"curies":[{"name":"wp","href":"https:\/\/api.w.org\/{rel}","templated":true}]}}