{"id":1091,"date":"2023-06-28T11:41:22","date_gmt":"2023-06-28T09:41:22","guid":{"rendered":"http:\/\/barbry.esy.es\/?page_id=1091"},"modified":"2024-06-06T14:17:49","modified_gmt":"2024-06-06T12:17:49","slug":"pannerie-guffroy-calonne","status":"publish","type":"page","link":"https:\/\/www.haverskerque.fr\/index.php\/pannerie-guffroy-calonne\/","title":{"rendered":"Pannerie Guffroy-Calonne"},"content":{"rendered":"\n<p><mark style=\"background-color:rgba(0, 0, 0, 0);color:#00a018\" class=\"has-inline-color\">|<\/mark> <em>En l\u2019an 1896, \u00e0 Haverskerque, sur la Nationale 16 (RD916 aujourd\u2019hui) la maison Guffroy-Calonne fabriquait des \u00ab\u00a0pannes,\u00a0\u00bb des carrelages, des objets utilitaires\u2026<\/em><\/p>\n\n\n\n<figure class=\"wp-block-image size-full\"><img loading=\"lazy\" decoding=\"async\" width=\"593\" height=\"45\" src=\"https:\/\/haverskerque.fr\/wp-content\/uploads\/2023\/02\/bandeblanche.jpg\" alt=\"\" class=\"wp-image-381\" srcset=\"https:\/\/www.haverskerque.fr\/wp-content\/uploads\/2023\/02\/bandeblanche.jpg 593w, https:\/\/www.haverskerque.fr\/wp-content\/uploads\/2023\/02\/bandeblanche-300x23.jpg 300w\" sizes=\"auto, (max-width: 593px) 100vw, 593px\" \/><\/figure>\n\n\n\n<ul class=\"wp-block-list\">\n<li>T\u00e9moignages du pass\u00e9 : les plus anciens du village n\u2019ont pas connu la \u00ab\u00a0pannerie\u00a0\u00bb en activit\u00e9 \u00e0 la fin du si\u00e8cle dernier mais en ont entendu parl\u00e9. Pourtant des t\u00e9moignages tangibles de ce pass\u00e9 nous parviennent : des carrelages, des poteries, des \u00ab\u00a0pannes\u00a0\u00bb y \u00e9taient produits.<\/li>\n<\/ul>\n\n\n\n<figure class=\"wp-block-image size-full\"><img loading=\"lazy\" decoding=\"async\" width=\"593\" height=\"45\" src=\"https:\/\/haverskerque.fr\/wp-content\/uploads\/2023\/02\/bandeblanche.jpg\" alt=\"\" class=\"wp-image-381\" srcset=\"https:\/\/www.haverskerque.fr\/wp-content\/uploads\/2023\/02\/bandeblanche.jpg 593w, https:\/\/www.haverskerque.fr\/wp-content\/uploads\/2023\/02\/bandeblanche-300x23.jpg 300w\" sizes=\"auto, (max-width: 593px) 100vw, 593px\" \/><\/figure>\n\n\n\n<h3 class=\"wp-block-heading\"><mark style=\"background-color:rgba(0, 0, 0, 0);color:#00a018\" class=\"has-inline-color\">|<\/mark> <strong>La marque de fabrique<\/strong><\/h3>\n\n\n\n<figure class=\"wp-block-image size-full\"><img loading=\"lazy\" decoding=\"async\" width=\"593\" height=\"45\" src=\"https:\/\/haverskerque.fr\/wp-content\/uploads\/2023\/02\/bandeblanche.jpg\" alt=\"\" class=\"wp-image-381\" srcset=\"https:\/\/www.haverskerque.fr\/wp-content\/uploads\/2023\/02\/bandeblanche.jpg 593w, https:\/\/www.haverskerque.fr\/wp-content\/uploads\/2023\/02\/bandeblanche-300x23.jpg 300w\" sizes=\"auto, (max-width: 593px) 100vw, 593px\" \/><\/figure>\n\n\n<div class=\"wp-block-image\">\n<figure class=\"aligncenter size-full\"><img loading=\"lazy\" decoding=\"async\" width=\"540\" height=\"314\" src=\"http:\/\/barbry.esy.es\/wp-content\/uploads\/2023\/03\/panne1.jpg\" alt=\"\" class=\"wp-image-1092\" srcset=\"https:\/\/www.haverskerque.fr\/wp-content\/uploads\/2023\/03\/panne1.jpg 540w, https:\/\/www.haverskerque.fr\/wp-content\/uploads\/2023\/03\/panne1-300x174.jpg 300w\" sizes=\"auto, (max-width: 540px) 100vw, 540px\" \/><figcaption class=\"wp-element-caption\">Marque de fabrique Guffroy-Calonne<\/figcaption><\/figure>\n<\/div>\n\n\n<figure class=\"wp-block-image size-full\"><img loading=\"lazy\" decoding=\"async\" width=\"593\" height=\"45\" src=\"https:\/\/haverskerque.fr\/wp-content\/uploads\/2023\/02\/bandeblanche.jpg\" alt=\"\" class=\"wp-image-381\" srcset=\"https:\/\/www.haverskerque.fr\/wp-content\/uploads\/2023\/02\/bandeblanche.jpg 593w, https:\/\/www.haverskerque.fr\/wp-content\/uploads\/2023\/02\/bandeblanche-300x23.jpg 300w\" sizes=\"auto, (max-width: 593px) 100vw, 593px\" \/><\/figure>\n\n\n\n<h3 class=\"wp-block-heading\"><mark style=\"background-color:rgba(0, 0, 0, 0);color:#00a018\" class=\"has-inline-color\">|<\/mark> <strong>Carrelages en terre cuite et assiettes verniss\u00e9es (Collection Andr\u00e9 Bourdon, agriculteur haverskerquois)<\/strong><\/h3>\n\n\n\n<figure class=\"wp-block-image size-full\"><img loading=\"lazy\" decoding=\"async\" width=\"593\" height=\"45\" src=\"https:\/\/haverskerque.fr\/wp-content\/uploads\/2023\/02\/bandeblanche.jpg\" alt=\"\" class=\"wp-image-381\" srcset=\"https:\/\/www.haverskerque.fr\/wp-content\/uploads\/2023\/02\/bandeblanche.jpg 593w, https:\/\/www.haverskerque.fr\/wp-content\/uploads\/2023\/02\/bandeblanche-300x23.jpg 300w\" sizes=\"auto, (max-width: 593px) 100vw, 593px\" \/><\/figure>\n\n\n<div class=\"wp-block-image\">\n<figure class=\"aligncenter size-full\"><img loading=\"lazy\" decoding=\"async\" width=\"525\" height=\"131\" src=\"http:\/\/barbry.esy.es\/wp-content\/uploads\/2023\/03\/panne8.jpg\" alt=\"\" class=\"wp-image-1093\" srcset=\"https:\/\/www.haverskerque.fr\/wp-content\/uploads\/2023\/03\/panne8.jpg 525w, https:\/\/www.haverskerque.fr\/wp-content\/uploads\/2023\/03\/panne8-300x75.jpg 300w\" sizes=\"auto, (max-width: 525px) 100vw, 525px\" \/><figcaption class=\"wp-element-caption\">Carrelage en terre cuite, Carrelage en terre cuite et assiette verniss\u00e9e, Signature de la pannerie Guffroy-Calonne sous l&rsquo;assiette verniss\u00e9e<\/figcaption><\/figure>\n<\/div>\n\n\n<figure class=\"wp-block-image size-full\"><img loading=\"lazy\" decoding=\"async\" width=\"593\" height=\"45\" src=\"https:\/\/haverskerque.fr\/wp-content\/uploads\/2023\/02\/bandeblanche.jpg\" alt=\"\" class=\"wp-image-381\" srcset=\"https:\/\/www.haverskerque.fr\/wp-content\/uploads\/2023\/02\/bandeblanche.jpg 593w, https:\/\/www.haverskerque.fr\/wp-content\/uploads\/2023\/02\/bandeblanche-300x23.jpg 300w\" sizes=\"auto, (max-width: 593px) 100vw, 593px\" \/><\/figure>\n\n\n\n<h3 class=\"wp-block-heading\"><mark style=\"background-color:rgba(0, 0, 0, 0);color:#00a018\" class=\"has-inline-color\">|<\/mark> <strong>Superbe et tr\u00e8s rare pot \u00e0 tabac en c\u00e9ramique verniss\u00e9e r\u00e9f\u00e9renc\u00e9 \u00e0 l\u2019annuaire du commerce Didot-Bottin \u00e9dition 1916-1917 (Hauteur : 25cm, Diam\u00e8tre : 18cm)<\/strong><\/h3>\n\n\n\n<figure class=\"wp-block-image size-full\"><img loading=\"lazy\" decoding=\"async\" width=\"593\" height=\"45\" src=\"https:\/\/haverskerque.fr\/wp-content\/uploads\/2023\/02\/bandeblanche.jpg\" alt=\"\" class=\"wp-image-381\" srcset=\"https:\/\/www.haverskerque.fr\/wp-content\/uploads\/2023\/02\/bandeblanche.jpg 593w, https:\/\/www.haverskerque.fr\/wp-content\/uploads\/2023\/02\/bandeblanche-300x23.jpg 300w\" sizes=\"auto, (max-width: 593px) 100vw, 593px\" \/><\/figure>\n\n\n<div class=\"wp-block-image\">\n<figure class=\"aligncenter size-full\"><img loading=\"lazy\" decoding=\"async\" width=\"525\" height=\"224\" src=\"http:\/\/barbry.esy.es\/wp-content\/uploads\/2023\/03\/panne9.jpg\" alt=\"\" class=\"wp-image-1094\" srcset=\"https:\/\/www.haverskerque.fr\/wp-content\/uploads\/2023\/03\/panne9.jpg 525w, https:\/\/www.haverskerque.fr\/wp-content\/uploads\/2023\/03\/panne9-300x128.jpg 300w\" sizes=\"auto, (max-width: 525px) 100vw, 525px\" \/><figcaption class=\"wp-element-caption\">Pot \u00e0 tabac de profil, Pot \u00e0 tabac de face, Signature de la pannerie Guffroy-Calonne sous le pot \u00e0 tabac<\/figcaption><\/figure>\n<\/div>\n\n\n<figure class=\"wp-block-image size-full\"><img loading=\"lazy\" decoding=\"async\" width=\"593\" height=\"45\" src=\"https:\/\/haverskerque.fr\/wp-content\/uploads\/2023\/02\/bandeblanche.jpg\" alt=\"\" class=\"wp-image-381\" srcset=\"https:\/\/www.haverskerque.fr\/wp-content\/uploads\/2023\/02\/bandeblanche.jpg 593w, https:\/\/www.haverskerque.fr\/wp-content\/uploads\/2023\/02\/bandeblanche-300x23.jpg 300w\" sizes=\"auto, (max-width: 593px) 100vw, 593px\" \/><\/figure>\n\n\n\n<p>Vocabulaire : Par le mot panne ou panneresse, on d\u00e9signe la tuile, par le mot pannerie, le lieu de fabrication des tuiles, la tuilerie. Le fabricant de pannes ou panneresses est le panneressier ou tuilier.<\/p>\n\n\n\n<p>Pas \u00e9tonnant que dans notre village d\u2019Haverskerque aux terres argileuses, une pannerie ait \u00e9lu domicile \u00e0 la fin du XIXe si\u00e8cle.<\/p>\n\n\n\n<p>En effet, pour fabriquer des pannes de terre cuite, la m\u00e2ti\u00e8re de base est l\u2019argile : le sol de notre village situ\u00e9 sur le socle Ypr\u00e9sien est presque enti\u00e8rement recouvert de limons donnant la fameuse argile des Flandres. Bien qu\u2019il n\u2019y ait plus trace de carri\u00e8res, l\u2019argile a bien \u00e9t\u00e9 exploit\u00e9e dans le village sur plusieurs sites : pannerie Guffroy-Calonne mais aussi briquetterie du hameau du Sart, juste \u00e0 la sortie du village. N\u2019oublions pas que la brique et la tuile \u00e9taient et sont encore les mat\u00e9riaux de construction les plus utilis\u00e9s dans le Nord de la France.<br>Extraite dans des carri\u00e8res \u00e0 ciel ouvert, l\u2019argile est concass\u00e9e, malax\u00e9e, pass\u00e9e au crible puis additionn\u00e9e d\u2019eau pour obtenir une p\u00e2te homog\u00e8ne : la maison Guffroy-Calonne se trouvait \u00e0 quelques centaines de m\u00e8tres de la Lys Rivi\u00e8re et \u00e0 proximit\u00e9 de l\u2019un de ses courants d\u2019eau le Moyen Treille<br>La p\u00e2te est alors coul\u00e9e dans des moules en bois et mise \u00e0 s\u00e9cher dans des fours \u00e0 tuiles gourmands en bois de chauffage : la ressource en bois est toute proche avec la for\u00eat de Nieppe.<\/p>\n\n\n\n<p>Avis : Si par hasard, vous disposez de t\u00e9moignages suppl\u00e9mentaires sur la pannerie Guffroy-Calonne, n\u2019h\u00e9sitez pas \u00e0 nous contacter.<\/p>\n","protected":false},"excerpt":{"rendered":"<p>| En l\u2019an 1896, \u00e0 Haverskerque, sur la Nationale 16 (RD916 aujourd\u2019hui) la maison Guffroy-Calonne fabriquait des \u00ab\u00a0pannes,\u00a0\u00bb des carrelages, des objets utilitaires\u2026 | La marque de fabrique | Carrelages en terre cuite et assiettes verniss\u00e9es (Collection Andr\u00e9 Bourdon, agriculteur haverskerquois) | Superbe et tr\u00e8s rare pot \u00e0 tabac en c\u00e9ramique verniss\u00e9e r\u00e9f\u00e9renc\u00e9 \u00e0 l\u2019annuaire du commerce Didot-Bottin \u00e9dition 1916-1917 (Hauteur : 25cm, Diam\u00e8tre : 18cm) Vocabulaire : Par le mot panne ou panneresse, on d\u00e9signe la tuile, par le mot pannerie, le lieu de fabrication des tuiles, la tuilerie. Le fabricant de pannes ou panneresses est le panneressier ou tuilier. Pas \u00e9tonnant que dans notre village d\u2019Haverskerque aux terres argileuses, une pannerie ait \u00e9lu domicile \u00e0 la fin du XIXe si\u00e8cle. En effet, pour fabriquer des pannes de terre cuite, la m\u00e2ti\u00e8re de base est l\u2019argile : le sol de notre village situ\u00e9 sur le socle Ypr\u00e9sien est presque enti\u00e8rement recouvert de limons donnant la fameuse argile des Flandres. Bien qu\u2019il n\u2019y ait plus trace de carri\u00e8res, l\u2019argile a bien \u00e9t\u00e9 exploit\u00e9e dans le village sur plusieurs sites : pannerie Guffroy-Calonne mais aussi briquetterie du hameau du Sart, juste \u00e0 la sortie du village. N\u2019oublions pas que la brique et la tuile \u00e9taient et sont encore les mat\u00e9riaux de construction les plus utilis\u00e9s dans le Nord de la France.Extraite dans des carri\u00e8res \u00e0 ciel ouvert, l\u2019argile est concass\u00e9e, malax\u00e9e, pass\u00e9e au crible puis additionn\u00e9e d\u2019eau pour obtenir une p\u00e2te homog\u00e8ne : la maison Guffroy-Calonne se trouvait \u00e0 quelques centaines de m\u00e8tres de la Lys Rivi\u00e8re et \u00e0 proximit\u00e9 de l\u2019un de ses courants d\u2019eau le Moyen TreilleLa p\u00e2te est alors coul\u00e9e dans des moules en bois et mise \u00e0 s\u00e9cher dans des fours \u00e0 tuiles gourmands en bois de chauffage : la ressource en bois est toute proche avec la for\u00eat de Nieppe. Avis : Si par hasard, vous disposez de t\u00e9moignages suppl\u00e9mentaires sur la pannerie Guffroy-Calonne, n\u2019h\u00e9sitez pas \u00e0 nous contacter.<\/p>\n","protected":false},"author":1,"featured_media":0,"parent":0,"menu_order":0,"comment_status":"closed","ping_status":"closed","template":"","meta":{"cybocfi_hide_featured_image":"","footnotes":""},"class_list":["post-1091","page","type-page","status-publish","hentry"],"yoast_head":"<!-- This site is optimized with the Yoast SEO plugin v27.3 - https:\/\/yoast.com\/product\/yoast-seo-wordpress\/ -->\n<title>Pannerie Guffroy-Calonne * Haverskerque, 100% Nature !*<\/title>\n<meta name=\"robots\" content=\"index, follow, max-snippet:-1, max-image-preview:large, max-video-preview:-1\" \/>\n<link rel=\"canonical\" href=\"https:\/\/www.haverskerque.fr\/index.php\/pannerie-guffroy-calonne\/\" \/>\n<meta property=\"og:locale\" content=\"fr_FR\" \/>\n<meta property=\"og:type\" content=\"article\" \/>\n<meta property=\"og:title\" content=\"Pannerie Guffroy-Calonne * Haverskerque, 100% Nature !*\" \/>\n<meta property=\"og:description\" content=\"| En l\u2019an 1896, \u00e0 Haverskerque, sur la Nationale 16 (RD916 aujourd\u2019hui) la maison Guffroy-Calonne fabriquait des \u00ab\u00a0pannes,\u00a0\u00bb des carrelages, des objets utilitaires\u2026 | La marque de fabrique | Carrelages en terre cuite et assiettes verniss\u00e9es (Collection Andr\u00e9 Bourdon, agriculteur haverskerquois) | Superbe et tr\u00e8s rare pot \u00e0 tabac en c\u00e9ramique verniss\u00e9e r\u00e9f\u00e9renc\u00e9 \u00e0 l\u2019annuaire du commerce Didot-Bottin \u00e9dition 1916-1917 (Hauteur : 25cm, Diam\u00e8tre : 18cm) Vocabulaire : Par le mot panne ou panneresse, on d\u00e9signe la tuile, par le mot pannerie, le lieu de fabrication des tuiles, la tuilerie. Le fabricant de pannes ou panneresses est le panneressier ou tuilier. Pas \u00e9tonnant que dans notre village d\u2019Haverskerque aux terres argileuses, une pannerie ait \u00e9lu domicile \u00e0 la fin du XIXe si\u00e8cle. En effet, pour fabriquer des pannes de terre cuite, la m\u00e2ti\u00e8re de base est l\u2019argile : le sol de notre village situ\u00e9 sur le socle Ypr\u00e9sien est presque enti\u00e8rement recouvert de limons donnant la fameuse argile des Flandres. Bien qu\u2019il n\u2019y ait plus trace de carri\u00e8res, l\u2019argile a bien \u00e9t\u00e9 exploit\u00e9e dans le village sur plusieurs sites : pannerie Guffroy-Calonne mais aussi briquetterie du hameau du Sart, juste \u00e0 la sortie du village. N\u2019oublions pas que la brique et la tuile \u00e9taient et sont encore les mat\u00e9riaux de construction les plus utilis\u00e9s dans le Nord de la France.Extraite dans des carri\u00e8res \u00e0 ciel ouvert, l\u2019argile est concass\u00e9e, malax\u00e9e, pass\u00e9e au crible puis additionn\u00e9e d\u2019eau pour obtenir une p\u00e2te homog\u00e8ne : la maison Guffroy-Calonne se trouvait \u00e0 quelques centaines de m\u00e8tres de la Lys Rivi\u00e8re et \u00e0 proximit\u00e9 de l\u2019un de ses courants d\u2019eau le Moyen TreilleLa p\u00e2te est alors coul\u00e9e dans des moules en bois et mise \u00e0 s\u00e9cher dans des fours \u00e0 tuiles gourmands en bois de chauffage : la ressource en bois est toute proche avec la for\u00eat de Nieppe. Avis : Si par hasard, vous disposez de t\u00e9moignages suppl\u00e9mentaires sur la pannerie Guffroy-Calonne, n\u2019h\u00e9sitez pas \u00e0 nous contacter.\" \/>\n<meta property=\"og:url\" content=\"https:\/\/www.haverskerque.fr\/index.php\/pannerie-guffroy-calonne\/\" \/>\n<meta property=\"og:site_name\" content=\"Haverskerque, 100% Nature !*\" \/>\n<meta property=\"article:publisher\" content=\"https:\/\/www.facebook.com\/communehaverskerque\" \/>\n<meta property=\"article:modified_time\" content=\"2024-06-06T12:17:49+00:00\" \/>\n<meta property=\"og:image\" content=\"https:\/\/haverskerque.fr\/wp-content\/uploads\/2023\/02\/bandeblanche.jpg\" \/>\n<meta name=\"twitter:card\" content=\"summary_large_image\" \/>\n<meta name=\"twitter:label1\" content=\"Dur\u00e9e de lecture estim\u00e9e\" \/>\n\t<meta name=\"twitter:data1\" content=\"5 minutes\" \/>\n<script type=\"application\/ld+json\" class=\"yoast-schema-graph\">{\"@context\":\"https:\\\/\\\/schema.org\",\"@graph\":[{\"@type\":\"WebPage\",\"@id\":\"https:\\\/\\\/www.haverskerque.fr\\\/index.php\\\/pannerie-guffroy-calonne\\\/\",\"url\":\"https:\\\/\\\/www.haverskerque.fr\\\/index.php\\\/pannerie-guffroy-calonne\\\/\",\"name\":\"Pannerie Guffroy-Calonne * Haverskerque, 100% Nature !*\",\"isPartOf\":{\"@id\":\"https:\\\/\\\/haverskerque.fr\\\/#website\"},\"primaryImageOfPage\":{\"@id\":\"https:\\\/\\\/www.haverskerque.fr\\\/index.php\\\/pannerie-guffroy-calonne\\\/#primaryimage\"},\"image\":{\"@id\":\"https:\\\/\\\/www.haverskerque.fr\\\/index.php\\\/pannerie-guffroy-calonne\\\/#primaryimage\"},\"thumbnailUrl\":\"https:\\\/\\\/haverskerque.fr\\\/wp-content\\\/uploads\\\/2023\\\/02\\\/bandeblanche.jpg\",\"datePublished\":\"2023-06-28T09:41:22+00:00\",\"dateModified\":\"2024-06-06T12:17:49+00:00\",\"breadcrumb\":{\"@id\":\"https:\\\/\\\/www.haverskerque.fr\\\/index.php\\\/pannerie-guffroy-calonne\\\/#breadcrumb\"},\"inLanguage\":\"fr-FR\",\"potentialAction\":[{\"@type\":\"ReadAction\",\"target\":[\"https:\\\/\\\/www.haverskerque.fr\\\/index.php\\\/pannerie-guffroy-calonne\\\/\"]}]},{\"@type\":\"ImageObject\",\"inLanguage\":\"fr-FR\",\"@id\":\"https:\\\/\\\/www.haverskerque.fr\\\/index.php\\\/pannerie-guffroy-calonne\\\/#primaryimage\",\"url\":\"https:\\\/\\\/haverskerque.fr\\\/wp-content\\\/uploads\\\/2023\\\/02\\\/bandeblanche.jpg\",\"contentUrl\":\"https:\\\/\\\/haverskerque.fr\\\/wp-content\\\/uploads\\\/2023\\\/02\\\/bandeblanche.jpg\"},{\"@type\":\"BreadcrumbList\",\"@id\":\"https:\\\/\\\/www.haverskerque.fr\\\/index.php\\\/pannerie-guffroy-calonne\\\/#breadcrumb\",\"itemListElement\":[{\"@type\":\"ListItem\",\"position\":1,\"name\":\"Accueil\",\"item\":\"https:\\\/\\\/www.haverskerque.fr\\\/\"},{\"@type\":\"ListItem\",\"position\":2,\"name\":\"Pannerie Guffroy-Calonne\"}]},{\"@type\":\"WebSite\",\"@id\":\"https:\\\/\\\/haverskerque.fr\\\/#website\",\"url\":\"https:\\\/\\\/haverskerque.fr\\\/\",\"name\":\"Haverskerque\",\"description\":\"Haverskerque, 100% Nature !\",\"publisher\":{\"@id\":\"https:\\\/\\\/haverskerque.fr\\\/#organization\"},\"alternateName\":\"Haverskerque\",\"potentialAction\":[{\"@type\":\"SearchAction\",\"target\":{\"@type\":\"EntryPoint\",\"urlTemplate\":\"https:\\\/\\\/haverskerque.fr\\\/?s={search_term_string}\"},\"query-input\":{\"@type\":\"PropertyValueSpecification\",\"valueRequired\":true,\"valueName\":\"search_term_string\"}}],\"inLanguage\":\"fr-FR\"},{\"@type\":\"Organization\",\"@id\":\"https:\\\/\\\/haverskerque.fr\\\/#organization\",\"name\":\"Commune d'Haverskerque\",\"alternateName\":\"Commune d'Haverskerque\",\"url\":\"https:\\\/\\\/haverskerque.fr\\\/\",\"logo\":{\"@type\":\"ImageObject\",\"inLanguage\":\"fr-FR\",\"@id\":\"https:\\\/\\\/haverskerque.fr\\\/#\\\/schema\\\/logo\\\/image\\\/\",\"url\":\"https:\\\/\\\/haverskerque.fr\\\/wp-content\\\/uploads\\\/2024\\\/01\\\/siteon0-e5814-1.png\",\"contentUrl\":\"https:\\\/\\\/haverskerque.fr\\\/wp-content\\\/uploads\\\/2024\\\/01\\\/siteon0-e5814-1.png\",\"width\":236,\"height\":102,\"caption\":\"Commune d'Haverskerque\"},\"image\":{\"@id\":\"https:\\\/\\\/haverskerque.fr\\\/#\\\/schema\\\/logo\\\/image\\\/\"},\"sameAs\":[\"https:\\\/\\\/www.facebook.com\\\/communehaverskerque\",\"https:\\\/\\\/www.instagram.com\\\/communehaverskerque\\\/\"]}]}<\/script>\n<!-- \/ Yoast SEO plugin. -->","yoast_head_json":{"title":"Pannerie Guffroy-Calonne * Haverskerque, 100% Nature !*","robots":{"index":"index","follow":"follow","max-snippet":"max-snippet:-1","max-image-preview":"max-image-preview:large","max-video-preview":"max-video-preview:-1"},"canonical":"https:\/\/www.haverskerque.fr\/index.php\/pannerie-guffroy-calonne\/","og_locale":"fr_FR","og_type":"article","og_title":"Pannerie Guffroy-Calonne * Haverskerque, 100% Nature !*","og_description":"| En l\u2019an 1896, \u00e0 Haverskerque, sur la Nationale 16 (RD916 aujourd\u2019hui) la maison Guffroy-Calonne fabriquait des \u00ab\u00a0pannes,\u00a0\u00bb des carrelages, des objets utilitaires\u2026 | La marque de fabrique | Carrelages en terre cuite et assiettes verniss\u00e9es (Collection Andr\u00e9 Bourdon, agriculteur haverskerquois) | Superbe et tr\u00e8s rare pot \u00e0 tabac en c\u00e9ramique verniss\u00e9e r\u00e9f\u00e9renc\u00e9 \u00e0 l\u2019annuaire du commerce Didot-Bottin \u00e9dition 1916-1917 (Hauteur : 25cm, Diam\u00e8tre : 18cm) Vocabulaire : Par le mot panne ou panneresse, on d\u00e9signe la tuile, par le mot pannerie, le lieu de fabrication des tuiles, la tuilerie. Le fabricant de pannes ou panneresses est le panneressier ou tuilier. Pas \u00e9tonnant que dans notre village d\u2019Haverskerque aux terres argileuses, une pannerie ait \u00e9lu domicile \u00e0 la fin du XIXe si\u00e8cle. En effet, pour fabriquer des pannes de terre cuite, la m\u00e2ti\u00e8re de base est l\u2019argile : le sol de notre village situ\u00e9 sur le socle Ypr\u00e9sien est presque enti\u00e8rement recouvert de limons donnant la fameuse argile des Flandres. Bien qu\u2019il n\u2019y ait plus trace de carri\u00e8res, l\u2019argile a bien \u00e9t\u00e9 exploit\u00e9e dans le village sur plusieurs sites : pannerie Guffroy-Calonne mais aussi briquetterie du hameau du Sart, juste \u00e0 la sortie du village. N\u2019oublions pas que la brique et la tuile \u00e9taient et sont encore les mat\u00e9riaux de construction les plus utilis\u00e9s dans le Nord de la France.Extraite dans des carri\u00e8res \u00e0 ciel ouvert, l\u2019argile est concass\u00e9e, malax\u00e9e, pass\u00e9e au crible puis additionn\u00e9e d\u2019eau pour obtenir une p\u00e2te homog\u00e8ne : la maison Guffroy-Calonne se trouvait \u00e0 quelques centaines de m\u00e8tres de la Lys Rivi\u00e8re et \u00e0 proximit\u00e9 de l\u2019un de ses courants d\u2019eau le Moyen TreilleLa p\u00e2te est alors coul\u00e9e dans des moules en bois et mise \u00e0 s\u00e9cher dans des fours \u00e0 tuiles gourmands en bois de chauffage : la ressource en bois est toute proche avec la for\u00eat de Nieppe. Avis : Si par hasard, vous disposez de t\u00e9moignages suppl\u00e9mentaires sur la pannerie Guffroy-Calonne, n\u2019h\u00e9sitez pas \u00e0 nous contacter.","og_url":"https:\/\/www.haverskerque.fr\/index.php\/pannerie-guffroy-calonne\/","og_site_name":"Haverskerque, 100% Nature !*","article_publisher":"https:\/\/www.facebook.com\/communehaverskerque","article_modified_time":"2024-06-06T12:17:49+00:00","og_image":[{"url":"https:\/\/haverskerque.fr\/wp-content\/uploads\/2023\/02\/bandeblanche.jpg","type":"","width":"","height":""}],"twitter_card":"summary_large_image","twitter_misc":{"Dur\u00e9e de lecture estim\u00e9e":"5 minutes"},"schema":{"@context":"https:\/\/schema.org","@graph":[{"@type":"WebPage","@id":"https:\/\/www.haverskerque.fr\/index.php\/pannerie-guffroy-calonne\/","url":"https:\/\/www.haverskerque.fr\/index.php\/pannerie-guffroy-calonne\/","name":"Pannerie Guffroy-Calonne * Haverskerque, 100% Nature !*","isPartOf":{"@id":"https:\/\/haverskerque.fr\/#website"},"primaryImageOfPage":{"@id":"https:\/\/www.haverskerque.fr\/index.php\/pannerie-guffroy-calonne\/#primaryimage"},"image":{"@id":"https:\/\/www.haverskerque.fr\/index.php\/pannerie-guffroy-calonne\/#primaryimage"},"thumbnailUrl":"https:\/\/haverskerque.fr\/wp-content\/uploads\/2023\/02\/bandeblanche.jpg","datePublished":"2023-06-28T09:41:22+00:00","dateModified":"2024-06-06T12:17:49+00:00","breadcrumb":{"@id":"https:\/\/www.haverskerque.fr\/index.php\/pannerie-guffroy-calonne\/#breadcrumb"},"inLanguage":"fr-FR","potentialAction":[{"@type":"ReadAction","target":["https:\/\/www.haverskerque.fr\/index.php\/pannerie-guffroy-calonne\/"]}]},{"@type":"ImageObject","inLanguage":"fr-FR","@id":"https:\/\/www.haverskerque.fr\/index.php\/pannerie-guffroy-calonne\/#primaryimage","url":"https:\/\/haverskerque.fr\/wp-content\/uploads\/2023\/02\/bandeblanche.jpg","contentUrl":"https:\/\/haverskerque.fr\/wp-content\/uploads\/2023\/02\/bandeblanche.jpg"},{"@type":"BreadcrumbList","@id":"https:\/\/www.haverskerque.fr\/index.php\/pannerie-guffroy-calonne\/#breadcrumb","itemListElement":[{"@type":"ListItem","position":1,"name":"Accueil","item":"https:\/\/www.haverskerque.fr\/"},{"@type":"ListItem","position":2,"name":"Pannerie Guffroy-Calonne"}]},{"@type":"WebSite","@id":"https:\/\/haverskerque.fr\/#website","url":"https:\/\/haverskerque.fr\/","name":"Haverskerque","description":"Haverskerque, 100% Nature !","publisher":{"@id":"https:\/\/haverskerque.fr\/#organization"},"alternateName":"Haverskerque","potentialAction":[{"@type":"SearchAction","target":{"@type":"EntryPoint","urlTemplate":"https:\/\/haverskerque.fr\/?s={search_term_string}"},"query-input":{"@type":"PropertyValueSpecification","valueRequired":true,"valueName":"search_term_string"}}],"inLanguage":"fr-FR"},{"@type":"Organization","@id":"https:\/\/haverskerque.fr\/#organization","name":"Commune d'Haverskerque","alternateName":"Commune d'Haverskerque","url":"https:\/\/haverskerque.fr\/","logo":{"@type":"ImageObject","inLanguage":"fr-FR","@id":"https:\/\/haverskerque.fr\/#\/schema\/logo\/image\/","url":"https:\/\/haverskerque.fr\/wp-content\/uploads\/2024\/01\/siteon0-e5814-1.png","contentUrl":"https:\/\/haverskerque.fr\/wp-content\/uploads\/2024\/01\/siteon0-e5814-1.png","width":236,"height":102,"caption":"Commune d'Haverskerque"},"image":{"@id":"https:\/\/haverskerque.fr\/#\/schema\/logo\/image\/"},"sameAs":["https:\/\/www.facebook.com\/communehaverskerque","https:\/\/www.instagram.com\/communehaverskerque\/"]}]}},"_links":{"self":[{"href":"https:\/\/www.haverskerque.fr\/index.php\/wp-json\/wp\/v2\/pages\/1091","targetHints":{"allow":["GET"]}}],"collection":[{"href":"https:\/\/www.haverskerque.fr\/index.php\/wp-json\/wp\/v2\/pages"}],"about":[{"href":"https:\/\/www.haverskerque.fr\/index.php\/wp-json\/wp\/v2\/types\/page"}],"author":[{"embeddable":true,"href":"https:\/\/www.haverskerque.fr\/index.php\/wp-json\/wp\/v2\/users\/1"}],"replies":[{"embeddable":true,"href":"https:\/\/www.haverskerque.fr\/index.php\/wp-json\/wp\/v2\/comments?post=1091"}],"version-history":[{"count":6,"href":"https:\/\/www.haverskerque.fr\/index.php\/wp-json\/wp\/v2\/pages\/1091\/revisions"}],"predecessor-version":[{"id":8064,"href":"https:\/\/www.haverskerque.fr\/index.php\/wp-json\/wp\/v2\/pages\/1091\/revisions\/8064"}],"wp:attachment":[{"href":"https:\/\/www.haverskerque.fr\/index.php\/wp-json\/wp\/v2\/media?parent=1091"}],"curies":[{"name":"wp","href":"https:\/\/api.w.org\/{rel}","templated":true}]}}